{"id":641,"date":"2012-10-02T08:29:24","date_gmt":"2012-10-02T08:29:24","guid":{"rendered":"http:\/\/www.belgioioso.it\/vintage\/?page_id=641"},"modified":"2016-11-30T09:28:36","modified_gmt":"2016-11-30T09:28:36","slug":"american-dream","status":"publish","type":"page","link":"https:\/\/www.belgioioso.it\/vintage\/archivio-mostre-collaterali\/american-dream\/","title":{"rendered":"American Dream"},"content":{"rendered":"<p style=\"text-align: center;\"><img decoding=\"async\" class=\"wp-image-665 aligncenter\" style=\"border: 0px none;\" title=\"Rauschenberg - Airport, Room Service (cravatta blu)\" src=\"http:\/\/www.belgioioso.it\/vintage\/files\/2012\/10\/Rauschenberg-Airport-Room-Service1.jpg\" alt=\"\" width=\"358\" height=\"321\" srcset=\"https:\/\/www.belgioioso.it\/vintage\/files\/2012\/10\/Rauschenberg-Airport-Room-Service1-300x268.jpg 300w, https:\/\/www.belgioioso.it\/vintage\/files\/2012\/10\/Rauschenberg-Airport-Room-Service1-480x429.jpg 480w, https:\/\/www.belgioioso.it\/vintage\/files\/2012\/10\/Rauschenberg-Airport-Room-Service1.jpg 670w\" sizes=\"(max-width: 358px) 100vw, 358px\" \/><em>Robert Rauschenberg &#8211; Airport, Room Service, rilievo e intaglio su tessuto con cravatta<\/em><\/p>\n<p style=\"text-align: left;\">In <strong>anteprima<\/strong> al Castello di Belgioioso alcune opere della mostra <strong>\u201cAmerican Dream\u201d<\/strong><strong> <\/strong>che si terr\u00e0 dal 29 ottobre al 16 marzo alla <a href=\"http:\/\/www.agnelliniartemoderna.it\/\" target=\"_blank\">Galleria Agnellini<\/a> di Brescia.<\/p>\n<blockquote><p><span style=\"color: #333333;\">&#8220;L&#8217;anteprima ci mostra, in un parallelo tra le mitiche moto <strong>Harley Davidson<\/strong> e <strong>Indian<\/strong>, e le opere di artisti come <strong>Warhol,<\/strong> <strong>Rauschenberg<\/strong>, <strong>Sam Francis,<\/strong> <strong>Robert<\/strong> <strong>Indiana<\/strong>&#8230;. il rapporto sottile che esiste tra l&#8217;industria e l&#8217;arte in quegli anni di totale euforia&#8221;<\/span><\/p><\/blockquote>\n<p>L&#8217;America del dopoguerra ha prodotto un modello di societ\u00e0 che negli anni a seguire si \u00e8 imposto al mondo. Dal 1945 al 1960 l&#8217;egemonia politica, economica e culturale degli Stati Uniti si \u00e8 costruita sull&#8217;estromissione dell&#8217;Europa indebolita dalla guerra. Questo periodo consacra l&#8217;idea di progresso e di avanzata tecnologica al rango di dogma che si applica tanto all&#8217;industria quanto all&#8217;economia e alla cultura.<img decoding=\"async\" class=\"alignright size-full wp-image-694\" style=\"border: 0pt none;\" title=\"Andy-Wharol-Velvet-Underground-piccola\" src=\"http:\/\/www.belgioioso.it\/vintage\/files\/2012\/10\/Andy-Wharol-Velvet-Underground-piccola1.jpg\" alt=\"\" width=\"180\" height=\"347\" srcset=\"https:\/\/www.belgioioso.it\/vintage\/files\/2012\/10\/Andy-Wharol-Velvet-Underground-piccola1-155x300.jpg 155w, https:\/\/www.belgioioso.it\/vintage\/files\/2012\/10\/Andy-Wharol-Velvet-Underground-piccola1.jpg 180w\" sizes=\"(max-width: 180px) 100vw, 180px\" \/><br \/>\nL&#8217;esposizione, attraverso opere significative di artisti espressionisti o pop che animarono la scena americana degli anni &#8217;60, illustra lo spirito di entusiasmo e di libert\u00e0 che s&#8217;impose nel paese in quegli anni in cui l&#8217;arte, l&#8217;industria e l&#8217;economia parteciparono a uno slancio creativo che sconvolse le abitudini di vita. La meccanizzazione produceva gi\u00e0 da lungo tempo oggetti di desiderio che l&#8217;arte, grazie alla Pop art, trasform\u00f2 in icone moderne, rappresentazioni spesso moltiplicate di simboli di una civilt\u00e0 potente e dominatrice. Gli Stati Uniti, in uno stesso slancio, seppero altrettanto bene esportare il loro modello di societ\u00e0 e imporre un&#8217;arte che ne era il principale sostegno<\/p>\n<p>Il <strong>mito americano<\/strong> si \u00e8 costruito sulla produzione di oggetti che hanno cambiato la quotidianit\u00e0 degli individui apportando profonde modificazioni nella vita di ognuno. La meccanizzazione ha trasformato le realt\u00e0 pi\u00f9 comuni, radicandosi profondamente in una prassi che penetra e trasforma l&#8217;animo umano. La velocit\u00e0 d&#8217;esecuzione dei compiti \u00e8 divenuta uno standard illustrato dallo sviluppo dell&#8217;elettrodomestico, dell&#8217;automobile e molto altro. Questi oggetti tanto ambiti, la cui realizzazione arriva a livelli di precisione e di eleganza, raggiungono il Pantheon di una mitologia contemporanea al pari delle opere d&#8217;arte. Moto, automobili, aerei sono le <em>\u00absculture\u00bb<\/em> dei tempi moderni, ideali di perfezione, oggetti di desiderio, magnifici nella loro struttura e nella loro concezione.<\/p>\n<p>Insieme alle automobili nascono le prime moto. Le Indian s&#8217;imposero per prime, nel 1899. In mostra alcuni <strong>modeli del 1922, 1928, 1935<\/strong>&#8230; illustrano l\u2019innovazione di moto diventate leggende e che restano tra gli oggetti mitici di quest\u2019epoca in cui l&#8217;invenzione impone i propri sogni. L&#8217;aspetto trionfante dell&#8217;<em>America che vince<\/em> \u00e8 illustrato dall&#8217;epopea Harley Davidson. La marca Harley, adottata da attori di culto come Marlon Brando, \u00e8 un simbolo degli Stati Uniti: Harley Davidson, del resto, \u00e8 tra le dieci marche americane pi\u00f9 conosciute al mondo insieme a Coca-Cola e Disney. La mostra propone <strong>moto del 1922, 1928, 1935, 1941<\/strong>&#8230; <strong>fino al 1970<\/strong>.<\/p>\n<p><img decoding=\"async\" class=\"size-full wp-image-680 alignleft\" style=\"border: 0px none;\" title=\"easyrider-splsh\" src=\"http:\/\/www.belgioioso.it\/vintage\/files\/2012\/10\/easyrider-splsh.jpg\" alt=\"\" width=\"500\" height=\"250\" srcset=\"https:\/\/www.belgioioso.it\/vintage\/files\/2012\/10\/easyrider-splsh-300x150.jpg 300w, https:\/\/www.belgioioso.it\/vintage\/files\/2012\/10\/easyrider-splsh-480x240.jpg 480w, https:\/\/www.belgioioso.it\/vintage\/files\/2012\/10\/easyrider-splsh.jpg 500w\" sizes=\"(max-width: 500px) 100vw, 500px\" \/><\/p>\n<p style=\"text-align: left;\">La storia delle Harley appartiene alla leggenda americana che raggiunge il suo apogeo negli anni &#8217;60 con un film come <strong><em>Easy Rider<\/em><\/strong>, realizzato da Dennis Hopper nel 1969.<br \/>\nIl film \u00e8 nel repertorio del National Film Registry dal 1998, per il suo apporto significativo al cinema americano e alla cultura americana. Simbolo della giovent\u00f9 e del rifiuto dei pregiudizi, Dennis Hopper incarna un cinema libertario, al limite della rottura. Con <em>Easy Rider<\/em>, road movie nichilista e metafisico dalla colonna sonora esplosiva, si crea un nuovo ordine del mondo nel quale gli artisti riconquistano il reale.<\/p>\n<p>Questo spririto definisce perfettamente la generazione americana del dopoguerra il cui atteggiamento disinvolto, sperimentale e conquistatore trova la sua rappresentazione nel mondo dell&#8217;arte che si apre a tutte le possibilit\u00e0. La ridefinizione dell&#8217;arte, integrando la provocazione come mezzo d&#8217;azione, cos\u00ec come l&#8217;ironia e la libert\u00e0, elementi che appartengono anche al comportamento dada \u00a0al quale si riferiscono artisti come Rauschenberg, s&#8217;impone in un mondo che si reinventa. L&#8217;espressionismo astratto- rappresentato nell&#8217;esposizione da <strong>Franz Kline<\/strong>, <strong>Mark Tobey<\/strong>, <strong>Sam Francis<\/strong>, il cui lavoro oscilla tra astrazione e figurazione &#8211; rivendica questa libert\u00e0 e inventa nuove tecniche, mescolando influenze diverse come il surrealismo (subconscio, scrittura automatica, <em>dripping<\/em>), l&#8217;astrazione di Wassily Kandinsky e di Arshile Gorky e l&#8217;insegnamento di Hans Hofmann. In mostra opere di questi artisti magiori dell\u2019astrazione americana del dopo guerra che rimangono legati all&#8217;influenza europea pur rivendicando una propria storia.<\/p>\n<p>La pop art rimette fondamentalmente in questione i criteri che fino ad allora avevano caratterizzato \u00abl&#8217;opera d&#8217;arte\u00bb, inducendo una riflessione sull&#8217;oggetto artistico e ponendolo in una dialettica sociologica, desacralizzando l&#8217;immagine dipinta o la scultura per conferir loro una dimensione di oggetto comunicante (allo stesso titolo della pubblicit\u00e0), o banalizzandole proiettandole nella sfera dell&#8217;oggetto industriale multiplo proprio al consumo di massa. Pi\u00f9 che da uno stile, l\u2019arte pop discende da uno stato d\u2019animo che consiste nel rendere conto della realt\u00e0 della societ\u00e0 moderna, mediatizzata, basata sul messaggio istantaneo che s&#8217;impone come riferimento assoluto. In quanto l\u2019opera diventa multipla, sembra ormai entrare nella logica di una modernit\u00e0 contestata in modo cinico da una artista come <strong>Andy Wharol<\/strong> (presente in mostra), illustrata in modo \u201cumanista\u201d da <strong>Robert Indiana<\/strong> che moltiplica i messaggi d&#8217;amore e di pace ovunque nel mondo.<\/p>\n<p><img decoding=\"async\" class=\"size-full wp-image-652 aligncenter\" title=\"Andy Warhol - Shoes \" src=\"http:\/\/www.belgioioso.it\/vintage\/files\/2012\/09\/shoes.jpg\" alt=\"\" width=\"600\" height=\"403\" srcset=\"https:\/\/www.belgioioso.it\/vintage\/files\/2012\/09\/shoes-300x201.jpg 300w, https:\/\/www.belgioioso.it\/vintage\/files\/2012\/09\/shoes-480x322.jpg 480w, https:\/\/www.belgioioso.it\/vintage\/files\/2012\/09\/shoes.jpg 600w\" sizes=\"(max-width: 600px) 100vw, 600px\" \/><\/p>\n<p style=\"text-align: center;\"><em>Andy Warhol &#8211; Shoes, Serigrafia e polvere diamantata su carta<\/em><\/p>\n<blockquote><p><span style=\"color: #000000;\"><span style=\"color: #333333;\">&#8220;Tra <strong>moda e arte<\/strong> vi \u00e8 sempre stata una sorta <strong>attrazione fatale<\/strong>, entrambi stimolatori di un modo di essere, corporale ed emotivo, quanto intellettuale e visuale, si intrecciano inevitabilmente, la moda attratta da una creativit\u00e0 artistica proiettata sempre verso il nuovo e l&#8217;arte interessata alla diffusione mediatica e di massa che il linguaggio della &#8220;seconda pelle&#8221;, il vestito, si porta con s\u00e8 ed \u00e8 comprensibile in senso globale&#8221;<\/span><strong><br \/>\nGermano Celant<\/strong><\/span><\/p><\/blockquote>\n<p><img decoding=\"async\" class=\"size-full wp-image-741 alignleft\" style=\"border: 0px none;\" title=\"strip\" src=\"http:\/\/www.belgioioso.it\/vintage\/files\/2012\/10\/strip.png\" alt=\"\" width=\"550\" height=\"86\" srcset=\"https:\/\/www.belgioioso.it\/vintage\/files\/2012\/10\/strip-300x46.png 300w, https:\/\/www.belgioioso.it\/vintage\/files\/2012\/10\/strip-480x75.png 480w, https:\/\/www.belgioioso.it\/vintage\/files\/2012\/10\/strip.png 550w\" sizes=\"(max-width: 550px) 100vw, 550px\" \/><\/p>\n","protected":false},"excerpt":{"rendered":"<p>Robert Rauschenberg &#8211; Airport, Room Service, rilievo e intaglio su tessuto con cravatta In anteprima al Castello di Belgioioso alcune opere della mostra \u201cAmerican Dream\u201d che si terr\u00e0 dal 29 ottobre al 16 marzo alla Galleria Agnellini di Brescia. &#8220;L&#8217;anteprima ci mostra, in un parallelo tra le mitiche moto Harley Davidson e Indian, e le  [&#8230;]<\/p>\n","protected":false},"author":1,"featured_media":0,"parent":1384,"menu_order":0,"comment_status":"closed","ping_status":"closed","template":"","meta":{"footnotes":""},"class_list":["post-641","page","type-page","status-publish","hentry"],"yoast_head":"<!-- This site is optimized with the Yoast SEO plugin v26.8 - https:\/\/yoast.com\/product\/yoast-seo-wordpress\/ -->\n<title>American Dream &#8226; Next Vintage<\/title>\n<meta name=\"robots\" content=\"index, follow, max-snippet:-1, max-image-preview:large, max-video-preview:-1\" \/>\n<link rel=\"canonical\" href=\"https:\/\/www.belgioioso.it\/vintage\/archivio-mostre-collaterali\/american-dream\/\" \/>\n<meta property=\"og:locale\" content=\"it_IT\" \/>\n<meta property=\"og:type\" content=\"article\" \/>\n<meta property=\"og:title\" content=\"American Dream &#8226; Next Vintage\" \/>\n<meta property=\"og:description\" content=\"Robert Rauschenberg &#8211; Airport, Room Service, rilievo e intaglio su tessuto con cravatta In anteprima al Castello di Belgioioso alcune opere della mostra \u201cAmerican Dream\u201d che si terr\u00e0 dal 29 ottobre al 16 marzo alla Galleria Agnellini di Brescia. &#8220;L&#8217;anteprima ci mostra, in un parallelo tra le mitiche moto Harley Davidson e Indian, e le [...]\" \/>\n<meta property=\"og:url\" content=\"https:\/\/www.belgioioso.it\/vintage\/archivio-mostre-collaterali\/american-dream\/\" \/>\n<meta property=\"og:site_name\" content=\"Next Vintage\" \/>\n<meta property=\"article:publisher\" content=\"https:\/\/www.facebook.com\/CastellodiBelgioioso\/\" \/>\n<meta property=\"article:modified_time\" content=\"2016-11-30T09:28:36+00:00\" \/>\n<meta property=\"og:image\" content=\"http:\/\/www.belgioioso.it\/vintage\/files\/2012\/10\/Rauschenberg-Airport-Room-Service1.jpg\" \/>\n<meta name=\"twitter:card\" content=\"summary_large_image\" \/>\n<meta name=\"twitter:label1\" content=\"Tempo di lettura stimato\" \/>\n\t<meta name=\"twitter:data1\" content=\"4 minuti\" \/>\n<script type=\"application\/ld+json\" class=\"yoast-schema-graph\">{\"@context\":\"https:\/\/schema.org\",\"@graph\":[{\"@type\":\"WebPage\",\"@id\":\"https:\/\/www.belgioioso.it\/vintage\/archivio-mostre-collaterali\/american-dream\/\",\"url\":\"https:\/\/www.belgioioso.it\/vintage\/archivio-mostre-collaterali\/american-dream\/\",\"name\":\"American Dream &#8226; Next Vintage\",\"isPartOf\":{\"@id\":\"https:\/\/www.belgioioso.it\/vintage\/#website\"},\"primaryImageOfPage\":{\"@id\":\"https:\/\/www.belgioioso.it\/vintage\/archivio-mostre-collaterali\/american-dream\/#primaryimage\"},\"image\":{\"@id\":\"https:\/\/www.belgioioso.it\/vintage\/archivio-mostre-collaterali\/american-dream\/#primaryimage\"},\"thumbnailUrl\":\"http:\/\/www.belgioioso.it\/vintage\/files\/2012\/10\/Rauschenberg-Airport-Room-Service1.jpg\",\"datePublished\":\"2012-10-02T08:29:24+00:00\",\"dateModified\":\"2016-11-30T09:28:36+00:00\",\"breadcrumb\":{\"@id\":\"https:\/\/www.belgioioso.it\/vintage\/archivio-mostre-collaterali\/american-dream\/#breadcrumb\"},\"inLanguage\":\"it-IT\",\"potentialAction\":[{\"@type\":\"ReadAction\",\"target\":[\"https:\/\/www.belgioioso.it\/vintage\/archivio-mostre-collaterali\/american-dream\/\"]}]},{\"@type\":\"ImageObject\",\"inLanguage\":\"it-IT\",\"@id\":\"https:\/\/www.belgioioso.it\/vintage\/archivio-mostre-collaterali\/american-dream\/#primaryimage\",\"url\":\"http:\/\/www.belgioioso.it\/vintage\/files\/2012\/10\/Rauschenberg-Airport-Room-Service1.jpg\",\"contentUrl\":\"http:\/\/www.belgioioso.it\/vintage\/files\/2012\/10\/Rauschenberg-Airport-Room-Service1.jpg\"},{\"@type\":\"BreadcrumbList\",\"@id\":\"https:\/\/www.belgioioso.it\/vintage\/archivio-mostre-collaterali\/american-dream\/#breadcrumb\",\"itemListElement\":[{\"@type\":\"ListItem\",\"position\":1,\"name\":\"Home\",\"item\":\"https:\/\/www.belgioioso.it\/vintage\/\"},{\"@type\":\"ListItem\",\"position\":2,\"name\":\"Le mostre collaterali\",\"item\":\"https:\/\/www.belgioioso.it\/vintage\/archivio-mostre-collaterali\/\"},{\"@type\":\"ListItem\",\"position\":3,\"name\":\"American Dream\"}]},{\"@type\":\"WebSite\",\"@id\":\"https:\/\/www.belgioioso.it\/vintage\/#website\",\"url\":\"https:\/\/www.belgioioso.it\/vintage\/\",\"name\":\"Next Vintage\",\"description\":\"Moda &amp; Accessori d&#039;epoca\",\"potentialAction\":[{\"@type\":\"SearchAction\",\"target\":{\"@type\":\"EntryPoint\",\"urlTemplate\":\"https:\/\/www.belgioioso.it\/vintage\/?s={search_term_string}\"},\"query-input\":{\"@type\":\"PropertyValueSpecification\",\"valueRequired\":true,\"valueName\":\"search_term_string\"}}],\"inLanguage\":\"it-IT\"}]}<\/script>\n<!-- \/ Yoast SEO plugin. -->","yoast_head_json":{"title":"American Dream &#8226; Next Vintage","robots":{"index":"index","follow":"follow","max-snippet":"max-snippet:-1","max-image-preview":"max-image-preview:large","max-video-preview":"max-video-preview:-1"},"canonical":"https:\/\/www.belgioioso.it\/vintage\/archivio-mostre-collaterali\/american-dream\/","og_locale":"it_IT","og_type":"article","og_title":"American Dream &#8226; Next Vintage","og_description":"Robert Rauschenberg &#8211; Airport, Room Service, rilievo e intaglio su tessuto con cravatta In anteprima al Castello di Belgioioso alcune opere della mostra \u201cAmerican Dream\u201d che si terr\u00e0 dal 29 ottobre al 16 marzo alla Galleria Agnellini di Brescia. &#8220;L&#8217;anteprima ci mostra, in un parallelo tra le mitiche moto Harley Davidson e Indian, e le [...]","og_url":"https:\/\/www.belgioioso.it\/vintage\/archivio-mostre-collaterali\/american-dream\/","og_site_name":"Next Vintage","article_publisher":"https:\/\/www.facebook.com\/CastellodiBelgioioso\/","article_modified_time":"2016-11-30T09:28:36+00:00","og_image":[{"url":"http:\/\/www.belgioioso.it\/vintage\/files\/2012\/10\/Rauschenberg-Airport-Room-Service1.jpg","type":"","width":"","height":""}],"twitter_card":"summary_large_image","twitter_misc":{"Tempo di lettura stimato":"4 minuti"},"schema":{"@context":"https:\/\/schema.org","@graph":[{"@type":"WebPage","@id":"https:\/\/www.belgioioso.it\/vintage\/archivio-mostre-collaterali\/american-dream\/","url":"https:\/\/www.belgioioso.it\/vintage\/archivio-mostre-collaterali\/american-dream\/","name":"American Dream &#8226; Next Vintage","isPartOf":{"@id":"https:\/\/www.belgioioso.it\/vintage\/#website"},"primaryImageOfPage":{"@id":"https:\/\/www.belgioioso.it\/vintage\/archivio-mostre-collaterali\/american-dream\/#primaryimage"},"image":{"@id":"https:\/\/www.belgioioso.it\/vintage\/archivio-mostre-collaterali\/american-dream\/#primaryimage"},"thumbnailUrl":"http:\/\/www.belgioioso.it\/vintage\/files\/2012\/10\/Rauschenberg-Airport-Room-Service1.jpg","datePublished":"2012-10-02T08:29:24+00:00","dateModified":"2016-11-30T09:28:36+00:00","breadcrumb":{"@id":"https:\/\/www.belgioioso.it\/vintage\/archivio-mostre-collaterali\/american-dream\/#breadcrumb"},"inLanguage":"it-IT","potentialAction":[{"@type":"ReadAction","target":["https:\/\/www.belgioioso.it\/vintage\/archivio-mostre-collaterali\/american-dream\/"]}]},{"@type":"ImageObject","inLanguage":"it-IT","@id":"https:\/\/www.belgioioso.it\/vintage\/archivio-mostre-collaterali\/american-dream\/#primaryimage","url":"http:\/\/www.belgioioso.it\/vintage\/files\/2012\/10\/Rauschenberg-Airport-Room-Service1.jpg","contentUrl":"http:\/\/www.belgioioso.it\/vintage\/files\/2012\/10\/Rauschenberg-Airport-Room-Service1.jpg"},{"@type":"BreadcrumbList","@id":"https:\/\/www.belgioioso.it\/vintage\/archivio-mostre-collaterali\/american-dream\/#breadcrumb","itemListElement":[{"@type":"ListItem","position":1,"name":"Home","item":"https:\/\/www.belgioioso.it\/vintage\/"},{"@type":"ListItem","position":2,"name":"Le mostre collaterali","item":"https:\/\/www.belgioioso.it\/vintage\/archivio-mostre-collaterali\/"},{"@type":"ListItem","position":3,"name":"American Dream"}]},{"@type":"WebSite","@id":"https:\/\/www.belgioioso.it\/vintage\/#website","url":"https:\/\/www.belgioioso.it\/vintage\/","name":"Next Vintage","description":"Moda &amp; Accessori d&#039;epoca","potentialAction":[{"@type":"SearchAction","target":{"@type":"EntryPoint","urlTemplate":"https:\/\/www.belgioioso.it\/vintage\/?s={search_term_string}"},"query-input":{"@type":"PropertyValueSpecification","valueRequired":true,"valueName":"search_term_string"}}],"inLanguage":"it-IT"}]}},"_links":{"self":[{"href":"https:\/\/www.belgioioso.it\/vintage\/wp-json\/wp\/v2\/pages\/641","targetHints":{"allow":["GET"]}}],"collection":[{"href":"https:\/\/www.belgioioso.it\/vintage\/wp-json\/wp\/v2\/pages"}],"about":[{"href":"https:\/\/www.belgioioso.it\/vintage\/wp-json\/wp\/v2\/types\/page"}],"author":[{"embeddable":true,"href":"https:\/\/www.belgioioso.it\/vintage\/wp-json\/wp\/v2\/users\/1"}],"replies":[{"embeddable":true,"href":"https:\/\/www.belgioioso.it\/vintage\/wp-json\/wp\/v2\/comments?post=641"}],"version-history":[{"count":74,"href":"https:\/\/www.belgioioso.it\/vintage\/wp-json\/wp\/v2\/pages\/641\/revisions"}],"predecessor-version":[{"id":728,"href":"https:\/\/www.belgioioso.it\/vintage\/wp-json\/wp\/v2\/pages\/641\/revisions\/728"}],"up":[{"embeddable":true,"href":"https:\/\/www.belgioioso.it\/vintage\/wp-json\/wp\/v2\/pages\/1384"}],"wp:attachment":[{"href":"https:\/\/www.belgioioso.it\/vintage\/wp-json\/wp\/v2\/media?parent=641"}],"curies":[{"name":"wp","href":"https:\/\/api.w.org\/{rel}","templated":true}]}}