{"id":5918,"date":"2022-02-22T12:51:18","date_gmt":"2022-02-22T12:51:18","guid":{"rendered":"https:\/\/www.belgioioso.it\/vintage\/?page_id=5918"},"modified":"2026-04-13T08:46:23","modified_gmt":"2026-04-13T08:46:23","slug":"denim-il-tessuto-piu-democratico-della-moda","status":"publish","type":"page","link":"https:\/\/www.belgioioso.it\/vintage\/archivio-mostre-collaterali\/denim-il-tessuto-piu-democratico-della-moda\/","title":{"rendered":"Denim La Storia del Tessuto pi\u00f9 Democratico della Moda"},"content":{"rendered":"<p><div class=\"fusion-fullwidth fullwidth-box fusion-builder-row-1 nonhundred-percent-fullwidth non-hundred-percent-height-scrolling\" style=\"--awb-border-radius-top-left:0px;--awb-border-radius-top-right:0px;--awb-border-radius-bottom-right:0px;--awb-border-radius-bottom-left:0px;--awb-flex-wrap:wrap;\" ><div class=\"fusion-builder-row fusion-row\"><div class=\"fusion-layout-column fusion_builder_column fusion-builder-column-0 fusion_builder_column_1_1 1_1 fusion-one-full fusion-column-first fusion-column-last\" style=\"--awb-bg-blend:overlay;--awb-bg-size:cover;\"><div class=\"fusion-column-wrapper fusion-flex-column-wrapper-legacy\"><div class=\"fusion-title title fusion-title-1 fusion-sep-none fusion-title-text fusion-title-size-two\" style=\"--awb-margin-bottom:5px;--awb-margin-bottom-small:0px;--awb-sep-color:#ffffff;\"><h2 class=\"fusion-title-heading title-heading-left\" style=\"margin:0;\">Denim<\/h2><\/div><div class=\"fusion-title title fusion-title-2 fusion-sep-none fusion-title-text fusion-title-size-three\" style=\"--awb-sep-color:#ffffff;\"><h3 class=\"fusion-title-heading title-heading-left\" style=\"margin:0;\">Il tessuto pi\u00f9 democratico della moda<\/h3><\/div><div class=\"fusion-image-element fusion-image-align-center awb-imageframe-style awb-imageframe-style-below awb-imageframe-style-1 in-legacy-container\" style=\"text-align:center;--awb-caption-title-font-family:var(--h3_typography-font-family);--awb-caption-title-font-weight:var(--h3_typography-font-weight);--awb-caption-title-font-style:var(--h3_typography-font-style);--awb-caption-title-size:var(--h3_typography-font-size);--awb-caption-title-transform:var(--h3_typography-text-transform);--awb-caption-title-line-height:var(--h3_typography-line-height);--awb-caption-title-letter-spacing:var(--h3_typography-letter-spacing);\"><div class=\"imageframe-align-center\"><span class=\" fusion-imageframe imageframe-none imageframe-1 hover-type-zoomin\"><img decoding=\"async\" width=\"767\" height=\"500\" title=\"Farrah, Rihanna, Diana\" src=\"https:\/\/www.belgioioso.it\/vintage\/files\/2022\/02\/nextvintage-denim.jpg\" alt class=\"img-responsive wp-image-5921\" srcset=\"https:\/\/www.belgioioso.it\/vintage\/files\/2022\/02\/nextvintage-denim-200x130.jpg 200w, https:\/\/www.belgioioso.it\/vintage\/files\/2022\/02\/nextvintage-denim-400x261.jpg 400w, https:\/\/www.belgioioso.it\/vintage\/files\/2022\/02\/nextvintage-denim-600x391.jpg 600w, https:\/\/www.belgioioso.it\/vintage\/files\/2022\/02\/nextvintage-denim.jpg 767w\" sizes=\"(max-width: 800px) 100vw, 767px\" \/><\/span><div class=\"awb-imageframe-caption-container\"><div class=\"awb-imageframe-caption\"><h3 class=\"awb-imageframe-caption-title\">Farrah, Rihanna, Diana<\/h3><\/div><\/div><\/div><\/div><div class=\"fusion-sep-clear\"><\/div><div class=\"fusion-separator fusion-full-width-sep\" style=\"margin-left: auto;margin-right: auto;margin-top:5px;margin-bottom:5px;width:100%;\"><\/div><div class=\"fusion-sep-clear\"><\/div><div class=\"fusion-text fusion-text-1\"><p>Nato <b>ruvido e resistente<\/b>, diventato pi\u00f9 volte simbolo di ribellione nel secolo scorso, il denim \u00e8 stato usato dalle giovani generazioni come feticcio per esprimere idee e provocazioni. Ora diventa nelle mani dei designer una tela bianca sulla quale sperimentare nuove forme, colori e accostamenti.<\/p>\n<p>Romantico e femminile, ma anche <b>elegante e innovativo<\/b> al tempo stesso. Il denim si nobilita e diventa una divisa quotidiana per la donna contemporanea. Che lo accosta spesso a elementi in contrasto e prende le forme di gonne, abiti e top strappati e lavorati<\/p>\n<p>Il suo colore blue indaco, che \u00e8 un blu non regolare, (anche se oggi l&#8217;abbigliamento jeans pu\u00f2 essere coniugato con altri colori) e il tessuto denim (un binomio inscindibile) sono diventati un marchio caratteristico ed esclusivo che al pari delle &#8220;griffes&#8221; o dei marchi commerciali pi\u00f9 famosi conferisce un significato speciale, quasi mitico ad oggetti normalmente presenti nella comune vita quotidiana.<\/p>\n<\/div><div class=\"fusion-clearfix\"><\/div><\/div><\/div><\/div><\/div><div class=\"fusion-fullwidth fullwidth-box fusion-builder-row-2 fusion-flex-container nonhundred-percent-fullwidth non-hundred-percent-height-scrolling\" style=\"--awb-border-radius-top-left:0px;--awb-border-radius-top-right:0px;--awb-border-radius-bottom-right:0px;--awb-border-radius-bottom-left:0px;--awb-flex-wrap:wrap;\" ><div class=\"fusion-builder-row fusion-row fusion-flex-align-items-flex-start fusion-flex-content-wrap\" style=\"max-width:1476.8px;margin-left: calc(-4% \/ 2 );margin-right: calc(-4% \/ 2 );\"><div class=\"fusion-layout-column fusion_builder_column fusion-builder-column-1 fusion_builder_column_1_2 1_2 fusion-flex-column\" style=\"--awb-bg-size:cover;--awb-width-large:50%;--awb-margin-top-large:0px;--awb-spacing-right-large:3.84%;--awb-margin-bottom-large:20px;--awb-spacing-left-large:3.84%;--awb-width-medium:100%;--awb-order-medium:0;--awb-spacing-right-medium:1.92%;--awb-spacing-left-medium:1.92%;--awb-width-small:100%;--awb-order-small:0;--awb-spacing-right-small:1.92%;--awb-spacing-left-small:1.92%;\"><div class=\"fusion-column-wrapper fusion-column-has-shadow fusion-flex-justify-content-flex-start fusion-content-layout-column\"><div class=\"fusion-image-element awb-imageframe-style awb-imageframe-style-below awb-imageframe-style-2\" style=\"--awb-caption-title-font-family:var(--h3_typography-font-family);--awb-caption-title-font-weight:var(--h3_typography-font-weight);--awb-caption-title-font-style:var(--h3_typography-font-style);--awb-caption-title-size:var(--h3_typography-font-size);--awb-caption-title-transform:var(--h3_typography-text-transform);--awb-caption-title-line-height:var(--h3_typography-line-height);--awb-caption-title-letter-spacing:var(--h3_typography-letter-spacing);\"><span class=\" fusion-imageframe imageframe-none imageframe-2 hover-type-none\"><img decoding=\"async\" width=\"1112\" height=\"1113\" title=\"Morrisey\" src=\"https:\/\/www.belgioioso.it\/vintage\/files\/2022\/02\/morrissey-denim.jpg\" alt class=\"img-responsive wp-image-5922\" srcset=\"https:\/\/www.belgioioso.it\/vintage\/files\/2022\/02\/morrissey-denim-200x200.jpg 200w, https:\/\/www.belgioioso.it\/vintage\/files\/2022\/02\/morrissey-denim-400x400.jpg 400w, https:\/\/www.belgioioso.it\/vintage\/files\/2022\/02\/morrissey-denim-600x601.jpg 600w, https:\/\/www.belgioioso.it\/vintage\/files\/2022\/02\/morrissey-denim-800x801.jpg 800w, https:\/\/www.belgioioso.it\/vintage\/files\/2022\/02\/morrissey-denim.jpg 1112w\" sizes=\"(max-width: 1024px) 100vw, (max-width: 640px) 100vw, 800px\" \/><\/span><div class=\"awb-imageframe-caption-container\" style=\"text-align:center;\"><div class=\"awb-imageframe-caption\"><h3 class=\"awb-imageframe-caption-title\">Morrisey<\/h3><\/div><\/div><\/div><\/div><\/div><div class=\"fusion-layout-column fusion_builder_column fusion-builder-column-2 fusion_builder_column_1_2 1_2 fusion-flex-column\" style=\"--awb-bg-size:cover;--awb-width-large:50%;--awb-margin-top-large:0px;--awb-spacing-right-large:3.84%;--awb-margin-bottom-large:20px;--awb-spacing-left-large:3.84%;--awb-width-medium:100%;--awb-order-medium:0;--awb-spacing-right-medium:1.92%;--awb-spacing-left-medium:1.92%;--awb-width-small:100%;--awb-order-small:0;--awb-spacing-right-small:1.92%;--awb-spacing-left-small:1.92%;\"><div class=\"fusion-column-wrapper fusion-column-has-shadow fusion-flex-justify-content-flex-start fusion-content-layout-column\"><div class=\"fusion-image-element awb-imageframe-style awb-imageframe-style-below awb-imageframe-style-3\" style=\"--awb-caption-title-font-family:var(--h3_typography-font-family);--awb-caption-title-font-weight:var(--h3_typography-font-weight);--awb-caption-title-font-style:var(--h3_typography-font-style);--awb-caption-title-size:var(--h3_typography-font-size);--awb-caption-title-transform:var(--h3_typography-text-transform);--awb-caption-title-line-height:var(--h3_typography-line-height);--awb-caption-title-letter-spacing:var(--h3_typography-letter-spacing);\"><span class=\" fusion-imageframe imageframe-none imageframe-3 hover-type-none\"><img decoding=\"async\" width=\"1112\" height=\"1113\" title=\"Debbie Gibson &#038; Brad Pitt\" src=\"https:\/\/www.belgioioso.it\/vintage\/files\/2022\/02\/brad-pitt-debbie-gibson.jpg\" alt class=\"img-responsive wp-image-5923\" srcset=\"https:\/\/www.belgioioso.it\/vintage\/files\/2022\/02\/brad-pitt-debbie-gibson-200x200.jpg 200w, https:\/\/www.belgioioso.it\/vintage\/files\/2022\/02\/brad-pitt-debbie-gibson-400x400.jpg 400w, https:\/\/www.belgioioso.it\/vintage\/files\/2022\/02\/brad-pitt-debbie-gibson-600x601.jpg 600w, https:\/\/www.belgioioso.it\/vintage\/files\/2022\/02\/brad-pitt-debbie-gibson-800x801.jpg 800w, https:\/\/www.belgioioso.it\/vintage\/files\/2022\/02\/brad-pitt-debbie-gibson.jpg 1112w\" sizes=\"(max-width: 1024px) 100vw, (max-width: 640px) 100vw, 800px\" \/><\/span><div class=\"awb-imageframe-caption-container\" style=\"text-align:center;\"><div class=\"awb-imageframe-caption\"><h3 class=\"awb-imageframe-caption-title\">Debbie Gibson &#038; Brad Pitt<\/h3><\/div><\/div><\/div><\/div><\/div><\/div><\/div><div class=\"fusion-fullwidth fullwidth-box fusion-builder-row-3 fusion-flex-container nonhundred-percent-fullwidth non-hundred-percent-height-scrolling\" style=\"--awb-border-radius-top-left:0px;--awb-border-radius-top-right:0px;--awb-border-radius-bottom-right:0px;--awb-border-radius-bottom-left:0px;--awb-flex-wrap:wrap;\" ><div class=\"fusion-builder-row fusion-row fusion-flex-align-items-flex-start fusion-flex-content-wrap\" style=\"max-width:1476.8px;margin-left: calc(-4% \/ 2 );margin-right: calc(-4% \/ 2 );\"><div class=\"fusion-layout-column fusion_builder_column fusion-builder-column-3 fusion_builder_column_1_1 1_1 fusion-flex-column\" style=\"--awb-bg-size:cover;--awb-width-large:100%;--awb-margin-top-large:0px;--awb-spacing-right-large:1.92%;--awb-margin-bottom-large:20px;--awb-spacing-left-large:1.92%;--awb-width-medium:100%;--awb-order-medium:0;--awb-spacing-right-medium:1.92%;--awb-spacing-left-medium:1.92%;--awb-width-small:100%;--awb-order-small:0;--awb-spacing-right-small:1.92%;--awb-spacing-left-small:1.92%;\"><div class=\"fusion-column-wrapper fusion-column-has-shadow fusion-flex-justify-content-flex-start fusion-content-layout-column\"><div class=\"fusion-text fusion-text-2\"><p>Il denim si stinge progressivamente con i lavaggi e con l&#8217;uso, schiarendosi di pi\u00f9 dove \u00e8 maggiore l&#8217;attrito.<\/p>\n<p>\u00ab<em>Il jeans invecchia integrando in s\u00e9 il cambiamento dell&#8217;et\u00e0, impregnandosi di avventura, della vita di chi li indossa. Ogni lavaggio \u00e8 una pagina girata, il tempo vi scrive la sua memoria su uno sfondo sempre pi\u00f9 pallido. La decolorazione dovuta al lavaggio traduce l&#8217;avvenimento vissuto fino alla saturazione finale.<\/em>\u00bb<\/p>\n<p><em>\u00abAutentico o simulato che sia, resta il fatto piuttosto bizzarro rispetto all&#8217;estetica &#8220;naturale&#8221; del consumo, che per i jeans il nuovo vale meno dell&#8217;usato, il consumo aggiunge valore all&#8217;oggetto. Il denim da materiale destinato ad abiti da lavoro diventa oggi un tessuto degno di salire sulle passerelle pi\u00f9 prestigiose sotto forma di jeans ma non solo. La sua forza, infatti, \u00e8 la capacit\u00e0 di sapersi sempre rinnovare rimanendo fedele a s\u00e9 stesso.\u00bb<\/em><\/p>\n<\/div><\/div><\/div><\/div><\/div><\/p>\n","protected":false},"excerpt":{"rendered":"","protected":false},"author":1,"featured_media":0,"parent":1384,"menu_order":10,"comment_status":"closed","ping_status":"closed","template":"","meta":{"footnotes":""},"class_list":["post-5918","page","type-page","status-publish","hentry"],"yoast_head":"<!-- This site is optimized with the Yoast SEO plugin v26.8 - https:\/\/yoast.com\/product\/yoast-seo-wordpress\/ -->\n<title>Denim La Storia del Tessuto pi\u00f9 Democratico della Moda &#8226; Next Vintage<\/title>\n<meta name=\"robots\" content=\"index, follow, max-snippet:-1, max-image-preview:large, max-video-preview:-1\" \/>\n<link rel=\"canonical\" href=\"https:\/\/www.belgioioso.it\/vintage\/archivio-mostre-collaterali\/denim-il-tessuto-piu-democratico-della-moda\/\" \/>\n<meta property=\"og:locale\" content=\"it_IT\" \/>\n<meta property=\"og:type\" content=\"article\" \/>\n<meta property=\"og:title\" content=\"Denim La Storia del Tessuto pi\u00f9 Democratico della Moda &#8226; Next Vintage\" \/>\n<meta property=\"og:url\" content=\"https:\/\/www.belgioioso.it\/vintage\/archivio-mostre-collaterali\/denim-il-tessuto-piu-democratico-della-moda\/\" \/>\n<meta property=\"og:site_name\" content=\"Next Vintage\" \/>\n<meta property=\"article:publisher\" content=\"https:\/\/www.facebook.com\/CastellodiBelgioioso\/\" \/>\n<meta property=\"article:modified_time\" content=\"2026-04-13T08:46:23+00:00\" \/>\n<meta name=\"twitter:card\" content=\"summary_large_image\" \/>\n<meta name=\"twitter:label1\" content=\"Tempo di lettura stimato\" \/>\n\t<meta name=\"twitter:data1\" content=\"5 minuti\" \/>\n<script type=\"application\/ld+json\" class=\"yoast-schema-graph\">{\"@context\":\"https:\/\/schema.org\",\"@graph\":[{\"@type\":\"WebPage\",\"@id\":\"https:\/\/www.belgioioso.it\/vintage\/archivio-mostre-collaterali\/denim-il-tessuto-piu-democratico-della-moda\/\",\"url\":\"https:\/\/www.belgioioso.it\/vintage\/archivio-mostre-collaterali\/denim-il-tessuto-piu-democratico-della-moda\/\",\"name\":\"Denim La Storia del Tessuto pi\u00f9 Democratico della Moda &#8226; Next Vintage\",\"isPartOf\":{\"@id\":\"https:\/\/www.belgioioso.it\/vintage\/#website\"},\"datePublished\":\"2022-02-22T12:51:18+00:00\",\"dateModified\":\"2026-04-13T08:46:23+00:00\",\"breadcrumb\":{\"@id\":\"https:\/\/www.belgioioso.it\/vintage\/archivio-mostre-collaterali\/denim-il-tessuto-piu-democratico-della-moda\/#breadcrumb\"},\"inLanguage\":\"it-IT\",\"potentialAction\":[{\"@type\":\"ReadAction\",\"target\":[\"https:\/\/www.belgioioso.it\/vintage\/archivio-mostre-collaterali\/denim-il-tessuto-piu-democratico-della-moda\/\"]}]},{\"@type\":\"BreadcrumbList\",\"@id\":\"https:\/\/www.belgioioso.it\/vintage\/archivio-mostre-collaterali\/denim-il-tessuto-piu-democratico-della-moda\/#breadcrumb\",\"itemListElement\":[{\"@type\":\"ListItem\",\"position\":1,\"name\":\"Home\",\"item\":\"https:\/\/www.belgioioso.it\/vintage\/\"},{\"@type\":\"ListItem\",\"position\":2,\"name\":\"Le mostre collaterali\",\"item\":\"https:\/\/www.belgioioso.it\/vintage\/archivio-mostre-collaterali\/\"},{\"@type\":\"ListItem\",\"position\":3,\"name\":\"Denim La Storia del Tessuto pi\u00f9 Democratico della Moda\"}]},{\"@type\":\"WebSite\",\"@id\":\"https:\/\/www.belgioioso.it\/vintage\/#website\",\"url\":\"https:\/\/www.belgioioso.it\/vintage\/\",\"name\":\"Next Vintage\",\"description\":\"Moda &amp; Accessori d&#039;epoca\",\"potentialAction\":[{\"@type\":\"SearchAction\",\"target\":{\"@type\":\"EntryPoint\",\"urlTemplate\":\"https:\/\/www.belgioioso.it\/vintage\/?s={search_term_string}\"},\"query-input\":{\"@type\":\"PropertyValueSpecification\",\"valueRequired\":true,\"valueName\":\"search_term_string\"}}],\"inLanguage\":\"it-IT\"}]}<\/script>\n<!-- \/ Yoast SEO plugin. -->","yoast_head_json":{"title":"Denim La Storia del Tessuto pi\u00f9 Democratico della Moda &#8226; Next Vintage","robots":{"index":"index","follow":"follow","max-snippet":"max-snippet:-1","max-image-preview":"max-image-preview:large","max-video-preview":"max-video-preview:-1"},"canonical":"https:\/\/www.belgioioso.it\/vintage\/archivio-mostre-collaterali\/denim-il-tessuto-piu-democratico-della-moda\/","og_locale":"it_IT","og_type":"article","og_title":"Denim La Storia del Tessuto pi\u00f9 Democratico della Moda &#8226; Next Vintage","og_url":"https:\/\/www.belgioioso.it\/vintage\/archivio-mostre-collaterali\/denim-il-tessuto-piu-democratico-della-moda\/","og_site_name":"Next Vintage","article_publisher":"https:\/\/www.facebook.com\/CastellodiBelgioioso\/","article_modified_time":"2026-04-13T08:46:23+00:00","twitter_card":"summary_large_image","twitter_misc":{"Tempo di lettura stimato":"5 minuti"},"schema":{"@context":"https:\/\/schema.org","@graph":[{"@type":"WebPage","@id":"https:\/\/www.belgioioso.it\/vintage\/archivio-mostre-collaterali\/denim-il-tessuto-piu-democratico-della-moda\/","url":"https:\/\/www.belgioioso.it\/vintage\/archivio-mostre-collaterali\/denim-il-tessuto-piu-democratico-della-moda\/","name":"Denim La Storia del Tessuto pi\u00f9 Democratico della Moda &#8226; Next Vintage","isPartOf":{"@id":"https:\/\/www.belgioioso.it\/vintage\/#website"},"datePublished":"2022-02-22T12:51:18+00:00","dateModified":"2026-04-13T08:46:23+00:00","breadcrumb":{"@id":"https:\/\/www.belgioioso.it\/vintage\/archivio-mostre-collaterali\/denim-il-tessuto-piu-democratico-della-moda\/#breadcrumb"},"inLanguage":"it-IT","potentialAction":[{"@type":"ReadAction","target":["https:\/\/www.belgioioso.it\/vintage\/archivio-mostre-collaterali\/denim-il-tessuto-piu-democratico-della-moda\/"]}]},{"@type":"BreadcrumbList","@id":"https:\/\/www.belgioioso.it\/vintage\/archivio-mostre-collaterali\/denim-il-tessuto-piu-democratico-della-moda\/#breadcrumb","itemListElement":[{"@type":"ListItem","position":1,"name":"Home","item":"https:\/\/www.belgioioso.it\/vintage\/"},{"@type":"ListItem","position":2,"name":"Le mostre collaterali","item":"https:\/\/www.belgioioso.it\/vintage\/archivio-mostre-collaterali\/"},{"@type":"ListItem","position":3,"name":"Denim La Storia del Tessuto pi\u00f9 Democratico della Moda"}]},{"@type":"WebSite","@id":"https:\/\/www.belgioioso.it\/vintage\/#website","url":"https:\/\/www.belgioioso.it\/vintage\/","name":"Next Vintage","description":"Moda &amp; Accessori d&#039;epoca","potentialAction":[{"@type":"SearchAction","target":{"@type":"EntryPoint","urlTemplate":"https:\/\/www.belgioioso.it\/vintage\/?s={search_term_string}"},"query-input":{"@type":"PropertyValueSpecification","valueRequired":true,"valueName":"search_term_string"}}],"inLanguage":"it-IT"}]}},"_links":{"self":[{"href":"https:\/\/www.belgioioso.it\/vintage\/wp-json\/wp\/v2\/pages\/5918","targetHints":{"allow":["GET"]}}],"collection":[{"href":"https:\/\/www.belgioioso.it\/vintage\/wp-json\/wp\/v2\/pages"}],"about":[{"href":"https:\/\/www.belgioioso.it\/vintage\/wp-json\/wp\/v2\/types\/page"}],"author":[{"embeddable":true,"href":"https:\/\/www.belgioioso.it\/vintage\/wp-json\/wp\/v2\/users\/1"}],"replies":[{"embeddable":true,"href":"https:\/\/www.belgioioso.it\/vintage\/wp-json\/wp\/v2\/comments?post=5918"}],"version-history":[{"count":10,"href":"https:\/\/www.belgioioso.it\/vintage\/wp-json\/wp\/v2\/pages\/5918\/revisions"}],"predecessor-version":[{"id":5981,"href":"https:\/\/www.belgioioso.it\/vintage\/wp-json\/wp\/v2\/pages\/5918\/revisions\/5981"}],"up":[{"embeddable":true,"href":"https:\/\/www.belgioioso.it\/vintage\/wp-json\/wp\/v2\/pages\/1384"}],"wp:attachment":[{"href":"https:\/\/www.belgioioso.it\/vintage\/wp-json\/wp\/v2\/media?parent=5918"}],"curies":[{"name":"wp","href":"https:\/\/api.w.org\/{rel}","templated":true}]}}