{"id":3457,"date":"2017-04-10T14:32:22","date_gmt":"2017-04-10T14:32:22","guid":{"rendered":"http:\/\/www.belgioioso.it\/vintage\/?page_id=3457"},"modified":"2026-04-13T08:41:42","modified_gmt":"2026-04-13T08:41:42","slug":"furniture-and-design","status":"publish","type":"page","link":"https:\/\/www.belgioioso.it\/vintage\/furniture-and-design\/","title":{"rendered":"Furniture and design"},"content":{"rendered":"<p><div class=\"fusion-fullwidth fullwidth-box fusion-builder-row-1 nonhundred-percent-fullwidth non-hundred-percent-height-scrolling\" style=\"--awb-border-radius-top-left:0px;--awb-border-radius-top-right:0px;--awb-border-radius-bottom-right:0px;--awb-border-radius-bottom-left:0px;--awb-padding-top:20px;--awb-padding-bottom:20px;--awb-flex-wrap:wrap;\" ><div class=\"fusion-builder-row fusion-row\"><div class=\"fusion-layout-column fusion_builder_column fusion-builder-column-0 fusion_builder_column_1_1 1_1 fusion-one-full fusion-column-first fusion-column-last\" style=\"--awb-bg-size:cover;\"><div class=\"fusion-column-wrapper fusion-flex-column-wrapper-legacy\"><div class=\"fusion-title title fusion-title-1 fusion-sep-none fusion-title-text fusion-title-size-two\" style=\"--awb-sep-color:#ffffff;\"><h2 class=\"fusion-title-heading title-heading-left\" style=\"margin:0;\">Furniture &amp;\u00a0Design<\/h2><\/div><div class=\"fusion-image-element in-legacy-container\" style=\"--awb-caption-title-font-family:var(--h2_typography-font-family);--awb-caption-title-font-weight:var(--h2_typography-font-weight);--awb-caption-title-font-style:var(--h2_typography-font-style);--awb-caption-title-size:var(--h2_typography-font-size);--awb-caption-title-transform:var(--h2_typography-text-transform);--awb-caption-title-line-height:var(--h2_typography-line-height);--awb-caption-title-letter-spacing:var(--h2_typography-letter-spacing);\"><span class=\" fusion-imageframe imageframe-none imageframe-1 hover-type-none\"><img decoding=\"async\" width=\"700\" height=\"467\" title=\"furniture-design-area\" src=\"http:\/\/www.belgioioso.it\/vintage\/files\/2014\/05\/furniture-design-area.jpg\" alt class=\"img-responsive wp-image-3624\" srcset=\"https:\/\/www.belgioioso.it\/vintage\/files\/2014\/05\/furniture-design-area-200x133.jpg 200w, https:\/\/www.belgioioso.it\/vintage\/files\/2014\/05\/furniture-design-area-400x267.jpg 400w, https:\/\/www.belgioioso.it\/vintage\/files\/2014\/05\/furniture-design-area-600x400.jpg 600w, https:\/\/www.belgioioso.it\/vintage\/files\/2014\/05\/furniture-design-area.jpg 700w\" sizes=\"(max-width: 800px) 100vw, 700px\" \/><\/span><\/div><div class=\"fusion-sep-clear\"><\/div><div class=\"fusion-separator fusion-full-width-sep\" style=\"margin-left: auto;margin-right: auto;margin-top:10px;margin-bottom:10px;width:100%;\"><\/div><div class=\"fusion-sep-clear\"><\/div><div class=\"fusion-text fusion-text-1\"><h3>FURNITURES&amp;DESIGN \u00e8 l\u2019area esordiente della prossima edizione di \u201cNext Vintage\u201d che raccoglie due espositori di <span style=\"text-decoration: underline;\">mobili e complementi d\u2019arredo<\/span>.<\/h3>\n<p>La decisione di inserire questo nuovo binomio \u00e8 perch\u00e9 la moda e il design hanno sempre viaggiato insieme e hanno rappresentato il simbolo del made in Italy nel mondo come parte di un unico panorama produttivo e culturale.<\/p>\n<p>Ci sono oggetti che fanno parte della nostra storia e che hanno fatto la storia.<\/p>\n<p>La storia del Design, dagli anni &#8217;30 ad oggi, ha modificato profondamente la nostra relazione con l&#8217;ambiente domestico, il nostro modo di guardare alle cose che fanno parte della nostra vita.<\/p>\n<p>La &#8220;risultante armonica tra produzione e cultura&#8221;: una nuova dignit\u00e0 estetica conferita agli oggetti anche di uso quotidiano, un desiderio continuo di ricerca, la valorizzazione dei materiali, delle tecniche artigianali, nel pi\u00f9 alto significato del termine, tutto questo \u00e8 rappresentato nell&#8217;enorme variet\u00e0 tipologica di quello che definiamo &#8220;Design&#8221;.<\/p>\n<p>Una cultura che fa parte del panorama del XX secolo e che si pone al servizio della vita, che arreda le nostre case, che disegna i nostri paesaggi quotidiani, che cerca nuove soluzioni in un rapporto creativo con la realt\u00e0: &#8220;La realt\u00e0 delle cose e la realt\u00e0 anche del &#8220;disegno industriale&#8221; \u00e8 una realt\u00e0 vitale e viva, nella quale la funzione e la produzione e la forma non stanno n\u00e9 prima n\u00e9 dopo, ma stanno prima e dopo insieme perch\u00e9 l&#8217;artista non \u00e8 l\u2019uomo che scopre la forma conoscendo la funzione, e conoscendo la produzione, ed \u00e8 l&#8217;uomo che alle sue scoperte d\u00e0 forma&#8221;.<\/p>\n<p>Trovano posto in questo nuovo spazio due postazioni per la cura dell&#8217;uomo e la donna\u00a0in cui vi aspettano, la nostra immancabile <a href=\"https:\/\/www.facebook.com\/Kettys-Vintage-Style-1024577810946089\/\">Ketty Cinieri<\/a> \u00a0pronta ad acconciarvi con i suoi look in pieno vintage style.<\/p>\n<\/div><div class=\"fusion-clearfix\"><\/div><\/div><\/div><\/div><\/div><div class=\"fusion-fullwidth fullwidth-box fusion-builder-row-2 nonhundred-percent-fullwidth non-hundred-percent-height-scrolling\" style=\"--awb-border-radius-top-left:0px;--awb-border-radius-top-right:0px;--awb-border-radius-bottom-right:0px;--awb-border-radius-bottom-left:0px;--awb-padding-top:20px;--awb-padding-bottom:20px;--awb-flex-wrap:wrap;\" ><div class=\"fusion-builder-row fusion-row\"><div class=\"fusion-layout-column fusion_builder_column fusion-builder-column-1 fusion_builder_column_1_1 1_1 fusion-one-full fusion-column-first fusion-column-last\" style=\"--awb-bg-size:cover;\"><div class=\"fusion-column-wrapper fusion-flex-column-wrapper-legacy\"><div class=\"fusion-person person fusion-person-left fusion-person-1 fusion-person-icon-top\" style=\"--awb-pic-style-color:#000000;--awb-pic-borderradius:0px;--awb-margin-top:0px;--awb-margin-right:0px;--awb-margin-bottom:0px;--awb-margin-left:0px;--awb-social-box-border-top:0px;--awb-social-box-border-right:0px;--awb-social-box-border-bottom:0px;--awb-social-box-border-left:0px;--awb-social-box-border-color:var(--awb-color3);--awb-social-box-border-color-hover:var(--awb-color4);--awb-social-box-colors-hover:rgba(232,232,232,0.8);--awb-social-icon-boxed-colors:#e8e8e8;--awb-social-icon-colors:#bebdbd;--awb-social-icon-colors-hover:rgba(190,189,189,0.8);\"><div class=\"person-shortcode-image-wrapper\"><div class=\"person-image-container hover-type-none\" style=\"border:0px solid #f6f6f6;-webkit-border-radius:0px;-moz-border-radius:0px;border-radius:0px;\"><img decoding=\"async\" class=\"person-img img-responsive\" src=\"http:\/\/www.belgioioso.it\/vintage\/files\/2017\/04\/nextvintage-ketty-cinieri.jpg\" alt=\"Ketty&#039;s Vintage Style\" \/><\/div><\/div><div class=\"person-desc\"><div class=\"person-author\"><div class=\"person-author-wrapper\"><span class=\"person-name\">Ketty's Vintage Style<\/span><span class=\"person-title\">Amo le cose belle e le cerco<\/span><\/div><\/div><div class=\"person-content fusion-clearfix\">Un capo vintage non rappresenta solo un tuffo nel passato, ma un vero e proprio oggetto di culto, che, alle rughe del tempo, ha sostituito l\u2019irripetibilit\u00e0 e, talvolta, la sua riproducibilit\u00e0 con i medesimi standard di qualit\u00e0 di un tempo.<\/p>\n<p>Testimonianza dello splendore di un\u2019epoca passata, icona di un particolare momento storico della moda, del costume e del design, il vintage \u00e8 un fenomeno di costume sempre attuale, si tratta di creazioni artigianali e industriali, riconsacrate come oggetti cult da parte di un\u2019utenza sempre meno di nicchia.<\/div><\/div><\/div><div class=\"fusion-clearfix\"><\/div><\/div><\/div><\/div><\/div><\/p>\n","protected":false},"excerpt":{"rendered":"","protected":false},"author":1,"featured_media":0,"parent":0,"menu_order":10,"comment_status":"closed","ping_status":"closed","template":"","meta":{"footnotes":""},"class_list":["post-3457","page","type-page","status-publish","hentry"],"yoast_head":"<!-- This site is optimized with the Yoast SEO plugin v26.8 - https:\/\/yoast.com\/product\/yoast-seo-wordpress\/ -->\n<title>Furniture and design &#8226; Next Vintage<\/title>\n<meta name=\"robots\" content=\"index, follow, max-snippet:-1, max-image-preview:large, max-video-preview:-1\" \/>\n<link rel=\"canonical\" href=\"https:\/\/www.belgioioso.it\/vintage\/furniture-and-design\/\" \/>\n<meta property=\"og:locale\" content=\"it_IT\" \/>\n<meta property=\"og:type\" content=\"article\" \/>\n<meta property=\"og:title\" content=\"Furniture and design &#8226; Next Vintage\" \/>\n<meta property=\"og:url\" content=\"https:\/\/www.belgioioso.it\/vintage\/furniture-and-design\/\" \/>\n<meta property=\"og:site_name\" content=\"Next Vintage\" \/>\n<meta property=\"article:publisher\" content=\"https:\/\/www.facebook.com\/CastellodiBelgioioso\/\" \/>\n<meta property=\"article:modified_time\" content=\"2026-04-13T08:41:42+00:00\" \/>\n<meta name=\"twitter:card\" content=\"summary_large_image\" \/>\n<meta name=\"twitter:label1\" content=\"Tempo di lettura stimato\" \/>\n\t<meta name=\"twitter:data1\" content=\"4 minuti\" \/>\n<script type=\"application\/ld+json\" class=\"yoast-schema-graph\">{\"@context\":\"https:\/\/schema.org\",\"@graph\":[{\"@type\":\"WebPage\",\"@id\":\"https:\/\/www.belgioioso.it\/vintage\/furniture-and-design\/\",\"url\":\"https:\/\/www.belgioioso.it\/vintage\/furniture-and-design\/\",\"name\":\"Furniture and design &#8226; Next Vintage\",\"isPartOf\":{\"@id\":\"https:\/\/www.belgioioso.it\/vintage\/#website\"},\"datePublished\":\"2017-04-10T14:32:22+00:00\",\"dateModified\":\"2026-04-13T08:41:42+00:00\",\"breadcrumb\":{\"@id\":\"https:\/\/www.belgioioso.it\/vintage\/furniture-and-design\/#breadcrumb\"},\"inLanguage\":\"it-IT\",\"potentialAction\":[{\"@type\":\"ReadAction\",\"target\":[\"https:\/\/www.belgioioso.it\/vintage\/furniture-and-design\/\"]}]},{\"@type\":\"BreadcrumbList\",\"@id\":\"https:\/\/www.belgioioso.it\/vintage\/furniture-and-design\/#breadcrumb\",\"itemListElement\":[{\"@type\":\"ListItem\",\"position\":1,\"name\":\"Home\",\"item\":\"https:\/\/www.belgioioso.it\/vintage\/\"},{\"@type\":\"ListItem\",\"position\":2,\"name\":\"Furniture and design\"}]},{\"@type\":\"WebSite\",\"@id\":\"https:\/\/www.belgioioso.it\/vintage\/#website\",\"url\":\"https:\/\/www.belgioioso.it\/vintage\/\",\"name\":\"Next Vintage\",\"description\":\"Moda &amp; Accessori d&#039;epoca\",\"potentialAction\":[{\"@type\":\"SearchAction\",\"target\":{\"@type\":\"EntryPoint\",\"urlTemplate\":\"https:\/\/www.belgioioso.it\/vintage\/?s={search_term_string}\"},\"query-input\":{\"@type\":\"PropertyValueSpecification\",\"valueRequired\":true,\"valueName\":\"search_term_string\"}}],\"inLanguage\":\"it-IT\"}]}<\/script>\n<!-- \/ Yoast SEO plugin. -->","yoast_head_json":{"title":"Furniture and design &#8226; Next Vintage","robots":{"index":"index","follow":"follow","max-snippet":"max-snippet:-1","max-image-preview":"max-image-preview:large","max-video-preview":"max-video-preview:-1"},"canonical":"https:\/\/www.belgioioso.it\/vintage\/furniture-and-design\/","og_locale":"it_IT","og_type":"article","og_title":"Furniture and design &#8226; Next Vintage","og_url":"https:\/\/www.belgioioso.it\/vintage\/furniture-and-design\/","og_site_name":"Next Vintage","article_publisher":"https:\/\/www.facebook.com\/CastellodiBelgioioso\/","article_modified_time":"2026-04-13T08:41:42+00:00","twitter_card":"summary_large_image","twitter_misc":{"Tempo di lettura stimato":"4 minuti"},"schema":{"@context":"https:\/\/schema.org","@graph":[{"@type":"WebPage","@id":"https:\/\/www.belgioioso.it\/vintage\/furniture-and-design\/","url":"https:\/\/www.belgioioso.it\/vintage\/furniture-and-design\/","name":"Furniture and design &#8226; Next Vintage","isPartOf":{"@id":"https:\/\/www.belgioioso.it\/vintage\/#website"},"datePublished":"2017-04-10T14:32:22+00:00","dateModified":"2026-04-13T08:41:42+00:00","breadcrumb":{"@id":"https:\/\/www.belgioioso.it\/vintage\/furniture-and-design\/#breadcrumb"},"inLanguage":"it-IT","potentialAction":[{"@type":"ReadAction","target":["https:\/\/www.belgioioso.it\/vintage\/furniture-and-design\/"]}]},{"@type":"BreadcrumbList","@id":"https:\/\/www.belgioioso.it\/vintage\/furniture-and-design\/#breadcrumb","itemListElement":[{"@type":"ListItem","position":1,"name":"Home","item":"https:\/\/www.belgioioso.it\/vintage\/"},{"@type":"ListItem","position":2,"name":"Furniture and design"}]},{"@type":"WebSite","@id":"https:\/\/www.belgioioso.it\/vintage\/#website","url":"https:\/\/www.belgioioso.it\/vintage\/","name":"Next Vintage","description":"Moda &amp; Accessori d&#039;epoca","potentialAction":[{"@type":"SearchAction","target":{"@type":"EntryPoint","urlTemplate":"https:\/\/www.belgioioso.it\/vintage\/?s={search_term_string}"},"query-input":{"@type":"PropertyValueSpecification","valueRequired":true,"valueName":"search_term_string"}}],"inLanguage":"it-IT"}]}},"_links":{"self":[{"href":"https:\/\/www.belgioioso.it\/vintage\/wp-json\/wp\/v2\/pages\/3457","targetHints":{"allow":["GET"]}}],"collection":[{"href":"https:\/\/www.belgioioso.it\/vintage\/wp-json\/wp\/v2\/pages"}],"about":[{"href":"https:\/\/www.belgioioso.it\/vintage\/wp-json\/wp\/v2\/types\/page"}],"author":[{"embeddable":true,"href":"https:\/\/www.belgioioso.it\/vintage\/wp-json\/wp\/v2\/users\/1"}],"replies":[{"embeddable":true,"href":"https:\/\/www.belgioioso.it\/vintage\/wp-json\/wp\/v2\/comments?post=3457"}],"version-history":[{"count":17,"href":"https:\/\/www.belgioioso.it\/vintage\/wp-json\/wp\/v2\/pages\/3457\/revisions"}],"predecessor-version":[{"id":5267,"href":"https:\/\/www.belgioioso.it\/vintage\/wp-json\/wp\/v2\/pages\/3457\/revisions\/5267"}],"wp:attachment":[{"href":"https:\/\/www.belgioioso.it\/vintage\/wp-json\/wp\/v2\/media?parent=3457"}],"curies":[{"name":"wp","href":"https:\/\/api.w.org\/{rel}","templated":true}]}}