{"id":809,"date":"2014-03-03T17:18:44","date_gmt":"2014-03-03T16:18:44","guid":{"rendered":"http:\/\/www.belgioioso.it\/officinalia\/?page_id=809"},"modified":"2016-11-30T10:29:29","modified_gmt":"2016-11-30T09:29:29","slug":"pedano","status":"publish","type":"page","link":"https:\/\/www.belgioioso.it\/officinalia\/archivio\/2014-2\/pedano\/","title":{"rendered":"Pedano festeggia vent&#8217;anni di dormire naturale"},"content":{"rendered":"<p style=\"text-align: center;\"><img decoding=\"async\" class=\"size-full wp-image-807 aligncenter\" title=\"Prima edizione del sistema letto Pedano\" src=\"http:\/\/www.belgioioso.it\/officinalia\/files\/2013\/03\/1.jpg\" alt=\"20 anni di arte del sonno\" width=\"500\" height=\"419\" srcset=\"https:\/\/www.belgioioso.it\/officinalia\/files\/2013\/03\/1-300x251.jpg 300w, https:\/\/www.belgioioso.it\/officinalia\/files\/2013\/03\/1.jpg 500w\" sizes=\"(max-width: 500px) 100vw, 500px\" \/><\/p>\n<h2>Mi dedicher\u00f2 a una nuova cultura del dormire. Perch\u00e9 gli italiani non dormono sano!<\/h2>\n<p>tuonava Pino Pedano nel 1994, dalle pagine dell\u2019Espresso<\/p>\n<p style=\"text-align: center;\"><img decoding=\"async\" class=\"aligncenter size-full wp-image-813\" title=\"Pino Pedano Sistema letto, con particolare del movimento delle doghe Junco\" src=\"http:\/\/www.belgioioso.it\/officinalia\/files\/2014\/03\/2.jpg\" alt=\"Pino Pedano Sistema letto, con particolare del movimento delle doghe Junco\" width=\"450\" height=\"247\" srcset=\"https:\/\/www.belgioioso.it\/officinalia\/files\/2014\/03\/2-300x164.jpg 300w, https:\/\/www.belgioioso.it\/officinalia\/files\/2014\/03\/2.jpg 450w\" sizes=\"(max-width: 450px) 100vw, 450px\" \/><\/p>\n<p style=\"text-align: justify;\">Era l\u2019inizio di un percorso di ricerca e di sensibilizzazione dell\u2019opinione pubblica sull\u2019importanza del sonno, una rivoluzione culturale silenziosa che ha portato allo sviluppo di un sistema letto unico, in grado di <em>trasformare il riposo notturno in cura quotidiana<\/em>.<\/p>\n<p style=\"text-align: justify;\">Lo scultore del legno metteva momentaneamente da parte l\u2019attivit\u00e0 artistica, che lo aveva portato ad esporre in pochi anni a Milano, Parigi, New York e Londra, e la produzione di mobili in multistrato di pioppo, che con la loro linea essenziale spopolavano durante gli anni settanta\/ottanta, \u00a0per dedicarsi con tutte le energie alla diffusione del dormire perfetto.<\/p>\n<p style=\"text-align: justify;\">Il sistema dormire <a title=\"Pino Pedano\" href=\"http:\/\/www.pedano.it\" target=\"_blank\">Pedano<\/a> \u00e8 oggi forte di vent\u2019anni di esperienza e supportato dai racconti quotidiani di chi ha sperimentato sulla propria pelle la qualit\u00e0 un sonno rigeneratore, testimonianze raccolte su\u00a0<a title=\"Testimonianze\" href=\"http:\/\/www.pedano.it\/testimonianze\" target=\"_blank\">pedano.it\/testimonianze<\/a><\/p>\n<p style=\"text-align: justify;\">\n<div class=\"fusion-fullwidth fullwidth-box fusion-builder-row-1 hundred-percent-fullwidth non-hundred-percent-height-scrolling\" style=\"--awb-border-radius-top-left:0px;--awb-border-radius-top-right:0px;--awb-border-radius-bottom-right:0px;--awb-border-radius-bottom-left:0px;--awb-overflow:visible;--awb-flex-wrap:wrap;\" ><div class=\"fusion-builder-row fusion-row\"><div class=\"fusion-layout-column fusion_builder_column fusion-builder-column-0 fusion_builder_column_1_2 1_2 fusion-one-half fusion-column-first\" style=\"--awb-bg-size:cover;width:48%; margin-right: 4%;\"><div class=\"fusion-column-wrapper fusion-flex-column-wrapper-legacy\">Per festeggiare questo traguardo Pedano ripercorrer\u00e0 la storia di questa evoluzione, con documenti storici e un\u2019esposizione delle sue sculture lignee all\u2019ingresso del Castello : <strong>arte e scienza del riposo<\/strong> <img decoding=\"async\" class=\"size-full wp-image-846 alignleft\" src=\"http:\/\/www.belgioioso.it\/officinalia\/files\/2014\/03\/Dormire-Pedano-brochure-2.jpg\" alt=\"Dormire-Pedano-brochure-2\" width=\"477\" height=\"588\" srcset=\"https:\/\/www.belgioioso.it\/officinalia\/files\/2014\/03\/Dormire-Pedano-brochure-2-243x300.jpg 243w, https:\/\/www.belgioioso.it\/officinalia\/files\/2014\/03\/Dormire-Pedano-brochure-2.jpg 477w\" sizes=\"(max-width: 477px) 100vw, 477px\" \/><div class=\"fusion-clearfix\"><\/div><\/div><\/div>\n<div class=\"fusion-layout-column fusion_builder_column fusion-builder-column-1 fusion_builder_column_1_2 1_2 fusion-one-half fusion-column-last\" style=\"--awb-bg-size:cover;width:48%;\"><div class=\"fusion-column-wrapper fusion-flex-column-wrapper-legacy\"><div class=\"fusion-testimonials clean awb-speech-bubble-show fusion-testimonials-1\" style=\"--awb-textcolor:#747474;--awb-backgroundcolor:#f6f6f6;--awb-testimonial-border-style:solid;--awb-testimonial-border-color:var(--awb-color3);--awb-border-top-left-radius:0px;--awb-border-top-right-radius:0px;--awb-border-bottom-left-radius:0px;--awb-border-bottom-right-radius:0px;--testimonial-border-width-top:0px;--testimonial-border-width-right:0px;--testimonial-border-width-bottom:0px;--testimonial-border-width-left:0px;\" data-random=\"0\" data-speed=\"4000\"><div class=\"reviews\"> <div class=\"review active-testimonial avatar-above male\"><div class=\"testimonial-thumbnail doe\"><\/div><blockquote class=\"testimonials-shortcode-blockquote\"><div class=\"awb-quote\"><div class=\"awb-quote-content\">Mi sveglio al mattino con la sensazione di sentirmi \u201callungata\u201d, la colonna vertebrale \u00e8 come un gomitolo che ha avuto modo di srotolarsi e adagiarsi su un tessuto morbido e \u201cintelligente\u201d che ben si adatta e accoglie il corpo stanco di fine giornata<\/div><\/div><\/blockquote><div class=\"author\"><span class=\"company-name\"><strong>Roberto<\/strong><\/span><\/div><\/div> <div class=\"review avatar-above female\"><div class=\"testimonial-thumbnail doe\"><\/div><blockquote class=\"testimonials-shortcode-blockquote\"><div class=\"awb-quote\"><div class=\"awb-quote-content\">E\u2019 ormai qualche mese che \u201cdormiamo Pedano\u201d. Andare a letto, sapendo che c\u2019\u00e8 una realt\u00e0 che si prende cura di te intanto che riposi, \u00e8 bellissimo. Di fatto cos\u00ec \u00e8. Le condizioni della mia schiena sono ulteriormente migliorate e ci\u00f2, visto che gli anni passano, \u00e8 sicuramente un dato positivo<\/div><\/div><\/blockquote><div class=\"author\"><span class=\"company-name\"><strong>Antonella<\/strong><\/span><\/div><\/div> <\/div><div class=\"testimonial-pagination\" id=\"fusion-testimonials-1\"><a href=\"#\" aria-label=\"Testimonial Pagination\"  class=\"activeSlide\"><\/a><a href=\"#\" aria-label=\"Testimonial Pagination\" ><\/a><\/div><\/div><div class=\"fusion-clearfix\"><\/div><\/div><\/div>\n<p>&nbsp;<\/div><\/div><\/p>\n","protected":false},"excerpt":{"rendered":"<p>Mi dedicher\u00f2 a una nuova cultura del dormire. Perch\u00e9 gli italiani non dormono sano! tuonava Pino Pedano nel 1994, dalle pagine dell\u2019Espresso Era l\u2019inizio di un percorso di ricerca e di sensibilizzazione dell\u2019opinione pubblica sull\u2019importanza del sonno, una rivoluzione culturale silenziosa che ha portato allo sviluppo di un sistema letto unico, in grado di trasformare  [&#8230;]<\/p>\n","protected":false},"author":1,"featured_media":0,"parent":1552,"menu_order":0,"comment_status":"closed","ping_status":"closed","template":"","meta":{"footnotes":""},"class_list":["post-809","page","type-page","status-publish","hentry"],"yoast_head":"<!-- This site is optimized with the Yoast SEO plugin v26.8 - https:\/\/yoast.com\/product\/yoast-seo-wordpress\/ -->\n<title>Pedano festeggia vent&#039;anni di dormire naturale | Officinalia<\/title>\n<meta name=\"robots\" content=\"index, follow, max-snippet:-1, max-image-preview:large, max-video-preview:-1\" \/>\n<link rel=\"canonical\" href=\"https:\/\/www.belgioioso.it\/officinalia\/archivio\/2014-2\/pedano\/\" \/>\n<meta name=\"twitter:card\" content=\"summary_large_image\" \/>\n<meta name=\"twitter:title\" content=\"Pedano festeggia vent&#039;anni di dormire naturale | Officinalia\" \/>\n<meta name=\"twitter:description\" content=\"Mi dedicher\u00f2 a una nuova cultura del dormire. Perch\u00e9 gli italiani non dormono sano! tuonava Pino Pedano nel 1994, dalle pagine dell\u2019Espresso Era l\u2019inizio di un percorso di ricerca e di sensibilizzazione dell\u2019opinione pubblica sull\u2019importanza del sonno, una rivoluzione culturale silenziosa che ha portato allo sviluppo di un sistema letto unico, in grado di trasformare [...]\" \/>\n<meta name=\"twitter:image\" content=\"http:\/\/www.belgioioso.it\/officinalia\/files\/2013\/03\/1.jpg\" \/>\n<meta name=\"twitter:label1\" content=\"Tempo di lettura stimato\" \/>\n\t<meta name=\"twitter:data1\" content=\"2 minuti\" \/>\n<script type=\"application\/ld+json\" class=\"yoast-schema-graph\">{\"@context\":\"https:\/\/schema.org\",\"@graph\":[{\"@type\":\"WebPage\",\"@id\":\"https:\/\/www.belgioioso.it\/officinalia\/archivio\/2014-2\/pedano\/\",\"url\":\"https:\/\/www.belgioioso.it\/officinalia\/archivio\/2014-2\/pedano\/\",\"name\":\"Pedano festeggia vent'anni di dormire naturale | Officinalia\",\"isPartOf\":{\"@id\":\"https:\/\/www.belgioioso.it\/officinalia\/#website\"},\"primaryImageOfPage\":{\"@id\":\"https:\/\/www.belgioioso.it\/officinalia\/archivio\/2014-2\/pedano\/#primaryimage\"},\"image\":{\"@id\":\"https:\/\/www.belgioioso.it\/officinalia\/archivio\/2014-2\/pedano\/#primaryimage\"},\"thumbnailUrl\":\"http:\/\/www.belgioioso.it\/officinalia\/files\/2013\/03\/1.jpg\",\"datePublished\":\"2014-03-03T16:18:44+00:00\",\"dateModified\":\"2016-11-30T09:29:29+00:00\",\"breadcrumb\":{\"@id\":\"https:\/\/www.belgioioso.it\/officinalia\/archivio\/2014-2\/pedano\/#breadcrumb\"},\"inLanguage\":\"it-IT\",\"potentialAction\":[{\"@type\":\"ReadAction\",\"target\":[\"https:\/\/www.belgioioso.it\/officinalia\/archivio\/2014-2\/pedano\/\"]}]},{\"@type\":\"ImageObject\",\"inLanguage\":\"it-IT\",\"@id\":\"https:\/\/www.belgioioso.it\/officinalia\/archivio\/2014-2\/pedano\/#primaryimage\",\"url\":\"http:\/\/www.belgioioso.it\/officinalia\/files\/2013\/03\/1.jpg\",\"contentUrl\":\"http:\/\/www.belgioioso.it\/officinalia\/files\/2013\/03\/1.jpg\"},{\"@type\":\"BreadcrumbList\",\"@id\":\"https:\/\/www.belgioioso.it\/officinalia\/archivio\/2014-2\/pedano\/#breadcrumb\",\"itemListElement\":[{\"@type\":\"ListItem\",\"position\":1,\"name\":\"Home\",\"item\":\"https:\/\/www.belgioioso.it\/officinalia\/\"},{\"@type\":\"ListItem\",\"position\":2,\"name\":\"Fotogallery\",\"item\":\"https:\/\/www.belgioioso.it\/officinalia\/archivio\/\"},{\"@type\":\"ListItem\",\"position\":3,\"name\":\"Fotogallery 2014\",\"item\":\"https:\/\/www.belgioioso.it\/officinalia\/archivio\/2014-2\/\"},{\"@type\":\"ListItem\",\"position\":4,\"name\":\"Pedano festeggia vent&#8217;anni di dormire naturale\"}]},{\"@type\":\"WebSite\",\"@id\":\"https:\/\/www.belgioioso.it\/officinalia\/#website\",\"url\":\"https:\/\/www.belgioioso.it\/officinalia\/\",\"name\":\"Officinalia\",\"description\":\"Mostra dell&#039;alimentazione biologica e dell&#039;ecologia domestica\",\"potentialAction\":[{\"@type\":\"SearchAction\",\"target\":{\"@type\":\"EntryPoint\",\"urlTemplate\":\"https:\/\/www.belgioioso.it\/officinalia\/?s={search_term_string}\"},\"query-input\":{\"@type\":\"PropertyValueSpecification\",\"valueRequired\":true,\"valueName\":\"search_term_string\"}}],\"inLanguage\":\"it-IT\"}]}<\/script>\n<!-- \/ Yoast SEO plugin. -->","yoast_head_json":{"title":"Pedano festeggia vent'anni di dormire naturale | Officinalia","robots":{"index":"index","follow":"follow","max-snippet":"max-snippet:-1","max-image-preview":"max-image-preview:large","max-video-preview":"max-video-preview:-1"},"canonical":"https:\/\/www.belgioioso.it\/officinalia\/archivio\/2014-2\/pedano\/","twitter_card":"summary_large_image","twitter_title":"Pedano festeggia vent'anni di dormire naturale | Officinalia","twitter_description":"Mi dedicher\u00f2 a una nuova cultura del dormire. Perch\u00e9 gli italiani non dormono sano! tuonava Pino Pedano nel 1994, dalle pagine dell\u2019Espresso Era l\u2019inizio di un percorso di ricerca e di sensibilizzazione dell\u2019opinione pubblica sull\u2019importanza del sonno, una rivoluzione culturale silenziosa che ha portato allo sviluppo di un sistema letto unico, in grado di trasformare [...]","twitter_image":"http:\/\/www.belgioioso.it\/officinalia\/files\/2013\/03\/1.jpg","twitter_misc":{"Tempo di lettura stimato":"2 minuti"},"schema":{"@context":"https:\/\/schema.org","@graph":[{"@type":"WebPage","@id":"https:\/\/www.belgioioso.it\/officinalia\/archivio\/2014-2\/pedano\/","url":"https:\/\/www.belgioioso.it\/officinalia\/archivio\/2014-2\/pedano\/","name":"Pedano festeggia vent'anni di dormire naturale | Officinalia","isPartOf":{"@id":"https:\/\/www.belgioioso.it\/officinalia\/#website"},"primaryImageOfPage":{"@id":"https:\/\/www.belgioioso.it\/officinalia\/archivio\/2014-2\/pedano\/#primaryimage"},"image":{"@id":"https:\/\/www.belgioioso.it\/officinalia\/archivio\/2014-2\/pedano\/#primaryimage"},"thumbnailUrl":"http:\/\/www.belgioioso.it\/officinalia\/files\/2013\/03\/1.jpg","datePublished":"2014-03-03T16:18:44+00:00","dateModified":"2016-11-30T09:29:29+00:00","breadcrumb":{"@id":"https:\/\/www.belgioioso.it\/officinalia\/archivio\/2014-2\/pedano\/#breadcrumb"},"inLanguage":"it-IT","potentialAction":[{"@type":"ReadAction","target":["https:\/\/www.belgioioso.it\/officinalia\/archivio\/2014-2\/pedano\/"]}]},{"@type":"ImageObject","inLanguage":"it-IT","@id":"https:\/\/www.belgioioso.it\/officinalia\/archivio\/2014-2\/pedano\/#primaryimage","url":"http:\/\/www.belgioioso.it\/officinalia\/files\/2013\/03\/1.jpg","contentUrl":"http:\/\/www.belgioioso.it\/officinalia\/files\/2013\/03\/1.jpg"},{"@type":"BreadcrumbList","@id":"https:\/\/www.belgioioso.it\/officinalia\/archivio\/2014-2\/pedano\/#breadcrumb","itemListElement":[{"@type":"ListItem","position":1,"name":"Home","item":"https:\/\/www.belgioioso.it\/officinalia\/"},{"@type":"ListItem","position":2,"name":"Fotogallery","item":"https:\/\/www.belgioioso.it\/officinalia\/archivio\/"},{"@type":"ListItem","position":3,"name":"Fotogallery 2014","item":"https:\/\/www.belgioioso.it\/officinalia\/archivio\/2014-2\/"},{"@type":"ListItem","position":4,"name":"Pedano festeggia vent&#8217;anni di dormire naturale"}]},{"@type":"WebSite","@id":"https:\/\/www.belgioioso.it\/officinalia\/#website","url":"https:\/\/www.belgioioso.it\/officinalia\/","name":"Officinalia","description":"Mostra dell&#039;alimentazione biologica e dell&#039;ecologia domestica","potentialAction":[{"@type":"SearchAction","target":{"@type":"EntryPoint","urlTemplate":"https:\/\/www.belgioioso.it\/officinalia\/?s={search_term_string}"},"query-input":{"@type":"PropertyValueSpecification","valueRequired":true,"valueName":"search_term_string"}}],"inLanguage":"it-IT"}]}},"_links":{"self":[{"href":"https:\/\/www.belgioioso.it\/officinalia\/wp-json\/wp\/v2\/pages\/809","targetHints":{"allow":["GET"]}}],"collection":[{"href":"https:\/\/www.belgioioso.it\/officinalia\/wp-json\/wp\/v2\/pages"}],"about":[{"href":"https:\/\/www.belgioioso.it\/officinalia\/wp-json\/wp\/v2\/types\/page"}],"author":[{"embeddable":true,"href":"https:\/\/www.belgioioso.it\/officinalia\/wp-json\/wp\/v2\/users\/1"}],"replies":[{"embeddable":true,"href":"https:\/\/www.belgioioso.it\/officinalia\/wp-json\/wp\/v2\/comments?post=809"}],"version-history":[{"count":36,"href":"https:\/\/www.belgioioso.it\/officinalia\/wp-json\/wp\/v2\/pages\/809\/revisions"}],"predecessor-version":[{"id":2442,"href":"https:\/\/www.belgioioso.it\/officinalia\/wp-json\/wp\/v2\/pages\/809\/revisions\/2442"}],"up":[{"embeddable":true,"href":"https:\/\/www.belgioioso.it\/officinalia\/wp-json\/wp\/v2\/pages\/1552"}],"wp:attachment":[{"href":"https:\/\/www.belgioioso.it\/officinalia\/wp-json\/wp\/v2\/media?parent=809"}],"curies":[{"name":"wp","href":"https:\/\/api.w.org\/{rel}","templated":true}]}}