{"id":453,"date":"2013-03-11T17:06:38","date_gmt":"2013-03-11T16:06:38","guid":{"rendered":"http:\/\/www.belgioioso.it\/officinalia\/?page_id=453"},"modified":"2026-03-31T14:42:16","modified_gmt":"2026-03-31T13:42:16","slug":"fiera-bio","status":"publish","type":"page","link":"https:\/\/www.belgioioso.it\/officinalia\/fiera-bio\/","title":{"rendered":"Cosa \u00e8 Officinalia?"},"content":{"rendered":"<div class=\"fusion-fullwidth fullwidth-box fusion-builder-row-1 hundred-percent-fullwidth non-hundred-percent-height-scrolling\" style=\"--awb-border-radius-top-left:0px;--awb-border-radius-top-right:0px;--awb-border-radius-bottom-right:0px;--awb-border-radius-bottom-left:0px;--awb-overflow:visible;--awb-flex-wrap:wrap;\" ><div class=\"fusion-builder-row fusion-row\"><div class=\"fusion-layout-column fusion_builder_column fusion-builder-column-0 fusion_builder_column_1_1 1_1 fusion-one-full fusion-column-first fusion-column-last\" style=\"--awb-bg-blend:overlay;--awb-bg-size:cover;\"><div class=\"fusion-column-wrapper fusion-flex-column-wrapper-legacy\"><div class=\"fusion-title title fusion-title-1 fusion-sep-none fusion-title-text fusion-title-size-two\" style=\"--awb-sep-color:#ffffff;\"><h2 class=\"fusion-title-heading title-heading-left\" style=\"margin:0;\">La Fiera Bio al Castello di Belgioioso<\/h2><\/div><div class=\"fusion-video fusion-youtube fusion-no-small-visibility fusion-aligncenter\" style=\"--awb-max-width:800px;--awb-max-height:450px;--awb-width:100%;\"><div class=\"video-shortcode\"><div class=\"fluid-width-video-wrapper\" style=\"padding-top:56.25%;\" ><iframe title=\"YouTube video player 1\" src=\"https:\/\/www.youtube.com\/embed\/3v1QoL2bxF0?wmode=transparent&autoplay=0&oida=1\" width=\"800\" height=\"450\" allowfullscreen allow=\"autoplay; clipboard-write; encrypted-media; gyroscope; picture-in-picture;\"><\/iframe><\/div><\/div><\/div><div class=\"fusion-video fusion-youtube fusion-no-medium-visibility fusion-no-large-visibility fusion-aligncenter\" style=\"--awb-max-width:1080px;--awb-max-height:1920px;--awb-width:100%;\"><div class=\"video-shortcode\"><div class=\"fluid-width-video-wrapper\" style=\"padding-top:177.78%;\" ><iframe title=\"YouTube video player 2\" src=\"https:\/\/www.youtube.com\/embed\/kqTzuARwpv4?wmode=transparent&autoplay=0&oida=1\" width=\"1080\" height=\"1920\" allowfullscreen allow=\"autoplay; clipboard-write; encrypted-media; gyroscope; picture-in-picture;\"><\/iframe><\/div><\/div><\/div><div class=\"fusion-sep-clear\"><\/div><div class=\"fusion-separator fusion-full-width-sep\" style=\"margin-left: auto;margin-right: auto;margin-top:10px;margin-bottom:10px;width:100%;\"><\/div><div class=\"fusion-sep-clear\"><\/div><div class=\"fusion-text fusion-text-1\"><h3 class=\"fusion-responsive-typography-calculated\" style=\"--fontsize: 20; line-height: 1.2; --minfontsize: 20;\" data-fontsize=\"20\" data-lineheight=\"24px\">Che cos&#8217;\u00e8 Officinalia?<\/h3>\n<p style=\"text-align: left;\">Officinalia \u00e8 la storica fiera bio dell\u2019alimentazione biologica, biodinamica e dell\u2019ecologia domestica. Si svolger\u00e0 dal <strong>01 al 03 Maggio 2026<\/strong>, presso il Castello di Belgioioso, Pavia.<\/p>\n<p style=\"text-align: left;\">Fiera Bio alla quale aderiscono oltre 100 espositori provenienti da tutte le regioni italiane a presentare <strong>quanto, come e cosa<\/strong> si pu\u00f2 fare rispettando la terra, la natura e l\u2019ambiente.<\/p>\n<p style=\"text-align: left;\"><strong>Officinalia<\/strong> \u00e8 diventata<strong> un momento di incontro e di scambio<\/strong> culturale, di conseguenza la mostra tratter\u00e0 i temi connessi al mondo del biologico cercando di chiarire le differenze e i vantaggi di una scelta che sta entrando, sempre di pi\u00f9 nelle abitudini quotidiane, per un mutamento del proprio stile di vita.<\/p>\n<\/div><div class=\"fusion-clearfix\"><\/div><\/div><\/div><div class=\"fusion-layout-column fusion_builder_column fusion-builder-column-1 fusion_builder_column_1_1 1_1 fusion-one-full fusion-column-first fusion-column-last\" style=\"--awb-bg-blend:overlay;--awb-bg-size:cover;\"><div class=\"fusion-column-wrapper fusion-flex-column-wrapper-legacy\"><div class=\"fusion-title title fusion-title-2 fusion-sep-none fusion-title-text fusion-title-size-two\" style=\"--awb-sep-color:#ffffff;\"><h2 class=\"fusion-title-heading title-heading-left\" style=\"margin:0;\">Seguendo le Cicogne<\/h2><\/div><div class=\"fusion-image-element fusion-image-align-center in-legacy-container\" style=\"text-align:center;--awb-caption-title-font-family:var(--h2_typography-font-family);--awb-caption-title-font-weight:var(--h2_typography-font-weight);--awb-caption-title-font-style:var(--h2_typography-font-style);--awb-caption-title-size:var(--h2_typography-font-size);--awb-caption-title-transform:var(--h2_typography-text-transform);--awb-caption-title-line-height:var(--h2_typography-line-height);--awb-caption-title-letter-spacing:var(--h2_typography-letter-spacing);\"><div class=\"imageframe-align-center\"><span class=\" fusion-imageframe imageframe-none imageframe-1 hover-type-none\"><img decoding=\"async\" src=\"https:\/\/officinalia.s3.eu-north-1.amazonaws.com\/Le_Vide_Dei_Canti.jpg\" alt class=\"img-responsive wp-image-undefined\"\/><\/span><\/div><\/div><div class=\"fusion-sep-clear\"><\/div><div class=\"fusion-separator fusion-full-width-sep\" style=\"margin-left: auto;margin-right: auto;margin-top:10px;margin-bottom:10px;width:100%;\"><\/div><div class=\"fusion-sep-clear\"><\/div><div class=\"fusion-text fusion-text-2\"><h3>Vuoi fare un viaggio che attraversa gli angoli meno conosciuti del Parco Lombardo della Valle del Ticino, proclamato dall&#8217;UNESCO &#8220;Riserva della Biosfera&#8221; di interesse mondiale. prima di venire a Officinalia?<\/h3>\n<p><b>Si \u00e8 possibile<\/b>, e anche molto bello.<\/p>\n<p>Una Valle, quella a due passi dalle citt\u00e0 di Milano e Pavia, tutta da scoprire, dove la natura si affianca al lavoro dell\u2019uomo ed al modificarsi di paesaggi e condizioni di vita. Piccoli borghi contadini del pavese, sorti lungo le antiche vie di commercio, si alternano ai campi coltivati a riso, mentre il fiume, con la sua corona di boschi, scende nervosamente in mille meandri azzurri verso Pavia ed oltre&#8230; Luoghi da conoscere per capirne l\u2019essenza e la cultura, luoghi in cui la vita, ancor oggi, sembra scorrere su quadranti antichi misurati sullo scorrere lento delle stagioni.<\/p>\n<p>Il Viaggio \u00e8 organizzato dalla <strong>Guida Flavia Caironi<\/strong> delle Vie Dei Canti che tutti gli anni porta ad Officinalia visitatori a piedi seguendo la Via delle Cicogne.<\/p>\n<h3>Percorso<\/h3>\n<p>Il cammino inizia da Vigevano e vi porta a Bereguardo, un percorso che offre un&#8217;esperienza indimenticabile attraverso i paesaggi naturali della Lombardia. La giornata inizia con un viaggio in pullman privato dalla stazione ferroviaria di Vigevano, attraversando aree coltivate e passando per la splendida fattoria ducale di Ludovico il Moro, famosa per le sue marcite e le scale d&#8217;acqua studiate da Leonardo da Vinci.<\/p>\n<p>Dai Ronchi, il percorso prosegue a piedi attraverso i boschi del Ticino, con un sentiero che serpeggia attraverso panorami mozzafiato fino a Bereguardo, dove si pu\u00f2 ammirare il famoso ponte di barche. Dopo aver attraversato il ponte, il viaggio continua attraverso le campagne del pavese, passando per la Cascina Venara, dove \u00e8 possibile vedere una popolosa colonia di cicogne bianche.<\/p>\n<p>La tappa finale del cammino si svolge lungo la Via Francigena, che conduce alla meta finale: il castello di Belgioioso. La visita al castello \u00e8 arricchita dalla mostra-mercato Officinalia, dedicata all&#8217;alimentazione biologica, biodinamica e all&#8217;ecologia domestica, che si svolge nelle antiche sale del castello.<\/p>\n<p>Nel corso del cammino, \u00e8 possibile gustare i prodotti tipici della zona, pernottare in ostelli o ristoranti tipici e visitare i bellissimi centri storici di Pavia e Borgo Ticino. Un&#8217;esperienza immersiva nella natura e nella storia, che regala un&#8217;opportunit\u00e0 unica di scoprire il fascino della Lombardia.<\/p>\n<\/div><div class=\"fusion-aligncenter\"><a class=\"fusion-button button-flat fusion-button-default-size button-default fusion-button-default button-1 fusion-button-default-span fusion-button-default-type\" target=\"_blank\" rel=\"noopener noreferrer\" href=\"https:\/\/www.viedeicanti.it\/dettagli-viaggio\/744\/la-via-delle-cicogne\/\"><span class=\"fusion-button-text awb-button__text awb-button__text--default\">Scopri il programma completo<\/span><i class=\"fa-arrow-right fas awb-button__icon awb-button__icon--default button-icon-right\" aria-hidden=\"true\"><\/i><\/a><\/div><div class=\"fusion-clearfix\"><\/div><\/div><\/div><div class=\"fusion-layout-column fusion_builder_column fusion-builder-column-2 fusion_builder_column_1_2 1_2 fusion-one-half fusion-column-first\" style=\"--awb-bg-blend:overlay;--awb-bg-size:cover;width:50%;width:calc(50% - ( ( 4% ) * 0.5 ) );margin-right: 4%;\"><div class=\"fusion-column-wrapper fusion-flex-column-wrapper-legacy\"><div class=\"fusion-title title fusion-title-3 fusion-sep-none fusion-title-text fusion-title-size-two\" style=\"--awb-sep-color:#ffffff;\"><h2 class=\"fusion-title-heading title-heading-left\" style=\"margin:0;\">Date &amp; Orari<\/h2><\/div><div class=\"fusion-text fusion-text-3\"><div class=\"fusion-text\">\n<p>La prossima edizione di Officinalia sar\u00e0 aperta al pubblico dal <b>01 al 03 Maggio 2026<\/b>.<\/p>\n<p>Tutti i giorni con orario continuato dalle <strong>10 alle 20.<\/strong><\/p>\n<\/div>\n<\/div><div class=\"fusion-clearfix\"><\/div><\/div><\/div><div class=\"fusion-layout-column fusion_builder_column fusion-builder-column-3 fusion_builder_column_1_2 1_2 fusion-one-half fusion-column-last\" style=\"--awb-bg-blend:overlay;--awb-bg-size:cover;width:50%;width:calc(50% - ( ( 4% ) * 0.5 ) );\"><div class=\"fusion-column-wrapper fusion-flex-column-wrapper-legacy\"><div class=\"fusion-title title fusion-title-4 fusion-sep-none fusion-title-text fusion-title-size-two\" style=\"--awb-sep-color:#ffffff;\"><h2 class=\"fusion-title-heading title-heading-left\" style=\"margin:0;\">Biglietti<\/h2><\/div><div class=\"fusion-text fusion-text-4\"><div class=\"fusion-text\">\n<p>Il prezzo del biglietto \u00e8 di<\/p>\n<ul>\n<li>Intero : 9 euro<\/li>\n<li>Ridotto : 7 euro (6\/12 anni, over 65)<\/li>\n<li><strong>Riduzione per tutti<\/strong> <a href=\"https:\/\/www.belgioioso.it\/officinalia\/info-utili\/orari-e-biglietti\/\">\u2192 scopri come<\/a><\/li>\n<\/ul>\n<\/div>\n<\/div><div class=\"fusion-clearfix\"><\/div><\/div><\/div><\/div><\/div>\n","protected":false},"excerpt":{"rendered":"","protected":false},"author":1,"featured_media":0,"parent":0,"menu_order":0,"comment_status":"closed","ping_status":"closed","template":"","meta":{"footnotes":""},"class_list":["post-453","page","type-page","status-publish","hentry"],"yoast_head":"<!-- This site is optimized with the Yoast SEO plugin v26.8 - https:\/\/yoast.com\/product\/yoast-seo-wordpress\/ -->\n<title>La Fiera Bio di Belgioioso | Cosa \u00e8 Officinalia? | Pavia<\/title>\n<meta name=\"description\" content=\"Officinalia \u00e8 la storica fiera bio al Castello di Belgioioso: alimentazione biologica, cosmesi naturale, ecologia domestica da pi\u00f9 di 35 anni\" \/>\n<meta name=\"robots\" content=\"index, follow, max-snippet:-1, max-image-preview:large, max-video-preview:-1\" \/>\n<link rel=\"canonical\" href=\"https:\/\/www.belgioioso.it\/officinalia\/fiera-bio\/\" \/>\n<meta name=\"twitter:card\" content=\"summary_large_image\" \/>\n<meta name=\"twitter:title\" content=\"La Fiera Bio di Belgioioso | Cosa \u00e8 Officinalia? | Pavia\" \/>\n<meta name=\"twitter:description\" content=\"Officinalia \u00e8 la storica fiera bio al Castello di Belgioioso: alimentazione biologica, cosmesi naturale, ecologia domestica da pi\u00f9 di 35 anni\" \/>\n<meta name=\"twitter:label1\" content=\"Tempo di lettura stimato\" \/>\n\t<meta name=\"twitter:data1\" content=\"4 minuti\" \/>\n<script type=\"application\/ld+json\" class=\"yoast-schema-graph\">{\"@context\":\"https:\/\/schema.org\",\"@graph\":[{\"@type\":\"WebPage\",\"@id\":\"https:\/\/www.belgioioso.it\/officinalia\/fiera-bio\/\",\"url\":\"https:\/\/www.belgioioso.it\/officinalia\/fiera-bio\/\",\"name\":\"La Fiera Bio di Belgioioso | Cosa \u00e8 Officinalia? | Pavia\",\"isPartOf\":{\"@id\":\"https:\/\/www.belgioioso.it\/officinalia\/#website\"},\"datePublished\":\"2013-03-11T16:06:38+00:00\",\"dateModified\":\"2026-03-31T13:42:16+00:00\",\"description\":\"Officinalia \u00e8 la storica fiera bio al Castello di Belgioioso: alimentazione biologica, cosmesi naturale, ecologia domestica da pi\u00f9 di 35 anni\",\"breadcrumb\":{\"@id\":\"https:\/\/www.belgioioso.it\/officinalia\/fiera-bio\/#breadcrumb\"},\"inLanguage\":\"it-IT\",\"potentialAction\":[{\"@type\":\"ReadAction\",\"target\":[\"https:\/\/www.belgioioso.it\/officinalia\/fiera-bio\/\"]}]},{\"@type\":\"BreadcrumbList\",\"@id\":\"https:\/\/www.belgioioso.it\/officinalia\/fiera-bio\/#breadcrumb\",\"itemListElement\":[{\"@type\":\"ListItem\",\"position\":1,\"name\":\"Home\",\"item\":\"https:\/\/www.belgioioso.it\/officinalia\/\"},{\"@type\":\"ListItem\",\"position\":2,\"name\":\"Cosa \u00e8 Officinalia?\"}]},{\"@type\":\"WebSite\",\"@id\":\"https:\/\/www.belgioioso.it\/officinalia\/#website\",\"url\":\"https:\/\/www.belgioioso.it\/officinalia\/\",\"name\":\"Officinalia\",\"description\":\"Mostra dell&#039;alimentazione biologica e dell&#039;ecologia domestica\",\"potentialAction\":[{\"@type\":\"SearchAction\",\"target\":{\"@type\":\"EntryPoint\",\"urlTemplate\":\"https:\/\/www.belgioioso.it\/officinalia\/?s={search_term_string}\"},\"query-input\":{\"@type\":\"PropertyValueSpecification\",\"valueRequired\":true,\"valueName\":\"search_term_string\"}}],\"inLanguage\":\"it-IT\"}]}<\/script>\n<!-- \/ Yoast SEO plugin. -->","yoast_head_json":{"title":"La Fiera Bio di Belgioioso | Cosa \u00e8 Officinalia? | Pavia","description":"Officinalia \u00e8 la storica fiera bio al Castello di Belgioioso: alimentazione biologica, cosmesi naturale, ecologia domestica da pi\u00f9 di 35 anni","robots":{"index":"index","follow":"follow","max-snippet":"max-snippet:-1","max-image-preview":"max-image-preview:large","max-video-preview":"max-video-preview:-1"},"canonical":"https:\/\/www.belgioioso.it\/officinalia\/fiera-bio\/","twitter_card":"summary_large_image","twitter_title":"La Fiera Bio di Belgioioso | Cosa \u00e8 Officinalia? | Pavia","twitter_description":"Officinalia \u00e8 la storica fiera bio al Castello di Belgioioso: alimentazione biologica, cosmesi naturale, ecologia domestica da pi\u00f9 di 35 anni","twitter_misc":{"Tempo di lettura stimato":"4 minuti"},"schema":{"@context":"https:\/\/schema.org","@graph":[{"@type":"WebPage","@id":"https:\/\/www.belgioioso.it\/officinalia\/fiera-bio\/","url":"https:\/\/www.belgioioso.it\/officinalia\/fiera-bio\/","name":"La Fiera Bio di Belgioioso | Cosa \u00e8 Officinalia? | Pavia","isPartOf":{"@id":"https:\/\/www.belgioioso.it\/officinalia\/#website"},"datePublished":"2013-03-11T16:06:38+00:00","dateModified":"2026-03-31T13:42:16+00:00","description":"Officinalia \u00e8 la storica fiera bio al Castello di Belgioioso: alimentazione biologica, cosmesi naturale, ecologia domestica da pi\u00f9 di 35 anni","breadcrumb":{"@id":"https:\/\/www.belgioioso.it\/officinalia\/fiera-bio\/#breadcrumb"},"inLanguage":"it-IT","potentialAction":[{"@type":"ReadAction","target":["https:\/\/www.belgioioso.it\/officinalia\/fiera-bio\/"]}]},{"@type":"BreadcrumbList","@id":"https:\/\/www.belgioioso.it\/officinalia\/fiera-bio\/#breadcrumb","itemListElement":[{"@type":"ListItem","position":1,"name":"Home","item":"https:\/\/www.belgioioso.it\/officinalia\/"},{"@type":"ListItem","position":2,"name":"Cosa \u00e8 Officinalia?"}]},{"@type":"WebSite","@id":"https:\/\/www.belgioioso.it\/officinalia\/#website","url":"https:\/\/www.belgioioso.it\/officinalia\/","name":"Officinalia","description":"Mostra dell&#039;alimentazione biologica e dell&#039;ecologia domestica","potentialAction":[{"@type":"SearchAction","target":{"@type":"EntryPoint","urlTemplate":"https:\/\/www.belgioioso.it\/officinalia\/?s={search_term_string}"},"query-input":{"@type":"PropertyValueSpecification","valueRequired":true,"valueName":"search_term_string"}}],"inLanguage":"it-IT"}]}},"_links":{"self":[{"href":"https:\/\/www.belgioioso.it\/officinalia\/wp-json\/wp\/v2\/pages\/453","targetHints":{"allow":["GET"]}}],"collection":[{"href":"https:\/\/www.belgioioso.it\/officinalia\/wp-json\/wp\/v2\/pages"}],"about":[{"href":"https:\/\/www.belgioioso.it\/officinalia\/wp-json\/wp\/v2\/types\/page"}],"author":[{"embeddable":true,"href":"https:\/\/www.belgioioso.it\/officinalia\/wp-json\/wp\/v2\/users\/1"}],"replies":[{"embeddable":true,"href":"https:\/\/www.belgioioso.it\/officinalia\/wp-json\/wp\/v2\/comments?post=453"}],"version-history":[{"count":132,"href":"https:\/\/www.belgioioso.it\/officinalia\/wp-json\/wp\/v2\/pages\/453\/revisions"}],"predecessor-version":[{"id":5644,"href":"https:\/\/www.belgioioso.it\/officinalia\/wp-json\/wp\/v2\/pages\/453\/revisions\/5644"}],"wp:attachment":[{"href":"https:\/\/www.belgioioso.it\/officinalia\/wp-json\/wp\/v2\/media?parent=453"}],"curies":[{"name":"wp","href":"https:\/\/api.w.org\/{rel}","templated":true}]}}