{"id":2713,"date":"2018-04-09T13:47:21","date_gmt":"2018-04-09T12:47:21","guid":{"rendered":"http:\/\/www.belgioioso.it\/officinalia\/?page_id=2713"},"modified":"2018-11-13T16:19:59","modified_gmt":"2018-11-13T15:19:59","slug":"oltrepo-biodiverso","status":"publish","type":"page","link":"https:\/\/www.belgioioso.it\/officinalia\/archivio\/fotogallery-2018\/oltrepo-biodiverso\/","title":{"rendered":"Oltrep\u00f2 biodiverso"},"content":{"rendered":"<div class=\"fusion-fullwidth fullwidth-box fusion-builder-row-1 nonhundred-percent-fullwidth non-hundred-percent-height-scrolling\" style=\"--awb-border-radius-top-left:0px;--awb-border-radius-top-right:0px;--awb-border-radius-bottom-right:0px;--awb-border-radius-bottom-left:0px;--awb-flex-wrap:wrap;\" ><div class=\"fusion-builder-row fusion-row\"><div class=\"fusion-layout-column fusion_builder_column fusion-builder-column-0 fusion_builder_column_1_1 1_1 fusion-one-full fusion-column-first fusion-column-last\" style=\"--awb-bg-size:cover;\"><div class=\"fusion-column-wrapper fusion-flex-column-wrapper-legacy\"><div class=\"fusion-title title fusion-title-1 fusion-sep-none fusion-title-text fusion-title-size-two\" style=\"--awb-margin-bottom:0px;--awb-sep-color:#ffffff;\"><h2 class=\"fusion-title-heading title-heading-left\" style=\"margin:0;\">La Fondazione per lo sviluppo dell&#8217;Oltrep\u00f2 Pavese ad Officinalia<\/h2><\/div><div class=\"fusion-title title fusion-title-2 fusion-sep-none fusion-title-text fusion-title-size-three\" style=\"--awb-sep-color:#ffffff;\"><h3 class=\"fusion-title-heading title-heading-left\" style=\"margin:0;\">Mercoled\u00ec 2 Maggio<\/h3><\/div><div class=\"fusion-image-element in-legacy-container\" style=\"--awb-caption-title-font-family:var(--h2_typography-font-family);--awb-caption-title-font-weight:var(--h2_typography-font-weight);--awb-caption-title-font-style:var(--h2_typography-font-style);--awb-caption-title-size:var(--h2_typography-font-size);--awb-caption-title-transform:var(--h2_typography-text-transform);--awb-caption-title-line-height:var(--h2_typography-line-height);--awb-caption-title-letter-spacing:var(--h2_typography-letter-spacing);\"><span class=\" fusion-imageframe imageframe-none imageframe-1 hover-type-none\"><img decoding=\"async\" width=\"684\" height=\"455\" title=\"Arm12_web 0550\" src=\"https:\/\/scontent-mxp1-1.xx.fbcdn.net\/v\/t31.0-8\/18278369_437589266603433_4982810499798501481_o.jpg?_nc_cat=0&amp;oh=5bc78fba071a661ec1eb4ec637c66a94&amp;oe=5B661E8E\" alt class=\"img-responsive wp-image-2615\"\/><\/span><\/div><div class=\"fusion-sep-clear\"><\/div><div class=\"fusion-separator fusion-full-width-sep\" style=\"margin-left: auto;margin-right: auto;margin-top:10px;margin-bottom:10px;width:100%;\"><div class=\"fusion-separator-border sep-double\" style=\"--awb-height:20px;--awb-amount:20px;--awb-sep-color:#ffffff;border-color:#ffffff;border-top-width:1px;border-bottom-width:1px;\"><\/div><\/div><div class=\"fusion-sep-clear\"><\/div><div class=\"fusion-title title fusion-title-3 fusion-sep-none fusion-title-text fusion-title-size-three\" style=\"--awb-sep-color:#ffffff;\"><h3 class=\"fusion-title-heading title-heading-left\" style=\"margin:0;\">Il progetto Oltrep\u00f2 Biodiverso<\/h3><\/div><div class=\"fusion-text fusion-text-1\"><p>\u201cOltrepo(Bio)diverso, la natura che accoglie\u201d \u00e8 il progetto attraverso cui la Fondazione Sviluppo dell\u2019Oltrep\u00f2 Pavese, insieme ad un partenariato che conta 19 Enti del settore no profit, intende valorizzare il territorio collinare e montano pavese, unico spicchio di Appennino in Lombardia.<\/p>\n<p>Il progetto \u00e8 stato selezionato dalla Fondazione Cariplo, assieme a quello di V@lli Resilienti espresso dalle Comunit\u00e0 Montane di Valle Trompia e Valle Sabbia, nell\u2019ambito del programma intersettoriale AttivAree mirato al rilancio delle aree interne lombarde.<\/p>\n<p>Obiettivo del progetto \u00e8 fare della biodiversit\u00e0 ambientale d\u2019Oltrep\u00f2 la leva, basata su trasferimento di conoscenza e supporto allo sviluppo di innovative attivit\u00e0 agricole, produttive e di ricerca, per contrastare lo spopolamento, l\u2019isolamento e la stasi produttiva e sociale di queste aree.<\/p>\n<p>La Fondazione ha uno spazio all&#8217;interno di Officinalia, potrete trovarli tutti i giorni nell&#8217;atrio d&#8217;ingresso.<\/p>\n<p>Mercoled\u00ec 2 di Maggio, nella Sala degli Affreschi del Castello (propriet\u00e0 pubblica) la Fondazione presenter\u00e0:<\/p>\n<\/div><div class=\"fusion-text fusion-text-2\"><h3>11:00 &#8211; Sulla punta della lingua. Oltrep\u00f2 Biodiverso, una mappa di sapori tra tradizione e nuove frontiere del gusto<\/h3>\n<p>Tavola rotonda con studiosi dell&#8217;alimentazione, produttori e testimonial significativi delle filiere enogastronomiche del territorio oltrepadano.<\/p>\n<p>Partecipano:<br \/>\n<strong>Mario Maffi<\/strong>, enologo e grande conoscitore dell\u2019Oltrep\u00f2 Pavese<br \/>\n<strong>Teresio Nardi<\/strong>, presidente onorario della <a href=\"https:\/\/www.facebook.com\/ComunitaDelCiboOltrepoPavese\/\" target=\"_blank\" rel=\"noopener\">Comunit\u00e0 del Cibo dell\u2019Oltrep\u00f2 Pavese<\/a><br \/>\n<strong>Chiara Vona<\/strong>, cooperativa Eliante per <a href=\"http:\/\/www.flanet.org\/\" target=\"_blank\" rel=\"noopener\">F.L.A.<\/a> referente Progetto Vino 2.0<\/p>\n<p>Modera <strong>Giorgio Boatti<\/strong> della <a href=\"http:\/\/www.gal-oltrepo.it\/\" target=\"_blank\" rel=\"noopener\">Fondazione per lo sviluppo Oltrepo Pavese<\/a>.<\/p>\n<p>a conclusione: Aperitivo d&#8217;Oltrep\u00f2<\/p>\n<\/div><div class=\"fusion-text fusion-text-3\"><h3>15:00 &#8211; Dagli Appennini alle Alpi. Narrazione e valorizzazione delle aree interne<\/h3>\n<p>Apertura dei lavori e saluti istituzionali con Riccardo Fiamberti, presidente della Fondazione per lo Sviluppo dell\u2019Oltrep\u00f2 Pavese e Valeria Garibaldi, vice Direttore Area Ambiente Fondazione Cariplo.<\/p>\n<p>Partecipano:<br \/> <strong>Marco Boschini<\/strong>, coordinatore associazione <a href=\"http:\/\/comunivirtuosi.org\/\" target=\"_blank\" rel=\"noopener\">Comuni Virtuosi<\/a><br \/> <strong>Enrico Camanni<\/strong>, scrittore, autore di &#8220;<a href=\"http:\/\/www.enricocamanni.it\/\" target=\"_blank\" rel=\"noopener\">Alpi ribelli<\/a>&#8220;, alpinista, fondatore di Alp<br \/> <strong>Emanuele Caruso<\/strong>, regista del film <a href=\"https:\/\/laterrabuona.com\/film\/\" target=\"_blank\" rel=\"noopener\">\u201cLa terra buona\u201d<\/a><br \/> <strong>Cristiano Cavina<\/strong>, scrittore, finalista premio Strega con &#8220;<a href=\"http:\/\/www.marcosymarcos.com\/libri\/i-frutti-dimenticati\/\" target=\"_blank\" rel=\"noopener\">I frutti dimenticati<\/a>&#8220;<\/p>\n<p>coordina <strong>Claudio Calvaresi<\/strong>, operatore dell&#8217;innovazione territoriale, di <a href=\"http:\/\/www.avanzi.org\/\" target=\"_blank\" rel=\"noopener\">Avanzi Srl<\/a><\/p>\n<\/div><div class=\"fusion-image-element fusion-image-align-center in-legacy-container\" style=\"text-align:center;--awb-caption-title-font-family:var(--h2_typography-font-family);--awb-caption-title-font-weight:var(--h2_typography-font-weight);--awb-caption-title-font-style:var(--h2_typography-font-style);--awb-caption-title-size:var(--h2_typography-font-size);--awb-caption-title-transform:var(--h2_typography-text-transform);--awb-caption-title-line-height:var(--h2_typography-line-height);--awb-caption-title-letter-spacing:var(--h2_typography-letter-spacing);\"><div class=\"imageframe-align-center\"><span class=\" fusion-imageframe imageframe-none imageframe-2 hover-type-none\"><img decoding=\"async\" width=\"500\" height=\"364\" title=\"Screenshot-at-mar-28-16-46-26\" src=\"http:\/\/www.attivaree-oltrepobiodiverso.it\/wp-content\/uploads\/2017\/06\/OltrepoBiodiverso_Fondazione.png\" alt class=\"img-responsive wp-image-2669\"\/><\/span><\/div><\/div><div class=\"fusion-clearfix\"><\/div><\/div><\/div><\/div><\/div>\n","protected":false},"excerpt":{"rendered":"","protected":false},"author":1,"featured_media":0,"parent":4491,"menu_order":0,"comment_status":"closed","ping_status":"closed","template":"","meta":{"footnotes":""},"class_list":["post-2713","page","type-page","status-publish","hentry"],"yoast_head":"<!-- This site is optimized with the Yoast SEO plugin v26.8 - https:\/\/yoast.com\/product\/yoast-seo-wordpress\/ -->\n<title>Oltrep\u00f2 biodiverso | Officinalia<\/title>\n<meta name=\"robots\" content=\"index, follow, max-snippet:-1, max-image-preview:large, max-video-preview:-1\" \/>\n<link rel=\"canonical\" href=\"https:\/\/www.belgioioso.it\/officinalia\/archivio\/fotogallery-2018\/oltrepo-biodiverso\/\" \/>\n<meta name=\"twitter:card\" content=\"summary_large_image\" \/>\n<meta name=\"twitter:title\" content=\"Oltrep\u00f2 biodiverso | Officinalia\" \/>\n<meta name=\"twitter:label1\" content=\"Tempo di lettura stimato\" \/>\n\t<meta name=\"twitter:data1\" content=\"4 minuti\" \/>\n<script type=\"application\/ld+json\" class=\"yoast-schema-graph\">{\"@context\":\"https:\/\/schema.org\",\"@graph\":[{\"@type\":\"WebPage\",\"@id\":\"https:\/\/www.belgioioso.it\/officinalia\/archivio\/fotogallery-2018\/oltrepo-biodiverso\/\",\"url\":\"https:\/\/www.belgioioso.it\/officinalia\/archivio\/fotogallery-2018\/oltrepo-biodiverso\/\",\"name\":\"Oltrep\u00f2 biodiverso | Officinalia\",\"isPartOf\":{\"@id\":\"https:\/\/www.belgioioso.it\/officinalia\/#website\"},\"datePublished\":\"2018-04-09T12:47:21+00:00\",\"dateModified\":\"2018-11-13T15:19:59+00:00\",\"breadcrumb\":{\"@id\":\"https:\/\/www.belgioioso.it\/officinalia\/archivio\/fotogallery-2018\/oltrepo-biodiverso\/#breadcrumb\"},\"inLanguage\":\"it-IT\",\"potentialAction\":[{\"@type\":\"ReadAction\",\"target\":[\"https:\/\/www.belgioioso.it\/officinalia\/archivio\/fotogallery-2018\/oltrepo-biodiverso\/\"]}]},{\"@type\":\"BreadcrumbList\",\"@id\":\"https:\/\/www.belgioioso.it\/officinalia\/archivio\/fotogallery-2018\/oltrepo-biodiverso\/#breadcrumb\",\"itemListElement\":[{\"@type\":\"ListItem\",\"position\":1,\"name\":\"Home\",\"item\":\"https:\/\/www.belgioioso.it\/officinalia\/\"},{\"@type\":\"ListItem\",\"position\":2,\"name\":\"Fotogallery\",\"item\":\"https:\/\/www.belgioioso.it\/officinalia\/archivio\/\"},{\"@type\":\"ListItem\",\"position\":3,\"name\":\"Fotogallery 2018\",\"item\":\"https:\/\/www.belgioioso.it\/officinalia\/archivio\/fotogallery-2018\/\"},{\"@type\":\"ListItem\",\"position\":4,\"name\":\"Oltrep\u00f2 biodiverso\"}]},{\"@type\":\"WebSite\",\"@id\":\"https:\/\/www.belgioioso.it\/officinalia\/#website\",\"url\":\"https:\/\/www.belgioioso.it\/officinalia\/\",\"name\":\"Officinalia\",\"description\":\"Mostra dell&#039;alimentazione biologica e dell&#039;ecologia domestica\",\"potentialAction\":[{\"@type\":\"SearchAction\",\"target\":{\"@type\":\"EntryPoint\",\"urlTemplate\":\"https:\/\/www.belgioioso.it\/officinalia\/?s={search_term_string}\"},\"query-input\":{\"@type\":\"PropertyValueSpecification\",\"valueRequired\":true,\"valueName\":\"search_term_string\"}}],\"inLanguage\":\"it-IT\"}]}<\/script>\n<!-- \/ Yoast SEO plugin. -->","yoast_head_json":{"title":"Oltrep\u00f2 biodiverso | Officinalia","robots":{"index":"index","follow":"follow","max-snippet":"max-snippet:-1","max-image-preview":"max-image-preview:large","max-video-preview":"max-video-preview:-1"},"canonical":"https:\/\/www.belgioioso.it\/officinalia\/archivio\/fotogallery-2018\/oltrepo-biodiverso\/","twitter_card":"summary_large_image","twitter_title":"Oltrep\u00f2 biodiverso | Officinalia","twitter_misc":{"Tempo di lettura stimato":"4 minuti"},"schema":{"@context":"https:\/\/schema.org","@graph":[{"@type":"WebPage","@id":"https:\/\/www.belgioioso.it\/officinalia\/archivio\/fotogallery-2018\/oltrepo-biodiverso\/","url":"https:\/\/www.belgioioso.it\/officinalia\/archivio\/fotogallery-2018\/oltrepo-biodiverso\/","name":"Oltrep\u00f2 biodiverso | Officinalia","isPartOf":{"@id":"https:\/\/www.belgioioso.it\/officinalia\/#website"},"datePublished":"2018-04-09T12:47:21+00:00","dateModified":"2018-11-13T15:19:59+00:00","breadcrumb":{"@id":"https:\/\/www.belgioioso.it\/officinalia\/archivio\/fotogallery-2018\/oltrepo-biodiverso\/#breadcrumb"},"inLanguage":"it-IT","potentialAction":[{"@type":"ReadAction","target":["https:\/\/www.belgioioso.it\/officinalia\/archivio\/fotogallery-2018\/oltrepo-biodiverso\/"]}]},{"@type":"BreadcrumbList","@id":"https:\/\/www.belgioioso.it\/officinalia\/archivio\/fotogallery-2018\/oltrepo-biodiverso\/#breadcrumb","itemListElement":[{"@type":"ListItem","position":1,"name":"Home","item":"https:\/\/www.belgioioso.it\/officinalia\/"},{"@type":"ListItem","position":2,"name":"Fotogallery","item":"https:\/\/www.belgioioso.it\/officinalia\/archivio\/"},{"@type":"ListItem","position":3,"name":"Fotogallery 2018","item":"https:\/\/www.belgioioso.it\/officinalia\/archivio\/fotogallery-2018\/"},{"@type":"ListItem","position":4,"name":"Oltrep\u00f2 biodiverso"}]},{"@type":"WebSite","@id":"https:\/\/www.belgioioso.it\/officinalia\/#website","url":"https:\/\/www.belgioioso.it\/officinalia\/","name":"Officinalia","description":"Mostra dell&#039;alimentazione biologica e dell&#039;ecologia domestica","potentialAction":[{"@type":"SearchAction","target":{"@type":"EntryPoint","urlTemplate":"https:\/\/www.belgioioso.it\/officinalia\/?s={search_term_string}"},"query-input":{"@type":"PropertyValueSpecification","valueRequired":true,"valueName":"search_term_string"}}],"inLanguage":"it-IT"}]}},"_links":{"self":[{"href":"https:\/\/www.belgioioso.it\/officinalia\/wp-json\/wp\/v2\/pages\/2713","targetHints":{"allow":["GET"]}}],"collection":[{"href":"https:\/\/www.belgioioso.it\/officinalia\/wp-json\/wp\/v2\/pages"}],"about":[{"href":"https:\/\/www.belgioioso.it\/officinalia\/wp-json\/wp\/v2\/types\/page"}],"author":[{"embeddable":true,"href":"https:\/\/www.belgioioso.it\/officinalia\/wp-json\/wp\/v2\/users\/1"}],"replies":[{"embeddable":true,"href":"https:\/\/www.belgioioso.it\/officinalia\/wp-json\/wp\/v2\/comments?post=2713"}],"version-history":[{"count":23,"href":"https:\/\/www.belgioioso.it\/officinalia\/wp-json\/wp\/v2\/pages\/2713\/revisions"}],"predecessor-version":[{"id":2947,"href":"https:\/\/www.belgioioso.it\/officinalia\/wp-json\/wp\/v2\/pages\/2713\/revisions\/2947"}],"up":[{"embeddable":true,"href":"https:\/\/www.belgioioso.it\/officinalia\/wp-json\/wp\/v2\/pages\/4491"}],"wp:attachment":[{"href":"https:\/\/www.belgioioso.it\/officinalia\/wp-json\/wp\/v2\/media?parent=2713"}],"curies":[{"name":"wp","href":"https:\/\/api.w.org\/{rel}","templated":true}]}}