{"id":2598,"date":"2018-03-19T18:07:17","date_gmt":"2018-03-19T17:07:17","guid":{"rendered":"http:\/\/www.belgioioso.it\/officinalia\/?page_id=2598"},"modified":"2022-04-03T09:54:59","modified_gmt":"2022-04-03T08:54:59","slug":"giornata-dieta-dei-gruppi-sanguigni","status":"publish","type":"page","link":"https:\/\/www.belgioioso.it\/officinalia\/giornata-dieta-dei-gruppi-sanguigni\/","title":{"rendered":"Giornata della dieta dei gruppi sanguigni"},"content":{"rendered":"<p><div class=\"fusion-fullwidth fullwidth-box fusion-builder-row-1 nonhundred-percent-fullwidth non-hundred-percent-height-scrolling\" style=\"--awb-border-radius-top-left:0px;--awb-border-radius-top-right:0px;--awb-border-radius-bottom-right:0px;--awb-border-radius-bottom-left:0px;--awb-flex-wrap:wrap;\" ><div class=\"fusion-builder-row fusion-row\"><div class=\"fusion-layout-column fusion_builder_column fusion-builder-column-0 fusion_builder_column_1_1 1_1 fusion-one-full fusion-column-first fusion-column-last\" style=\"--awb-bg-size:cover;\"><div class=\"fusion-column-wrapper fusion-flex-column-wrapper-legacy\"><div class=\"fusion-title title fusion-title-1 fusion-sep-none fusion-title-text fusion-title-size-two\" style=\"--awb-margin-bottom:0px;--awb-sep-color:#ffffff;\"><h2 class=\"fusion-title-heading title-heading-left\" style=\"margin:0;\">Venerd\u00ec 4 Maggio 2018 &#8211; Giornata della dieta dei Gruppi Sanguigni<\/h2><\/div><div class=\"fusion-title title fusion-title-2 fusion-sep-none fusion-title-text fusion-title-size-three\" style=\"--awb-sep-color:#ffffff;\"><h3 class=\"fusion-title-heading title-heading-left\" style=\"margin:0;\">Show-cooking, presentazioni di volumi, incontri e testimonianze.<\/h3><\/div><div class=\"fusion-image-element fusion-image-align-center in-legacy-container\" style=\"text-align:center;--awb-caption-title-font-family:var(--h2_typography-font-family);--awb-caption-title-font-weight:var(--h2_typography-font-weight);--awb-caption-title-font-style:var(--h2_typography-font-style);--awb-caption-title-size:var(--h2_typography-font-size);--awb-caption-title-transform:var(--h2_typography-text-transform);--awb-caption-title-line-height:var(--h2_typography-line-height);--awb-caption-title-letter-spacing:var(--h2_typography-letter-spacing);\"><div class=\"imageframe-align-center\"><span class=\" fusion-imageframe imageframe-none imageframe-1 hover-type-zoomin\"><img decoding=\"async\" width=\"600\" height=\"327\" alt=\"giornata dei gruppi sanguigni\" title=\"giornata-dieta-gruppi-sanguigni\" src=\"https:\/\/www.belgioioso.it\/officinalia\/files\/2018\/03\/giornata-dieta-gruppi-sanguigni.jpg\" class=\"img-responsive wp-image-2599\" srcset=\"https:\/\/www.belgioioso.it\/officinalia\/files\/2018\/03\/giornata-dieta-gruppi-sanguigni-200x109.jpg 200w, https:\/\/www.belgioioso.it\/officinalia\/files\/2018\/03\/giornata-dieta-gruppi-sanguigni-400x218.jpg 400w, https:\/\/www.belgioioso.it\/officinalia\/files\/2018\/03\/giornata-dieta-gruppi-sanguigni.jpg 600w\" sizes=\"(max-width: 800px) 100vw, 600px\" \/><\/span><\/div><\/div><div class=\"fusion-sep-clear\"><\/div><div class=\"fusion-separator fusion-full-width-sep\" style=\"margin-left: auto;margin-right: auto;margin-top:10px;margin-bottom:10px;width:100%;\"><div class=\"fusion-separator-border sep-double\" style=\"--awb-height:20px;--awb-amount:20px;--awb-sep-color:#ffffff;border-color:#ffffff;border-top-width:1px;border-bottom-width:1px;\"><\/div><\/div><div class=\"fusion-sep-clear\"><\/div><div class=\"fusion-text fusion-text-1\"><p>Dopo due anni di Convivio Mozziano abbiamo deciso di modificare ancora la formula di questo incontro dei follower dei gruppi della dieta dei gruppi sanguigni di facebook.<\/p>\n<p>La soluzione che abbiamo trovato \u00e8 stata quella di dedicare una intera giornata in area conferenze ai gruppi sanguigni per dare la possibilit\u00e0, alle persone che la stanno seguendo o sono in procinto di fare questa scelta, di avere tutte le informazioni che desiderano e di poter chiacchierare e conversare con persone che portano avanti questa scelta da molti anni.<\/p>\n<p>Ci saranno diversi show-cooking con la possibilit\u00e0 non solo di seguire la ricetta ma anche di dialogare con gli chef, ascoltare le testimonianze di chi ha gi\u00e0 intrapreso questa scelta, presentazioni di volumi di ricette ad hoc, di chiacchierare con i rappresentanti dei gruppi che si sono formati in questi anni e che continuano a scambiarsi informazioni e suggerimenti.<\/p>\n<\/div><div class=\"fusion-clearfix\"><\/div><\/div><\/div><\/div><\/div><div class=\"fusion-fullwidth fullwidth-box fusion-builder-row-2 nonhundred-percent-fullwidth non-hundred-percent-height-scrolling\" style=\"--awb-border-radius-top-left:0px;--awb-border-radius-top-right:0px;--awb-border-radius-bottom-right:0px;--awb-border-radius-bottom-left:0px;--awb-flex-wrap:wrap;\" ><div class=\"fusion-builder-row fusion-row\"><div class=\"fusion-layout-column fusion_builder_column fusion-builder-column-1 fusion_builder_column_1_1 1_1 fusion-one-full fusion-column-first fusion-column-last\" style=\"--awb-bg-size:cover;\"><div class=\"fusion-column-wrapper fusion-flex-column-wrapper-legacy\"><div class=\"fusion-title title fusion-title-3 fusion-sep-none fusion-title-text fusion-title-size-three\" style=\"--awb-sep-color:#ffffff;\"><h3 class=\"fusion-title-heading title-heading-left\" style=\"margin:0;\">Programma della giornata &#8211; Venerd\u00ec 4 Maggio 2018<\/h3><\/div><div class=\"fusion-text fusion-text-2\"><p><strong>Ore 11<\/strong> : <strong>Paola Brancaleon<\/strong> scrittrice ed editore preso <a href=\"https:\/\/www.comidaedizioni.it\/\">Comida Edizioni<\/a> presenta &#8211; <em><strong>La dieta dei gruppi sanguigni : istruzioni per l&#8217;uso\u00a0<\/strong><\/em>Ovvero: come iniziare, come fare la spesa, come organizzarsi quando si pranza fuori casa e quando in famiglia ci sono gruppi sanguigni diversi.<\/p>\n<p><strong>Ore 12<\/strong> : <strong>Massimo Pignotti <\/strong>della community internet <a href=\"http:\/\/dietagrupposanguigno.it\/\" target=\"_blank\" rel=\"noopener\">dietadelgrupposanguigno.it<\/a>\u00a0&#8211; porta la testimonianza di come sia cambiata la sua vita dopo l&#8217;inizio della dieta del gruppo sanguigno.<\/p>\n<p><strong>Ore 15<\/strong> : <strong>Rita Cavalca<\/strong> &#8211; Ricercatrice in ambito di alimentazione e salute presenta, <em><strong>L&#8217;importanza delle &#8220;ricette&#8221;<\/strong><\/em> quando si seguono programmi alimentari<\/p>\n<p><strong>Ore 16<\/strong> : <strong>Francesca Trevisi<\/strong>\u00a0presenta il libro <em><strong>&#8220;\u00c8 tutta un&#8217;altra pasticceria<\/strong><\/em>&#8221; i dolci per chi non pu\u00f2 mangiare dolci, presentazione e cooking demo.<\/p>\n<p><strong>Ore 18<\/strong> : <strong>Polisano Dario<\/strong> &#8211; Biologo nutrizionista &#8211; Dieta Reset &#8211; Presentazione libro e miniconferenza sul tema: <em><strong>come resettare l&#8217;organismo e perdere peso velocemente ripristinando la propria salute<\/strong><\/em>.<\/p>\n<\/div><div class=\"fusion-clearfix\"><\/div><\/div><\/div><\/div><\/div><div class=\"fusion-fullwidth fullwidth-box fusion-builder-row-3 nonhundred-percent-fullwidth non-hundred-percent-height-scrolling\" style=\"--awb-border-radius-top-left:0px;--awb-border-radius-top-right:0px;--awb-border-radius-bottom-right:0px;--awb-border-radius-bottom-left:0px;--awb-flex-wrap:wrap;\" ><div class=\"fusion-builder-row fusion-row\"><div class=\"fusion-layout-column fusion_builder_column fusion-builder-column-2 fusion_builder_column_1_1 1_1 fusion-one-full fusion-column-first fusion-column-last\" style=\"--awb-bg-size:cover;\"><div class=\"fusion-column-wrapper fusion-flex-column-wrapper-legacy\"><div class=\"fusion-title title fusion-title-4 fusion-sep-none fusion-title-text fusion-title-size-two\" style=\"--awb-sep-color:#ffffff;\"><h2 class=\"fusion-title-heading title-heading-left\" style=\"margin:0;\">Partner del progetto<\/h2><\/div><div class=\"fusion-clearfix\"><\/div><\/div><\/div><div class=\"fusion-layout-column fusion_builder_column fusion-builder-column-3 fusion_builder_column_1_2 1_2 fusion-one-half fusion-column-first\" style=\"--awb-bg-size:cover;width:50%;width:calc(50% - ( ( 4% ) * 0.5 ) );margin-right: 4%;\"><div class=\"fusion-column-wrapper fusion-flex-column-wrapper-legacy\"><div class=\"fusion-title title fusion-title-5 fusion-sep-none fusion-title-text fusion-title-size-three\" style=\"--awb-sep-color:#ffffff;\"><h3 class=\"fusion-title-heading title-heading-left\" style=\"margin:0;\">Comida Edizioni<\/h3><\/div><div class=\"fusion-text fusion-text-3\"><p><a href=\"https:\/\/www.comidaedizioni.it\/\">Comida Edizioni<\/a> \u00e8 una giovane casa editrice nata quasi per gioco quando Paola Brancaleon ha cominciatoa scrivere un primo libro di ricette per la dieta dei gruppi sanguigni che \u00e8 diventato un vero e proprio punto di riferimento per chi segue o comincia la dieta dei gruppi sanguigni e vuole le idee chiare su cosa e come cucinare in maniera semplice e gustosa.<\/p>\n<\/div><div class=\"fusion-clearfix\"><\/div><\/div><\/div><div class=\"fusion-layout-column fusion_builder_column fusion-builder-column-4 fusion_builder_column_1_2 1_2 fusion-one-half fusion-column-last\" style=\"--awb-padding-top:20px;--awb-bg-size:cover;width:50%;width:calc(50% - ( ( 4% ) * 0.5 ) );\"><div class=\"fusion-column-wrapper fusion-flex-column-wrapper-legacy\"><div class=\"fusion-image-element in-legacy-container\" style=\"--awb-caption-title-font-family:var(--h2_typography-font-family);--awb-caption-title-font-weight:var(--h2_typography-font-weight);--awb-caption-title-font-style:var(--h2_typography-font-style);--awb-caption-title-size:var(--h2_typography-font-size);--awb-caption-title-transform:var(--h2_typography-text-transform);--awb-caption-title-line-height:var(--h2_typography-line-height);--awb-caption-title-letter-spacing:var(--h2_typography-letter-spacing);\"><span class=\" fusion-imageframe imageframe-none imageframe-2 hover-type-none\"><a class=\"fusion-no-lightbox\" href=\"https:\/\/www.comidaedizioni.it\/\" target=\"_blank\" aria-label=\"officinalia-biglietti\" rel=\"noopener noreferrer\"><img decoding=\"async\" width=\"683\" height=\"683\" src=\"https:\/\/www.paolabrancaleon.it\/content\/wp-content\/uploads\/2017\/11\/LogoIII.png\" alt class=\"img-responsive wp-image-2641\"\/><\/a><\/span><\/div><div class=\"fusion-clearfix\"><\/div><\/div><\/div><\/div><\/div><div class=\"fusion-fullwidth fullwidth-box fusion-builder-row-4 nonhundred-percent-fullwidth non-hundred-percent-height-scrolling\" style=\"--awb-border-radius-top-left:0px;--awb-border-radius-top-right:0px;--awb-border-radius-bottom-right:0px;--awb-border-radius-bottom-left:0px;--awb-flex-wrap:wrap;\" ><div class=\"fusion-builder-row fusion-row\"><div class=\"fusion-layout-column fusion_builder_column fusion-builder-column-5 fusion_builder_column_1_2 1_2 fusion-one-half fusion-column-first\" style=\"--awb-bg-size:cover;width:50%;width:calc(50% - ( ( 4% ) * 0.5 ) );margin-right: 4%;\"><div class=\"fusion-column-wrapper fusion-flex-column-wrapper-legacy\"><div class=\"fusion-title title fusion-title-6 fusion-sep-none fusion-title-text fusion-title-size-three\" style=\"--awb-sep-color:#ffffff;\"><h3 class=\"fusion-title-heading title-heading-left\" style=\"margin:0;\">Dietagrupposanguigno.it<\/h3><\/div><div class=\"fusion-text fusion-text-4\"><p>Uno dei siti pi\u00f9 completi sulla dieta dei gruppi sanguigni. Molto ben organizzato da Massimo Pignotti su <a href=\"http:\/\/dietagrupposanguigno.it\/\">dietagrupposanguigno.it<\/a> trovate una grande quantit\u00e0 di contenuti di qualit\u00e0, ricette, testimonianze, idee per colazioni e una grande community che si \u00e8 riunita intorno alla pagina facebook.<\/p>\n<\/div><div class=\"fusion-clearfix\"><\/div><\/div><\/div><div class=\"fusion-layout-column fusion_builder_column fusion-builder-column-6 fusion_builder_column_1_2 1_2 fusion-one-half fusion-column-last\" style=\"--awb-bg-size:cover;width:50%;width:calc(50% - ( ( 4% ) * 0.5 ) );\"><div class=\"fusion-column-wrapper fusion-flex-column-wrapper-legacy\"><div class=\"fusion-image-element in-legacy-container\" style=\"--awb-caption-title-font-family:var(--h2_typography-font-family);--awb-caption-title-font-weight:var(--h2_typography-font-weight);--awb-caption-title-font-style:var(--h2_typography-font-style);--awb-caption-title-size:var(--h2_typography-font-size);--awb-caption-title-transform:var(--h2_typography-text-transform);--awb-caption-title-line-height:var(--h2_typography-line-height);--awb-caption-title-letter-spacing:var(--h2_typography-letter-spacing);\"><span class=\" fusion-imageframe imageframe-none imageframe-3 hover-type-none\"><a class=\"fusion-no-lightbox\" href=\"http:\/\/dietagrupposanguigno.it\/\" target=\"_blank\" aria-label=\"Screenshot-at-mar-28-16-46-26\" rel=\"noopener noreferrer\"><img decoding=\"async\" width=\"500\" height=\"364\" src=\"https:\/\/www.belgioioso.it\/officinalia\/files\/2018\/03\/Screenshot-at-mar-28-16-46-26.jpg\" alt class=\"img-responsive wp-image-2669\" srcset=\"https:\/\/www.belgioioso.it\/officinalia\/files\/2018\/03\/Screenshot-at-mar-28-16-46-26-200x146.jpg 200w, https:\/\/www.belgioioso.it\/officinalia\/files\/2018\/03\/Screenshot-at-mar-28-16-46-26-400x291.jpg 400w, https:\/\/www.belgioioso.it\/officinalia\/files\/2018\/03\/Screenshot-at-mar-28-16-46-26.jpg 500w\" sizes=\"(max-width: 800px) 100vw, 500px\" \/><\/a><\/span><\/div><div class=\"fusion-clearfix\"><\/div><\/div><\/div><\/div><\/div><div class=\"fusion-fullwidth fullwidth-box fusion-builder-row-5 nonhundred-percent-fullwidth non-hundred-percent-height-scrolling\" style=\"--awb-border-radius-top-left:0px;--awb-border-radius-top-right:0px;--awb-border-radius-bottom-right:0px;--awb-border-radius-bottom-left:0px;--awb-flex-wrap:wrap;\" ><div class=\"fusion-builder-row fusion-row\"><div class=\"fusion-layout-column fusion_builder_column fusion-builder-column-7 fusion_builder_column_1_2 1_2 fusion-one-half fusion-column-first\" style=\"--awb-bg-size:cover;width:50%;width:calc(50% - ( ( 4% ) * 0.5 ) );margin-right: 4%;\"><div class=\"fusion-column-wrapper fusion-flex-column-wrapper-legacy\"><div class=\"fusion-title title fusion-title-7 fusion-sep-none fusion-title-text fusion-title-size-three\" style=\"--awb-sep-color:#ffffff;\"><h3 class=\"fusion-title-heading title-heading-left\" style=\"margin:0;\">Dario Polisano<\/h3><\/div><div class=\"fusion-text fusion-text-5\"><p>Il Dott. <a href=\"http:\/\/www.dottdariopolisano.it\/\" target=\"_blank\" rel=\"noopener\">Dario Polisano<\/a> \u00e8 un biologo-nutrizionista laureato che dopo aver risolto i gli innumerevoli problemi di salute che lo tormentavano ha deciso di aiutare gli altri impegnandosi a diffondere il suo metodo alimentare sviluppato dopo lunghi anni di studi, la <strong>Dieta Reset<\/strong>.<\/p>\n<\/div><div class=\"fusion-clearfix\"><\/div><\/div><\/div><div class=\"fusion-layout-column fusion_builder_column fusion-builder-column-8 fusion_builder_column_1_2 1_2 fusion-one-half fusion-column-last\" style=\"--awb-bg-size:cover;width:50%;width:calc(50% - ( ( 4% ) * 0.5 ) );\"><div class=\"fusion-column-wrapper fusion-flex-column-wrapper-legacy\"><div class=\"fusion-image-element in-legacy-container\" style=\"--awb-caption-title-font-family:var(--h2_typography-font-family);--awb-caption-title-font-weight:var(--h2_typography-font-weight);--awb-caption-title-font-style:var(--h2_typography-font-style);--awb-caption-title-size:var(--h2_typography-font-size);--awb-caption-title-transform:var(--h2_typography-text-transform);--awb-caption-title-line-height:var(--h2_typography-line-height);--awb-caption-title-letter-spacing:var(--h2_typography-letter-spacing);\"><span class=\" fusion-imageframe imageframe-none imageframe-4 hover-type-none\"><a class=\"fusion-no-lightbox\" href=\"http:\/\/www.dottdariopolisano.it\/\" target=\"_blank\" aria-label=\"Screenshot-at-mar-28-16-46-26\" rel=\"noopener noreferrer\"><img decoding=\"async\" width=\"500\" height=\"364\" src=\"https:\/\/scontent-mxp1-1.xx.fbcdn.net\/v\/t1.0-9\/26113843_1755823134448236_1292197634688952774_n.jpg?_nc_cat=0&amp;oh=ba2f5f2edeb33c737f64dffc0628a8e4&amp;oe=5B2AE98C\" alt class=\"img-responsive wp-image-2669\"\/><\/a><\/span><\/div><div class=\"fusion-clearfix\"><\/div><\/div><\/div><\/div><\/div><\/p>\n","protected":false},"excerpt":{"rendered":"","protected":false},"author":1,"featured_media":0,"parent":0,"menu_order":0,"comment_status":"closed","ping_status":"closed","template":"","meta":{"footnotes":""},"class_list":["post-2598","page","type-page","status-publish","hentry"],"yoast_head":"<!-- This site is optimized with the Yoast SEO plugin v26.8 - https:\/\/yoast.com\/product\/yoast-seo-wordpress\/ -->\n<title>Giornata della dieta dei gruppi sanguigni | Officinalia<\/title>\n<meta name=\"robots\" content=\"index, follow, max-snippet:-1, max-image-preview:large, max-video-preview:-1\" \/>\n<link rel=\"canonical\" href=\"https:\/\/www.belgioioso.it\/officinalia\/giornata-dieta-dei-gruppi-sanguigni\/\" \/>\n<meta name=\"twitter:card\" content=\"summary_large_image\" \/>\n<meta name=\"twitter:title\" content=\"Giornata della dieta dei gruppi sanguigni | Officinalia\" \/>\n<meta name=\"twitter:label1\" content=\"Tempo di lettura stimato\" \/>\n\t<meta name=\"twitter:data1\" content=\"9 minuti\" \/>\n<script type=\"application\/ld+json\" class=\"yoast-schema-graph\">{\"@context\":\"https:\/\/schema.org\",\"@graph\":[{\"@type\":\"WebPage\",\"@id\":\"https:\/\/www.belgioioso.it\/officinalia\/giornata-dieta-dei-gruppi-sanguigni\/\",\"url\":\"https:\/\/www.belgioioso.it\/officinalia\/giornata-dieta-dei-gruppi-sanguigni\/\",\"name\":\"Giornata della dieta dei gruppi sanguigni | Officinalia\",\"isPartOf\":{\"@id\":\"https:\/\/www.belgioioso.it\/officinalia\/#website\"},\"datePublished\":\"2018-03-19T17:07:17+00:00\",\"dateModified\":\"2022-04-03T08:54:59+00:00\",\"breadcrumb\":{\"@id\":\"https:\/\/www.belgioioso.it\/officinalia\/giornata-dieta-dei-gruppi-sanguigni\/#breadcrumb\"},\"inLanguage\":\"it-IT\",\"potentialAction\":[{\"@type\":\"ReadAction\",\"target\":[\"https:\/\/www.belgioioso.it\/officinalia\/giornata-dieta-dei-gruppi-sanguigni\/\"]}]},{\"@type\":\"BreadcrumbList\",\"@id\":\"https:\/\/www.belgioioso.it\/officinalia\/giornata-dieta-dei-gruppi-sanguigni\/#breadcrumb\",\"itemListElement\":[{\"@type\":\"ListItem\",\"position\":1,\"name\":\"Home\",\"item\":\"https:\/\/www.belgioioso.it\/officinalia\/\"},{\"@type\":\"ListItem\",\"position\":2,\"name\":\"Giornata della dieta dei gruppi sanguigni\"}]},{\"@type\":\"WebSite\",\"@id\":\"https:\/\/www.belgioioso.it\/officinalia\/#website\",\"url\":\"https:\/\/www.belgioioso.it\/officinalia\/\",\"name\":\"Officinalia\",\"description\":\"Mostra dell&#039;alimentazione biologica e dell&#039;ecologia domestica\",\"potentialAction\":[{\"@type\":\"SearchAction\",\"target\":{\"@type\":\"EntryPoint\",\"urlTemplate\":\"https:\/\/www.belgioioso.it\/officinalia\/?s={search_term_string}\"},\"query-input\":{\"@type\":\"PropertyValueSpecification\",\"valueRequired\":true,\"valueName\":\"search_term_string\"}}],\"inLanguage\":\"it-IT\"}]}<\/script>\n<!-- \/ Yoast SEO plugin. -->","yoast_head_json":{"title":"Giornata della dieta dei gruppi sanguigni | Officinalia","robots":{"index":"index","follow":"follow","max-snippet":"max-snippet:-1","max-image-preview":"max-image-preview:large","max-video-preview":"max-video-preview:-1"},"canonical":"https:\/\/www.belgioioso.it\/officinalia\/giornata-dieta-dei-gruppi-sanguigni\/","twitter_card":"summary_large_image","twitter_title":"Giornata della dieta dei gruppi sanguigni | Officinalia","twitter_misc":{"Tempo di lettura stimato":"9 minuti"},"schema":{"@context":"https:\/\/schema.org","@graph":[{"@type":"WebPage","@id":"https:\/\/www.belgioioso.it\/officinalia\/giornata-dieta-dei-gruppi-sanguigni\/","url":"https:\/\/www.belgioioso.it\/officinalia\/giornata-dieta-dei-gruppi-sanguigni\/","name":"Giornata della dieta dei gruppi sanguigni | Officinalia","isPartOf":{"@id":"https:\/\/www.belgioioso.it\/officinalia\/#website"},"datePublished":"2018-03-19T17:07:17+00:00","dateModified":"2022-04-03T08:54:59+00:00","breadcrumb":{"@id":"https:\/\/www.belgioioso.it\/officinalia\/giornata-dieta-dei-gruppi-sanguigni\/#breadcrumb"},"inLanguage":"it-IT","potentialAction":[{"@type":"ReadAction","target":["https:\/\/www.belgioioso.it\/officinalia\/giornata-dieta-dei-gruppi-sanguigni\/"]}]},{"@type":"BreadcrumbList","@id":"https:\/\/www.belgioioso.it\/officinalia\/giornata-dieta-dei-gruppi-sanguigni\/#breadcrumb","itemListElement":[{"@type":"ListItem","position":1,"name":"Home","item":"https:\/\/www.belgioioso.it\/officinalia\/"},{"@type":"ListItem","position":2,"name":"Giornata della dieta dei gruppi sanguigni"}]},{"@type":"WebSite","@id":"https:\/\/www.belgioioso.it\/officinalia\/#website","url":"https:\/\/www.belgioioso.it\/officinalia\/","name":"Officinalia","description":"Mostra dell&#039;alimentazione biologica e dell&#039;ecologia domestica","potentialAction":[{"@type":"SearchAction","target":{"@type":"EntryPoint","urlTemplate":"https:\/\/www.belgioioso.it\/officinalia\/?s={search_term_string}"},"query-input":{"@type":"PropertyValueSpecification","valueRequired":true,"valueName":"search_term_string"}}],"inLanguage":"it-IT"}]}},"_links":{"self":[{"href":"https:\/\/www.belgioioso.it\/officinalia\/wp-json\/wp\/v2\/pages\/2598","targetHints":{"allow":["GET"]}}],"collection":[{"href":"https:\/\/www.belgioioso.it\/officinalia\/wp-json\/wp\/v2\/pages"}],"about":[{"href":"https:\/\/www.belgioioso.it\/officinalia\/wp-json\/wp\/v2\/types\/page"}],"author":[{"embeddable":true,"href":"https:\/\/www.belgioioso.it\/officinalia\/wp-json\/wp\/v2\/users\/1"}],"replies":[{"embeddable":true,"href":"https:\/\/www.belgioioso.it\/officinalia\/wp-json\/wp\/v2\/comments?post=2598"}],"version-history":[{"count":21,"href":"https:\/\/www.belgioioso.it\/officinalia\/wp-json\/wp\/v2\/pages\/2598\/revisions"}],"predecessor-version":[{"id":4681,"href":"https:\/\/www.belgioioso.it\/officinalia\/wp-json\/wp\/v2\/pages\/2598\/revisions\/4681"}],"wp:attachment":[{"href":"https:\/\/www.belgioioso.it\/officinalia\/wp-json\/wp\/v2\/media?parent=2598"}],"curies":[{"name":"wp","href":"https:\/\/api.w.org\/{rel}","templated":true}]}}