{"id":2302,"date":"2016-03-03T12:28:05","date_gmt":"2016-03-03T11:28:05","guid":{"rendered":"http:\/\/www.belgioioso.it\/officinalia\/?page_id=2302"},"modified":"2016-11-30T10:29:29","modified_gmt":"2016-11-30T09:29:29","slug":"2015-archivio","status":"publish","type":"page","link":"https:\/\/www.belgioioso.it\/officinalia\/2015-archivio\/","title":{"rendered":"2015 Archivio attivit\u00e0"},"content":{"rendered":"<p><div class=\"fusion-fullwidth fullwidth-box fusion-builder-row-1 nonhundred-percent-fullwidth non-hundred-percent-height-scrolling\" style=\"--awb-background-position:left top;--awb-border-radius-top-left:0px;--awb-border-radius-top-right:0px;--awb-border-radius-bottom-right:0px;--awb-border-radius-bottom-left:0px;--awb-padding-top:20px;--awb-padding-bottom:20px;--awb-border-sizes-top:0px;--awb-border-sizes-bottom:0px;--awb-flex-wrap:wrap;\" ><div class=\"fusion-builder-row fusion-row\"><div class=\"fusion-layout-column fusion_builder_column fusion-builder-column-0 fusion_builder_column_1_1 1_1 fusion-one-full fusion-column-first fusion-column-last fusion-column-no-min-height\" style=\"--awb-bg-size:cover;--awb-margin-bottom:0px;\"><div class=\"fusion-column-wrapper fusion-flex-column-wrapper-legacy\"><div class=\"fusion-title title fusion-title-1 fusion-sep-none fusion-title-text fusion-title-size-one\" style=\"--awb-sep-color:#ffffff;\"><h1 class=\"fusion-title-heading title-heading-left\" style=\"margin:0;\">Attivit\u00e0 di Officinalia 2015<\/h1><\/div><div class=\"fusion-clearfix\"><\/div><\/div><\/div><div class=\"fusion-layout-column fusion_builder_column fusion-builder-column-1 fusion_builder_column_1_1 1_1 fusion-one-full fusion-column-first fusion-column-last fusion-column-no-min-height\" style=\"--awb-bg-size:cover;--awb-margin-bottom:0px;\"><div class=\"fusion-column-wrapper fusion-flex-column-wrapper-legacy\"><div class=\"fusion-video fusion-youtube\" style=\"--awb-max-width:767px;--awb-max-height:447px;\"><div class=\"video-shortcode\"><div class=\"fluid-width-video-wrapper\" style=\"padding-top:58.28%;\" ><iframe title=\"YouTube video player 1\" src=\"https:\/\/www.youtube.com\/embed\/73MTX4Z1fLM?wmode=transparent&autoplay=0&oida=1\" width=\"767\" height=\"447\" allowfullscreen allow=\"autoplay; clipboard-write; encrypted-media; gyroscope; picture-in-picture;\"><\/iframe><\/div><\/div><\/div><div class=\"fusion-sep-clear\"><\/div><div class=\"fusion-separator fusion-full-width-sep\" style=\"margin-left: auto;margin-right: auto;margin-top:10px;margin-bottom:10px;width:100%;\"><\/div><div class=\"fusion-sep-clear\"><\/div><div class=\"fusion-clearfix\"><\/div><\/div><\/div><div class=\"fusion-layout-column fusion_builder_column fusion-builder-column-2 fusion_builder_column_1_1 1_1 fusion-one-full fusion-column-first fusion-column-last fusion-column-no-min-height\" style=\"--awb-bg-size:cover;--awb-margin-bottom:0px;\"><div class=\"fusion-column-wrapper fusion-flex-column-wrapper-legacy\"><div class=\"fusion-title title fusion-title-2 fusion-sep-none fusion-title-text fusion-title-size-two\" style=\"--awb-sep-color:#ffffff;\"><h2 class=\"fusion-title-heading title-heading-left\" style=\"margin:0;\">Gas si gira!<\/h2><\/div><div class=\"fusion-image-element fusion-image-align-center in-legacy-container\" style=\"text-align:center;--awb-caption-title-font-family:var(--h2_typography-font-family);--awb-caption-title-font-weight:var(--h2_typography-font-weight);--awb-caption-title-font-style:var(--h2_typography-font-style);--awb-caption-title-size:var(--h2_typography-font-size);--awb-caption-title-transform:var(--h2_typography-text-transform);--awb-caption-title-line-height:var(--h2_typography-line-height);--awb-caption-title-letter-spacing:var(--h2_typography-letter-spacing);\"><div class=\"imageframe-align-center\"><span class=\" fusion-imageframe imageframe-none imageframe-1 hover-type-none\"><a class=\"fusion-no-lightbox\" href=\"http:\/\/www.belgioioso.it\/officinalia\/gas-si-gira\/\" target=\"_self\"><img decoding=\"async\" alt=\"gas-gi-gira\" src=\"http:\/\/www.belgioioso.it\/officinalia\/files\/2015\/01\/gruppo-dacquisto-solidale-home.jpg\" class=\"img-responsive\"\/><\/a><\/span><\/div><\/div><div class=\"fusion-sep-clear\"><\/div><div class=\"fusion-separator fusion-full-width-sep\" style=\"margin-left: auto;margin-right: auto;margin-top:10px;margin-bottom:10px;width:100%;\"><\/div><div class=\"fusion-sep-clear\"><\/div><div class=\"fusion-text fusion-text-1\"><p><em>Il mio gruppo d\u2019acquisto, chi siamo, cosa facciamo e perch\u00e8 farne parte. Finalit\u00e0, vantaggi e filosofia di questa scelta solidale.<\/em><\/p>\n<p>\u201cG.A.S. si gira!!\u201d \u00e8 una iniziativa ideata dal Castello di Belgioioso per i Gruppi d\u2019Acquisto Solidale.<\/p>\n<p>Lo scopo \u00e8 quello di stimolare nei gruppi d\u2019acquisto il desiderio di farsi conoscere, condividere la propria storia e lo spirito che ne hanno favorito la nascita.<\/p>\n<\/div><div class=\"fusion-aligncenter\"><a class=\"fusion-button button-flat fusion-button-default-size button-default fusion-button-default button-1 fusion-button-default-span fusion-button-default-type\" target=\"_self\" href=\"http:\/\/www.belgioioso.it\/officinalia\/gas-si-gira\/\"><span class=\"fusion-button-text awb-button__text awb-button__text--default\">Guarda i video partecipanti<\/span><i class=\" fa fa-video-camera awb-button__icon awb-button__icon--default button-icon-right\" aria-hidden=\"true\"><\/i><\/a><\/div><div class=\"fusion-clearfix\"><\/div><\/div><\/div><\/div><\/div><div class=\"fusion-fullwidth fullwidth-box fusion-builder-row-2 nonhundred-percent-fullwidth non-hundred-percent-height-scrolling\" style=\"--awb-background-position:left top;--awb-border-radius-top-left:0px;--awb-border-radius-top-right:0px;--awb-border-radius-bottom-right:0px;--awb-border-radius-bottom-left:0px;--awb-padding-top:20px;--awb-padding-bottom:20px;--awb-border-sizes-top:0px;--awb-border-sizes-bottom:0px;--awb-flex-wrap:wrap;\" ><div class=\"fusion-builder-row fusion-row\"><div class=\"fusion-layout-column fusion_builder_column fusion-builder-column-3 fusion_builder_column_1_1 1_1 fusion-one-full fusion-column-first fusion-column-last fusion-column-no-min-height\" style=\"--awb-bg-size:cover;--awb-margin-bottom:0px;\"><div class=\"fusion-column-wrapper fusion-flex-column-wrapper-legacy\"><div class=\"fusion-title title fusion-title-3 fusion-sep-none fusion-title-text fusion-title-size-two\" style=\"--awb-sep-color:#ffffff;\"><h2 class=\"fusion-title-heading title-heading-left\" style=\"margin:0;\">Oggi cucino bIo!<\/h2><\/div><div class=\"fusion-image-element fusion-image-align-center in-legacy-container\" style=\"text-align:center;--awb-caption-title-font-family:var(--h2_typography-font-family);--awb-caption-title-font-weight:var(--h2_typography-font-weight);--awb-caption-title-font-style:var(--h2_typography-font-style);--awb-caption-title-size:var(--h2_typography-font-size);--awb-caption-title-transform:var(--h2_typography-text-transform);--awb-caption-title-line-height:var(--h2_typography-line-height);--awb-caption-title-letter-spacing:var(--h2_typography-letter-spacing);\"><div class=\"imageframe-align-center\"><span class=\" fusion-imageframe imageframe-none imageframe-2 hover-type-none\"><a class=\"fusion-no-lightbox\" href=\"http:\/\/www.belgioioso.it\/officinalia\/oggi-cucino-bio\/\" target=\"_self\"><img decoding=\"async\" alt=\"oggi-cucino-bio\" src=\"http:\/\/www.belgioioso.it\/officinalia\/files\/2015\/01\/oggi-cucino-bio-2015-home.jpg\" class=\"img-responsive\"\/><\/a><\/span><\/div><\/div><div class=\"fusion-sep-clear\"><\/div><div class=\"fusion-separator fusion-full-width-sep\" style=\"margin-left: auto;margin-right: auto;margin-top:10px;margin-bottom:10px;width:100%;\"><\/div><div class=\"fusion-sep-clear\"><\/div><div class=\"fusion-text fusion-text-2\"><p><em>Cibo, cucina, chef, ricette, momenti di grande interesse, questo perch\u00e8 una alimentazione sana \u00e8 fondamentale per stare bene. Cucinare \u00e8 divertimento, occasione per sperimentare nuove idee e ricette da condividere con gli amici.<\/em><\/p>\n<p>Officinalia da 29 anni promuove e sostiene l\u2019agricoltura biologica e biodinamica, negli anni ha insegnato che Bio \u00e8 molto Buono e dall\u2019anno scorso abbiamo deciso di lasciare a voi la parola per continuare a imparare direttamente dai nostri visitatori, la bont\u00e0 della cucina bio.<\/p>\n<\/div><div class=\"fusion-aligncenter\"><a class=\"fusion-button button-flat fusion-button-default-size button-default fusion-button-default button-2 fusion-button-default-span fusion-button-default-type\" target=\"_self\" href=\"http:\/\/www.belgioioso.it\/officinalia\/gas-si-gira\/\"><span class=\"fusion-button-text awb-button__text awb-button__text--default\">Guarda le ricette partecipanti!<\/span><i class=\" fa fa-arrow-right awb-button__icon awb-button__icon--default button-icon-right\" aria-hidden=\"true\"><\/i><\/a><\/div><div class=\"fusion-clearfix\"><\/div><\/div><\/div><\/div><\/div><div class=\"fusion-fullwidth fullwidth-box fusion-builder-row-3 nonhundred-percent-fullwidth non-hundred-percent-height-scrolling\" style=\"--awb-background-position:left top;--awb-border-radius-top-left:0px;--awb-border-radius-top-right:0px;--awb-border-radius-bottom-right:0px;--awb-border-radius-bottom-left:0px;--awb-padding-top:20px;--awb-padding-bottom:20px;--awb-border-sizes-top:0px;--awb-border-sizes-bottom:0px;--awb-flex-wrap:wrap;\" ><div class=\"fusion-builder-row fusion-row\"><div class=\"fusion-layout-column fusion_builder_column fusion-builder-column-4 fusion_builder_column_1_1 1_1 fusion-one-full fusion-column-first fusion-column-last fusion-column-no-min-height\" style=\"--awb-bg-size:cover;--awb-margin-bottom:0px;\"><div class=\"fusion-column-wrapper fusion-flex-column-wrapper-legacy\"><div class=\"fusion-title title fusion-title-4 fusion-sep-none fusion-title-text fusion-title-size-two\" style=\"--awb-sep-color:#ffffff;\"><h2 class=\"fusion-title-heading title-heading-left\" style=\"margin:0;\">Ferite ma vincenti<\/h2><\/div><div class=\"fusion-image-element fusion-image-align-center in-legacy-container\" style=\"text-align:center;--awb-caption-title-font-family:var(--h2_typography-font-family);--awb-caption-title-font-weight:var(--h2_typography-font-weight);--awb-caption-title-font-style:var(--h2_typography-font-style);--awb-caption-title-size:var(--h2_typography-font-size);--awb-caption-title-transform:var(--h2_typography-text-transform);--awb-caption-title-line-height:var(--h2_typography-line-height);--awb-caption-title-letter-spacing:var(--h2_typography-letter-spacing);\"><div class=\"imageframe-align-center\"><span class=\" fusion-imageframe imageframe-none imageframe-3 hover-type-none\"><a class=\"fusion-no-lightbox\" href=\"http:\/\/www.belgioioso.it\/officinalia\/ferite-ma-vincenti\/\" target=\"_self\"><img decoding=\"async\" alt=\"ferite-ma-vincenti\" src=\"http:\/\/www.belgioioso.it\/officinalia\/files\/2015\/04\/ferite-ma-vincenti-mattia-calvo.jpg\" class=\"img-responsive\"\/><\/a><\/span><\/div><\/div><div class=\"fusion-sep-clear\"><\/div><div class=\"fusion-separator fusion-full-width-sep\" style=\"margin-left: auto;margin-right: auto;margin-top:10px;margin-bottom:10px;width:100%;\"><\/div><div class=\"fusion-sep-clear\"><\/div><div class=\"fusion-text fusion-text-3\"><p><em>20 scatti di donne provate da un tumore al seno che si sono volutamente spogliate per mostrare senza timore la cicatrice causata dall\u2019intervento chirurgico.<\/em><\/p>\n<p>In questo modo l\u2019associazione Yac Italia, che rappresenta a livello nazionale le donne affette da tumore al seno, ed in particolare quelle colpite in et\u00e0 giovanile e\/o con familiarit\u00e0, rende visibile la necessit\u00e0 di una maggiore sensibilit\u00e0 verso la prevenzione in quanto \u201cLe nostre giovani donne presentano necessit\u00e0, problematiche e situazioni cliniche differenti da chi contrae il tumore al seno in et\u00e0 tradizionale. L\u2019obiettivo di Yac Italia \u00e8 quello di sostenere la ricerca scientifica e di creare delle linee guida per un sano e corretto stile di vita, anche nel decorso della malattia e durante le terapie e le cure; ci\u00f2 significa intervenire in tre ambiti fondamentali ovvero l\u2019alimentazione, l\u2019attivit\u00e0 sportiva ed il benessere psicologico-mentale<\/p>\n<\/div><div class=\"fusion-aligncenter\"><a class=\"fusion-button button-flat fusion-button-default-size button-default fusion-button-default button-3 fusion-button-default-span fusion-button-default-type\" target=\"_self\" href=\"http:\/\/www.belgioioso.it\/officinalia\/ferite-ma-vincenti\/\"><span class=\"fusion-button-text awb-button__text awb-button__text--default\">Scopri di pi\u00f9!<\/span><i class=\" fa fa-arrow-right awb-button__icon awb-button__icon--default button-icon-right\" aria-hidden=\"true\"><\/i><\/a><\/div><div class=\"fusion-sep-clear\"><\/div><div class=\"fusion-separator fusion-full-width-sep\" style=\"margin-left: auto;margin-right: auto;margin-top:10px;margin-bottom:10px;width:100%;\"><\/div><div class=\"fusion-sep-clear\"><\/div><div class=\"fusion-clearfix\"><\/div><\/div><\/div><div class=\"fusion-layout-column fusion_builder_column fusion-builder-column-5 fusion_builder_column_1_1 1_1 fusion-one-full fusion-column-first fusion-column-last fusion-column-no-min-height\" style=\"--awb-bg-size:cover;--awb-margin-bottom:0px;\"><div class=\"fusion-column-wrapper fusion-flex-column-wrapper-legacy\"><div class=\"fusion-title title fusion-title-5 fusion-sep-none fusion-title-text fusion-title-size-two\" style=\"--awb-sep-color:#ffffff;\"><h2 class=\"fusion-title-heading title-heading-left\" style=\"margin:0;\">Le foto della scorsa edizione!<\/h2><\/div><div class=\"fusion-text fusion-text-4\"><p>Tutte le foto sono state scattate dal nostro <a href=\"http:\/\/andrealavaria.photoshelter.com\/\" target=\"_blank\">Andrea Lavaria<\/a><\/p>\n<\/div><div class=\"fusion-text fusion-text-5\"><p>[justified_image_grid facebook_id=349798273618 facebook_album=10154057795783619 caption=off mobile_caption=off orderby=title_asc last_row=hide orderby=rand retina_ready=yes]<\/p>\n<\/div><div class=\"fusion-clearfix\"><\/div><\/div><\/div><\/div><\/div><\/p>\n","protected":false},"excerpt":{"rendered":"","protected":false},"author":1,"featured_media":0,"parent":0,"menu_order":2,"comment_status":"closed","ping_status":"closed","template":"","meta":{"footnotes":""},"class_list":["post-2302","page","type-page","status-publish","hentry"],"yoast_head":"<!-- This site is optimized with the Yoast SEO plugin v26.8 - https:\/\/yoast.com\/product\/yoast-seo-wordpress\/ -->\n<title>2015 Archivio attivit\u00e0 | Officinalia<\/title>\n<meta name=\"robots\" content=\"index, follow, max-snippet:-1, max-image-preview:large, max-video-preview:-1\" \/>\n<link rel=\"canonical\" href=\"https:\/\/www.belgioioso.it\/officinalia\/2015-archivio\/\" \/>\n<meta name=\"twitter:card\" content=\"summary_large_image\" \/>\n<meta name=\"twitter:title\" content=\"2015 Archivio attivit\u00e0 | Officinalia\" \/>\n<meta name=\"twitter:image\" content=\"http:\/\/www.belgioioso.it\/officinalia\/files\/2015\/01\/gruppo-dacquisto-solidale-home.jpg\" \/>\n<meta name=\"twitter:label1\" content=\"Tempo di lettura stimato\" \/>\n\t<meta name=\"twitter:data1\" content=\"7 minuti\" \/>\n<script type=\"application\/ld+json\" class=\"yoast-schema-graph\">{\"@context\":\"https:\/\/schema.org\",\"@graph\":[{\"@type\":\"WebPage\",\"@id\":\"https:\/\/www.belgioioso.it\/officinalia\/2015-archivio\/\",\"url\":\"https:\/\/www.belgioioso.it\/officinalia\/2015-archivio\/\",\"name\":\"2015 Archivio attivit\u00e0 | Officinalia\",\"isPartOf\":{\"@id\":\"https:\/\/www.belgioioso.it\/officinalia\/#website\"},\"primaryImageOfPage\":{\"@id\":\"https:\/\/www.belgioioso.it\/officinalia\/2015-archivio\/#primaryimage\"},\"image\":{\"@id\":\"https:\/\/www.belgioioso.it\/officinalia\/2015-archivio\/#primaryimage\"},\"thumbnailUrl\":\"http:\/\/www.belgioioso.it\/officinalia\/files\/2015\/01\/gruppo-dacquisto-solidale-home.jpg\",\"datePublished\":\"2016-03-03T11:28:05+00:00\",\"dateModified\":\"2016-11-30T09:29:29+00:00\",\"breadcrumb\":{\"@id\":\"https:\/\/www.belgioioso.it\/officinalia\/2015-archivio\/#breadcrumb\"},\"inLanguage\":\"it-IT\",\"potentialAction\":[{\"@type\":\"ReadAction\",\"target\":[\"https:\/\/www.belgioioso.it\/officinalia\/2015-archivio\/\"]}]},{\"@type\":\"ImageObject\",\"inLanguage\":\"it-IT\",\"@id\":\"https:\/\/www.belgioioso.it\/officinalia\/2015-archivio\/#primaryimage\",\"url\":\"http:\/\/www.belgioioso.it\/officinalia\/files\/2015\/01\/gruppo-dacquisto-solidale-home.jpg\",\"contentUrl\":\"http:\/\/www.belgioioso.it\/officinalia\/files\/2015\/01\/gruppo-dacquisto-solidale-home.jpg\"},{\"@type\":\"BreadcrumbList\",\"@id\":\"https:\/\/www.belgioioso.it\/officinalia\/2015-archivio\/#breadcrumb\",\"itemListElement\":[{\"@type\":\"ListItem\",\"position\":1,\"name\":\"Home\",\"item\":\"https:\/\/www.belgioioso.it\/officinalia\/\"},{\"@type\":\"ListItem\",\"position\":2,\"name\":\"2015 Archivio attivit\u00e0\"}]},{\"@type\":\"WebSite\",\"@id\":\"https:\/\/www.belgioioso.it\/officinalia\/#website\",\"url\":\"https:\/\/www.belgioioso.it\/officinalia\/\",\"name\":\"Officinalia\",\"description\":\"Mostra dell&#039;alimentazione biologica e dell&#039;ecologia domestica\",\"potentialAction\":[{\"@type\":\"SearchAction\",\"target\":{\"@type\":\"EntryPoint\",\"urlTemplate\":\"https:\/\/www.belgioioso.it\/officinalia\/?s={search_term_string}\"},\"query-input\":{\"@type\":\"PropertyValueSpecification\",\"valueRequired\":true,\"valueName\":\"search_term_string\"}}],\"inLanguage\":\"it-IT\"}]}<\/script>\n<!-- \/ Yoast SEO plugin. -->","yoast_head_json":{"title":"2015 Archivio attivit\u00e0 | Officinalia","robots":{"index":"index","follow":"follow","max-snippet":"max-snippet:-1","max-image-preview":"max-image-preview:large","max-video-preview":"max-video-preview:-1"},"canonical":"https:\/\/www.belgioioso.it\/officinalia\/2015-archivio\/","twitter_card":"summary_large_image","twitter_title":"2015 Archivio attivit\u00e0 | Officinalia","twitter_image":"http:\/\/www.belgioioso.it\/officinalia\/files\/2015\/01\/gruppo-dacquisto-solidale-home.jpg","twitter_misc":{"Tempo di lettura stimato":"7 minuti"},"schema":{"@context":"https:\/\/schema.org","@graph":[{"@type":"WebPage","@id":"https:\/\/www.belgioioso.it\/officinalia\/2015-archivio\/","url":"https:\/\/www.belgioioso.it\/officinalia\/2015-archivio\/","name":"2015 Archivio attivit\u00e0 | Officinalia","isPartOf":{"@id":"https:\/\/www.belgioioso.it\/officinalia\/#website"},"primaryImageOfPage":{"@id":"https:\/\/www.belgioioso.it\/officinalia\/2015-archivio\/#primaryimage"},"image":{"@id":"https:\/\/www.belgioioso.it\/officinalia\/2015-archivio\/#primaryimage"},"thumbnailUrl":"http:\/\/www.belgioioso.it\/officinalia\/files\/2015\/01\/gruppo-dacquisto-solidale-home.jpg","datePublished":"2016-03-03T11:28:05+00:00","dateModified":"2016-11-30T09:29:29+00:00","breadcrumb":{"@id":"https:\/\/www.belgioioso.it\/officinalia\/2015-archivio\/#breadcrumb"},"inLanguage":"it-IT","potentialAction":[{"@type":"ReadAction","target":["https:\/\/www.belgioioso.it\/officinalia\/2015-archivio\/"]}]},{"@type":"ImageObject","inLanguage":"it-IT","@id":"https:\/\/www.belgioioso.it\/officinalia\/2015-archivio\/#primaryimage","url":"http:\/\/www.belgioioso.it\/officinalia\/files\/2015\/01\/gruppo-dacquisto-solidale-home.jpg","contentUrl":"http:\/\/www.belgioioso.it\/officinalia\/files\/2015\/01\/gruppo-dacquisto-solidale-home.jpg"},{"@type":"BreadcrumbList","@id":"https:\/\/www.belgioioso.it\/officinalia\/2015-archivio\/#breadcrumb","itemListElement":[{"@type":"ListItem","position":1,"name":"Home","item":"https:\/\/www.belgioioso.it\/officinalia\/"},{"@type":"ListItem","position":2,"name":"2015 Archivio attivit\u00e0"}]},{"@type":"WebSite","@id":"https:\/\/www.belgioioso.it\/officinalia\/#website","url":"https:\/\/www.belgioioso.it\/officinalia\/","name":"Officinalia","description":"Mostra dell&#039;alimentazione biologica e dell&#039;ecologia domestica","potentialAction":[{"@type":"SearchAction","target":{"@type":"EntryPoint","urlTemplate":"https:\/\/www.belgioioso.it\/officinalia\/?s={search_term_string}"},"query-input":{"@type":"PropertyValueSpecification","valueRequired":true,"valueName":"search_term_string"}}],"inLanguage":"it-IT"}]}},"_links":{"self":[{"href":"https:\/\/www.belgioioso.it\/officinalia\/wp-json\/wp\/v2\/pages\/2302","targetHints":{"allow":["GET"]}}],"collection":[{"href":"https:\/\/www.belgioioso.it\/officinalia\/wp-json\/wp\/v2\/pages"}],"about":[{"href":"https:\/\/www.belgioioso.it\/officinalia\/wp-json\/wp\/v2\/types\/page"}],"author":[{"embeddable":true,"href":"https:\/\/www.belgioioso.it\/officinalia\/wp-json\/wp\/v2\/users\/1"}],"replies":[{"embeddable":true,"href":"https:\/\/www.belgioioso.it\/officinalia\/wp-json\/wp\/v2\/comments?post=2302"}],"version-history":[{"count":16,"href":"https:\/\/www.belgioioso.it\/officinalia\/wp-json\/wp\/v2\/pages\/2302\/revisions"}],"predecessor-version":[{"id":2428,"href":"https:\/\/www.belgioioso.it\/officinalia\/wp-json\/wp\/v2\/pages\/2302\/revisions\/2428"}],"wp:attachment":[{"href":"https:\/\/www.belgioioso.it\/officinalia\/wp-json\/wp\/v2\/media?parent=2302"}],"curies":[{"name":"wp","href":"https:\/\/api.w.org\/{rel}","templated":true}]}}