{"id":2185,"date":"2015-04-22T15:12:37","date_gmt":"2015-04-22T14:12:37","guid":{"rendered":"http:\/\/www.belgioioso.it\/officinalia\/?page_id=2185"},"modified":"2016-11-30T10:29:29","modified_gmt":"2016-11-30T09:29:29","slug":"ferite-ma-vincenti","status":"publish","type":"page","link":"https:\/\/www.belgioioso.it\/officinalia\/2015-archivio\/ferite-ma-vincenti\/","title":{"rendered":"Ferite ma vincenti"},"content":{"rendered":"<h2>Ferite ma vincenti<\/h2>\n<p style=\"text-align: justify;\">20 scatti di donne provate da un tumore al seno che si sono volutamente spogliate per mostrare senza timore la cicatrice causata dall\u2019intervento chirurgico.<\/p>\n<p style=\"text-align: justify;\">In questo modo l&#8217;associazione <a href=\"http:\/\/www.yacitalia.com\/officinalia\/\" target=\"_blank\">Yac Italia<\/a>, che rappresenta a livello nazionale le donne affette da tumore al seno, ed in particolare quelle colpite in et\u00e0 giovanile e\/o con familiarit\u00e0, rende visibile la necessit\u00e0 di una maggiore sensibilit\u00e0 verso la prevenzione in quanto \u201cLe nostre giovani donne presentano necessit\u00e0, problematiche e situazioni cliniche differenti da chi contrae il tumore al seno in et\u00e0 tradizionale. L&#8217;obiettivo di Yac Italia \u00e8 quello di sostenere la ricerca scientifica e di creare delle linee guida per un sano e corretto stile di vita, anche nel decorso della malattia e durante le terapie e le cure; ci\u00f2 significa intervenire in tre ambiti fondamentali ovvero l\u2019alimentazione, l\u2019attivit\u00e0 sportiva ed il benessere psicologico-mentale<\/p>\n<p><img decoding=\"async\" class=\"alignnone size-full wp-image-2117\" src=\"http:\/\/www.belgioioso.it\/officinalia\/files\/2015\/04\/ferite-ma-vincenti-mattia-calvo.jpg\" alt=\"ferite-ma-vincenti-mattia-calvo\" width=\"800\" height=\"450\" srcset=\"https:\/\/www.belgioioso.it\/officinalia\/files\/2015\/04\/ferite-ma-vincenti-mattia-calvo-300x169.jpg 300w, https:\/\/www.belgioioso.it\/officinalia\/files\/2015\/04\/ferite-ma-vincenti-mattia-calvo.jpg 800w\" sizes=\"(max-width: 800px) 100vw, 800px\" \/><\/p>\n<h3>Lo scandalo del femminino<\/h3>\n<p>di Molina Angela Francesca,\u00a0medico \u2013 psicoterapeuta \u2013 analista adleriano<\/p>\n<p style=\"text-align: justify;\">La mostra fotografica YAC ITALIA, gi\u00e0 allocata nella cornice di Santa Maria Gualtieri in Pavia nel\u00a0marzo 2014, ha suscitato scalpore. Il commento\/accusa era riferito alla tematica \u201cforte\u201d.<br \/>\nEffettivamente si tratta di fotografie che ritraggono pazienti affette da cancro al seno ma l&#8217;abitudine\u00a0che abbiamo all&#8217;uso ed abuso del corpo femminile, nudo o vestito, in tutti gli ambiti, rende di per s\u00e9\u00a0incomprensibile il commento.<br \/>\nMattia Calvo, il fotografo autore della mostra, non ancora trentenne, proviene da studi filosofici e\u00a0ha definito in quel contesto la propria macchina fotografica un \u201cprolungamento di s\u00e9 \u201c.<\/p>\n<p>Con queste informazioni mi accingo a guardare in solitaria la mostra.<\/p>\n<p>Bianco e nero, capace di investire in dinamismo un tempo apparentemente fermo. Le immagini\u00a0ritraggono donne ancora giovani ma vissute di lavoro, di relazioni, di parti. Fantastico sullo sguardo\u00a0del giovane uomo che le ha ritratte, lo penso indugiare sui volti e furtivo, quasi imbarazzato, sui\u00a0seni feriti. L&#8217; occhio di un uomo nella mente di chi ancora \u00e8 figlio.<\/p>\n<p>E allora, quasi per magia, come accade nella stanza d&#8217;analisi, quando, affondando nell&#8217;inconscio<br \/>\ndell&#8217;altro, ti imbatti improvvisamente nella parte pi\u00f9 arcaica, filogenetica, che ti ferma il respiro, mi compaiono immagini e pensieri.\u00a0Mi paiono moderne Madonne medioevali che svelano l&#8217;antica Dea.\u00a0Connubio di vita e morte come \u00e8 la vita stessa per la donna, abituata da subito al sangue periodico fautore di vita, all&#8217;associare amore,affettivit\u00e0, paura, a durezza, dolore, rabbia.\u00a0Rammento che ce ne vuole di rabbia per mettere al mondo un figlio; battaglia di corpi, nati uno nell&#8217;altra e poi, per improvvisa decisione dell&#8217;ordine naturale delle cose, costretti a respingersi per\u00a0potersi reincontrare.<\/p>\n<p>Ecco cosa trasmettono queste immagini: il femminino ancestrale, che non pu\u00f2 sentirsi singolo ma appartenente al tutto.<br \/>\nE avverto questa sensazione che si combina con le medesime pazienti in\u00a0stanza d&#8217;analisi quando, andate oltre il timore della devastazione del corpo, il timore della morte per s\u00e9, giungono al pi\u00f9 profondo \u201c ho figli piccoli, non posso morire, non ora \u201c che ti fa comprendere che il nucleo arcaico del femminino \u00e8 ancora vivo: fare la propria parte per il futuro degli altri mettendo insieme paura e coraggio.<\/p>\n<p>La distanza tra il maschile occhio \u2013 obiettivo e l&#8217;immagine femminile \u00e8 la distanza rispettosa tra il\u00a0giovane uomo, forse ancora non conscio del potere familiare, sociale, politico ed evolutivo della\u00a0coppia, e l&#8217;imago del femminino. Attrazione e timore, forza e fragilit\u00e0, accudimento e spinta\u00a0all&#8217;autonomia.<\/p>\n<p>Ecco lo scandalo: il femminile attrattivo e la malattia che lo pervade, la potenza del femminino che mille volte ferito ( e di femminicidio questo Paese se ne intende ) ancora investe in passione edempatia per risollevarsi dopo ogni volta.<br \/>\nVederle \u00e8 vedere dei volti e dei corpi. Guardarle \u00e8 osservare la determinazione, la resistenza, la\u00a0tranquilla caparbiet\u00e0 della vita.<\/p>\n<p>Sono nate sotto il segno del coraggio.<\/p>\n","protected":false},"excerpt":{"rendered":"<p>Ferite ma vincenti 20 scatti di donne provate da un tumore al seno che si sono volutamente spogliate per mostrare senza timore la cicatrice causata dall\u2019intervento chirurgico. In questo modo l&#8217;associazione Yac Italia, che rappresenta a livello nazionale le donne affette da tumore al seno, ed in particolare quelle colpite in et\u00e0 giovanile e\/o con  [&#8230;]<\/p>\n","protected":false},"author":1,"featured_media":0,"parent":2302,"menu_order":0,"comment_status":"closed","ping_status":"closed","template":"","meta":{"footnotes":""},"class_list":["post-2185","page","type-page","status-publish","hentry"],"yoast_head":"<!-- This site is optimized with the Yoast SEO plugin v26.8 - https:\/\/yoast.com\/product\/yoast-seo-wordpress\/ -->\n<title>Ferite ma vincenti | Officinalia<\/title>\n<meta name=\"robots\" content=\"index, follow, max-snippet:-1, max-image-preview:large, max-video-preview:-1\" \/>\n<link rel=\"canonical\" href=\"https:\/\/www.belgioioso.it\/officinalia\/2015-archivio\/ferite-ma-vincenti\/\" \/>\n<meta name=\"twitter:card\" content=\"summary_large_image\" \/>\n<meta name=\"twitter:title\" content=\"Ferite ma vincenti | Officinalia\" \/>\n<meta name=\"twitter:description\" content=\"Ferite ma vincenti 20 scatti di donne provate da un tumore al seno che si sono volutamente spogliate per mostrare senza timore la cicatrice causata dall\u2019intervento chirurgico. In questo modo l&#8217;associazione Yac Italia, che rappresenta a livello nazionale le donne affette da tumore al seno, ed in particolare quelle colpite in et\u00e0 giovanile e\/o con [...]\" \/>\n<meta name=\"twitter:image\" content=\"http:\/\/www.belgioioso.it\/officinalia\/files\/2015\/04\/ferite-ma-vincenti-mattia-calvo.jpg\" \/>\n<meta name=\"twitter:label1\" content=\"Tempo di lettura stimato\" \/>\n\t<meta name=\"twitter:data1\" content=\"3 minuti\" \/>\n<script type=\"application\/ld+json\" class=\"yoast-schema-graph\">{\"@context\":\"https:\/\/schema.org\",\"@graph\":[{\"@type\":\"WebPage\",\"@id\":\"https:\/\/www.belgioioso.it\/officinalia\/2015-archivio\/ferite-ma-vincenti\/\",\"url\":\"https:\/\/www.belgioioso.it\/officinalia\/2015-archivio\/ferite-ma-vincenti\/\",\"name\":\"Ferite ma vincenti | Officinalia\",\"isPartOf\":{\"@id\":\"https:\/\/www.belgioioso.it\/officinalia\/#website\"},\"primaryImageOfPage\":{\"@id\":\"https:\/\/www.belgioioso.it\/officinalia\/2015-archivio\/ferite-ma-vincenti\/#primaryimage\"},\"image\":{\"@id\":\"https:\/\/www.belgioioso.it\/officinalia\/2015-archivio\/ferite-ma-vincenti\/#primaryimage\"},\"thumbnailUrl\":\"http:\/\/www.belgioioso.it\/officinalia\/files\/2015\/04\/ferite-ma-vincenti-mattia-calvo.jpg\",\"datePublished\":\"2015-04-22T14:12:37+00:00\",\"dateModified\":\"2016-11-30T09:29:29+00:00\",\"breadcrumb\":{\"@id\":\"https:\/\/www.belgioioso.it\/officinalia\/2015-archivio\/ferite-ma-vincenti\/#breadcrumb\"},\"inLanguage\":\"it-IT\",\"potentialAction\":[{\"@type\":\"ReadAction\",\"target\":[\"https:\/\/www.belgioioso.it\/officinalia\/2015-archivio\/ferite-ma-vincenti\/\"]}]},{\"@type\":\"ImageObject\",\"inLanguage\":\"it-IT\",\"@id\":\"https:\/\/www.belgioioso.it\/officinalia\/2015-archivio\/ferite-ma-vincenti\/#primaryimage\",\"url\":\"http:\/\/www.belgioioso.it\/officinalia\/files\/2015\/04\/ferite-ma-vincenti-mattia-calvo.jpg\",\"contentUrl\":\"http:\/\/www.belgioioso.it\/officinalia\/files\/2015\/04\/ferite-ma-vincenti-mattia-calvo.jpg\"},{\"@type\":\"BreadcrumbList\",\"@id\":\"https:\/\/www.belgioioso.it\/officinalia\/2015-archivio\/ferite-ma-vincenti\/#breadcrumb\",\"itemListElement\":[{\"@type\":\"ListItem\",\"position\":1,\"name\":\"Home\",\"item\":\"https:\/\/www.belgioioso.it\/officinalia\/\"},{\"@type\":\"ListItem\",\"position\":2,\"name\":\"2015 Archivio attivit\u00e0\",\"item\":\"https:\/\/www.belgioioso.it\/officinalia\/2015-archivio\/\"},{\"@type\":\"ListItem\",\"position\":3,\"name\":\"Ferite ma vincenti\"}]},{\"@type\":\"WebSite\",\"@id\":\"https:\/\/www.belgioioso.it\/officinalia\/#website\",\"url\":\"https:\/\/www.belgioioso.it\/officinalia\/\",\"name\":\"Officinalia\",\"description\":\"Mostra dell&#039;alimentazione biologica e dell&#039;ecologia domestica\",\"potentialAction\":[{\"@type\":\"SearchAction\",\"target\":{\"@type\":\"EntryPoint\",\"urlTemplate\":\"https:\/\/www.belgioioso.it\/officinalia\/?s={search_term_string}\"},\"query-input\":{\"@type\":\"PropertyValueSpecification\",\"valueRequired\":true,\"valueName\":\"search_term_string\"}}],\"inLanguage\":\"it-IT\"}]}<\/script>\n<!-- \/ Yoast SEO plugin. -->","yoast_head_json":{"title":"Ferite ma vincenti | Officinalia","robots":{"index":"index","follow":"follow","max-snippet":"max-snippet:-1","max-image-preview":"max-image-preview:large","max-video-preview":"max-video-preview:-1"},"canonical":"https:\/\/www.belgioioso.it\/officinalia\/2015-archivio\/ferite-ma-vincenti\/","twitter_card":"summary_large_image","twitter_title":"Ferite ma vincenti | Officinalia","twitter_description":"Ferite ma vincenti 20 scatti di donne provate da un tumore al seno che si sono volutamente spogliate per mostrare senza timore la cicatrice causata dall\u2019intervento chirurgico. In questo modo l&#8217;associazione Yac Italia, che rappresenta a livello nazionale le donne affette da tumore al seno, ed in particolare quelle colpite in et\u00e0 giovanile e\/o con [...]","twitter_image":"http:\/\/www.belgioioso.it\/officinalia\/files\/2015\/04\/ferite-ma-vincenti-mattia-calvo.jpg","twitter_misc":{"Tempo di lettura stimato":"3 minuti"},"schema":{"@context":"https:\/\/schema.org","@graph":[{"@type":"WebPage","@id":"https:\/\/www.belgioioso.it\/officinalia\/2015-archivio\/ferite-ma-vincenti\/","url":"https:\/\/www.belgioioso.it\/officinalia\/2015-archivio\/ferite-ma-vincenti\/","name":"Ferite ma vincenti | Officinalia","isPartOf":{"@id":"https:\/\/www.belgioioso.it\/officinalia\/#website"},"primaryImageOfPage":{"@id":"https:\/\/www.belgioioso.it\/officinalia\/2015-archivio\/ferite-ma-vincenti\/#primaryimage"},"image":{"@id":"https:\/\/www.belgioioso.it\/officinalia\/2015-archivio\/ferite-ma-vincenti\/#primaryimage"},"thumbnailUrl":"http:\/\/www.belgioioso.it\/officinalia\/files\/2015\/04\/ferite-ma-vincenti-mattia-calvo.jpg","datePublished":"2015-04-22T14:12:37+00:00","dateModified":"2016-11-30T09:29:29+00:00","breadcrumb":{"@id":"https:\/\/www.belgioioso.it\/officinalia\/2015-archivio\/ferite-ma-vincenti\/#breadcrumb"},"inLanguage":"it-IT","potentialAction":[{"@type":"ReadAction","target":["https:\/\/www.belgioioso.it\/officinalia\/2015-archivio\/ferite-ma-vincenti\/"]}]},{"@type":"ImageObject","inLanguage":"it-IT","@id":"https:\/\/www.belgioioso.it\/officinalia\/2015-archivio\/ferite-ma-vincenti\/#primaryimage","url":"http:\/\/www.belgioioso.it\/officinalia\/files\/2015\/04\/ferite-ma-vincenti-mattia-calvo.jpg","contentUrl":"http:\/\/www.belgioioso.it\/officinalia\/files\/2015\/04\/ferite-ma-vincenti-mattia-calvo.jpg"},{"@type":"BreadcrumbList","@id":"https:\/\/www.belgioioso.it\/officinalia\/2015-archivio\/ferite-ma-vincenti\/#breadcrumb","itemListElement":[{"@type":"ListItem","position":1,"name":"Home","item":"https:\/\/www.belgioioso.it\/officinalia\/"},{"@type":"ListItem","position":2,"name":"2015 Archivio attivit\u00e0","item":"https:\/\/www.belgioioso.it\/officinalia\/2015-archivio\/"},{"@type":"ListItem","position":3,"name":"Ferite ma vincenti"}]},{"@type":"WebSite","@id":"https:\/\/www.belgioioso.it\/officinalia\/#website","url":"https:\/\/www.belgioioso.it\/officinalia\/","name":"Officinalia","description":"Mostra dell&#039;alimentazione biologica e dell&#039;ecologia domestica","potentialAction":[{"@type":"SearchAction","target":{"@type":"EntryPoint","urlTemplate":"https:\/\/www.belgioioso.it\/officinalia\/?s={search_term_string}"},"query-input":{"@type":"PropertyValueSpecification","valueRequired":true,"valueName":"search_term_string"}}],"inLanguage":"it-IT"}]}},"_links":{"self":[{"href":"https:\/\/www.belgioioso.it\/officinalia\/wp-json\/wp\/v2\/pages\/2185","targetHints":{"allow":["GET"]}}],"collection":[{"href":"https:\/\/www.belgioioso.it\/officinalia\/wp-json\/wp\/v2\/pages"}],"about":[{"href":"https:\/\/www.belgioioso.it\/officinalia\/wp-json\/wp\/v2\/types\/page"}],"author":[{"embeddable":true,"href":"https:\/\/www.belgioioso.it\/officinalia\/wp-json\/wp\/v2\/users\/1"}],"replies":[{"embeddable":true,"href":"https:\/\/www.belgioioso.it\/officinalia\/wp-json\/wp\/v2\/comments?post=2185"}],"version-history":[{"count":3,"href":"https:\/\/www.belgioioso.it\/officinalia\/wp-json\/wp\/v2\/pages\/2185\/revisions"}],"predecessor-version":[{"id":2188,"href":"https:\/\/www.belgioioso.it\/officinalia\/wp-json\/wp\/v2\/pages\/2185\/revisions\/2188"}],"up":[{"embeddable":true,"href":"https:\/\/www.belgioioso.it\/officinalia\/wp-json\/wp\/v2\/pages\/2302"}],"wp:attachment":[{"href":"https:\/\/www.belgioioso.it\/officinalia\/wp-json\/wp\/v2\/media?parent=2185"}],"curies":[{"name":"wp","href":"https:\/\/api.w.org\/{rel}","templated":true}]}}