{"id":1636,"date":"2015-01-29T23:28:58","date_gmt":"2015-01-29T22:28:58","guid":{"rendered":"http:\/\/www.belgioioso.it\/officinalia\/?page_id=1636"},"modified":"2016-11-30T10:29:29","modified_gmt":"2016-11-30T09:29:29","slug":"regolamento-partecipazione","status":"publish","type":"page","link":"https:\/\/www.belgioioso.it\/officinalia\/2015-archivio\/gas-si-gira\/regolamento-partecipazione\/","title":{"rendered":"Regolamento e modalit\u00e0 di partecipazione"},"content":{"rendered":"<p><img decoding=\"async\" class=\"aligncenter  wp-image-1737\" src=\"http:\/\/www.belgioioso.it\/officinalia\/files\/2015\/01\/GAS1.jpg\" alt=\"GAS1\" width=\"497\" height=\"344\" srcset=\"https:\/\/www.belgioioso.it\/officinalia\/files\/2015\/01\/GAS1-300x208.jpg 300w, https:\/\/www.belgioioso.it\/officinalia\/files\/2015\/01\/GAS1.jpg 978w\" sizes=\"(max-width: 497px) 100vw, 497px\" \/><\/p>\n<p><em>\u201cGAS si gira!!\u201d \u00e8 un\u2019iniziativa nata dalla passione e dalle affinit\u00e0 elettive che Officinalia ha in comune con la filosofia e le idee di sostenibilit\u00e0 e condivisione che caratterizzano le organizzazioni come i Gruppi d&#8217;Acquisto Solidale.<br \/>\n<\/em><em>Il fine \u00e8 quello di \u00a0sensibilizzare e incrementare nelle persone la conoscenza di queste realt\u00e0.<\/em><\/p>\n<p>Il tema di questa video sfida \u00e8 infatti &#8220;<strong>Gruppi d&#8217;acquisto solidale : finalit\u00e0 e vantaggi<\/strong>&#8221;<br \/>\nAi partecipanti\u00a0lasciamo la massima creativit\u00e0 per quanto riguarda le tecniche espressive,\u00a0i video devono rappresentare il proprio gruppo, la provenienza, le finalit\u00e0 e i vantaggi di questa scelta.<\/p>\n<h2>A chi \u00e8 rivolta l\u2019iniziativa<\/h2>\n<p>L\u2019iniziativa \u00e8 aperta a tutti i gruppi d&#8217;acquisto solidale attivi almeno da due anni.<\/p>\n<h2>Come partecipare<\/h2>\n<p>Ecco i passi necessari a partecipare a GAS si gira!<\/p>\n<ol>\n<li>Girare e montare il video!!<\/li>\n<li>Inviare una mail a <a href=\"mailto:belgioioso@belgioioso.it?Subject=GAS SI GIRA!\" target=\"_top\">belgioioso@belgioioso.it<\/a> che comprenda una rendicontazione economica delle spese sostenute per la realizzazione del video (necessaria alla partecipazione in quanto criterio di valutazione) e una piccola descrizione del vostro G.A.S. e delle vostre attivit\u00e0.<\/li>\n<li>Inviare il vostro video in formato Mpeg4 Pal\/Avi\/Mov tramite piattaforma WETRANSFER\u00a0all\u2019indirizzo <strong>belgioioso@belgioioso.it.<\/strong><\/li>\n<li>Il file dovr\u00e0 essere nominato con il titolo, il nome del Gas e la citt\u00e0 di provenienza es: <em>GASati! (titolo) &#8211; GASBELGIOIOSO (Nome Gas) &#8211; BELGIOIOSO (Citt\u00e0).<\/em><\/li>\n<\/ol>\n<h2>Requisiti delle opere sottoposte<\/h2>\n<ol>\n<li>Le opere devono essere originali e mai presentate in altre occasione.<\/li>\n<li>Le opere devono avere una durata massima di 5 minuti.<\/li>\n<li>Le opere devono seguire il tema proposto nella sfida<\/li>\n<\/ol>\n<h2>Come eleggeremo i vincitori della sfida<\/h2>\n<p>Tutti i video partecipanti verranno pubblicati sul canale youtube del Castello di Belgioioso e linkati su un evento facebook dal nome &#8220;G.A.S. si gira!&#8221;. I vincitori verranno selezionati seguendo 4 criteri<\/p>\n<ol>\n<li>Giuria di addetti ai lavori (30%)<\/li>\n<li>La giuria popolare tramite i like\u00a0sui video pubblicati sull&#8217;evento <a href=\"http:\/\/www.facebook.com\/castellodibelgioioso\" target=\"_blank\">facebook<\/a>\u00a0(30%)<\/li>\n<li>Giuria di giornalisti (30%)<\/li>\n<li>Minor spesa realizzativa (10%)<\/li>\n<\/ol>\n<div class=\"fusion-fullwidth fullwidth-box fusion-builder-row-1 hundred-percent-fullwidth non-hundred-percent-height-scrolling\" style=\"--awb-border-radius-top-left:0px;--awb-border-radius-top-right:0px;--awb-border-radius-bottom-right:0px;--awb-border-radius-bottom-left:0px;--awb-overflow:visible;--awb-flex-wrap:wrap;\" ><div class=\"fusion-builder-row fusion-row\"><div class=\"fusion-layout-column fusion_builder_column fusion-builder-column-0 fusion_builder_column_1_1 1_1 fusion-one-full fusion-column-first fusion-column-last fusion-column-no-min-height\" style=\"--awb-bg-size:cover;--awb-margin-bottom:0px;\"><div class=\"fusion-column-wrapper fusion-flex-column-wrapper-legacy\"><div class=\"accordian fusion-accordian\" style=\"--awb-border-size:1px;--awb-icon-size:13px;--awb-content-font-size:15px;--awb-icon-alignment:left;--awb-hover-color:#f9f9f9;--awb-border-color:#cccccc;--awb-background-color:#ffffff;--awb-divider-color:#e0dede;--awb-divider-hover-color:#e0dede;--awb-icon-color:#ffffff;--awb-title-color:#009035;--awb-content-color:#383838;--awb-icon-box-color:#333333;--awb-toggle-hover-accent-color:#009035;--awb-title-font-family:&quot;Playfair Display&quot;;--awb-title-font-weight:400;--awb-title-font-style:normal;--awb-title-font-size:13px;--awb-content-font-family:&quot;Lora&quot;;--awb-content-font-style:normal;--awb-content-font-weight:400;\"><div class=\"panel-group fusion-toggle-icon-boxed\" id=\"accordion-1636-1\"><div class=\"fusion-panel panel-default panel-ec40909d1c57b3c75 fusion-toggle-has-divider\"><div class=\"panel-heading\"><h4 class=\"panel-title toggle\" id=\"toggle_ec40909d1c57b3c75\"><a aria-expanded=\"false\" aria-controls=\"ec40909d1c57b3c75\" role=\"button\" data-toggle=\"collapse\" data-parent=\"#accordion-1636-1\" data-target=\"#ec40909d1c57b3c75\" href=\"#ec40909d1c57b3c75\"><span class=\"fusion-toggle-icon-wrapper\" aria-hidden=\"true\"><i class=\"fa-fusion-box active-icon awb-icon-minus\" aria-hidden=\"true\"><\/i><i class=\"fa-fusion-box inactive-icon awb-icon-plus\" aria-hidden=\"true\"><\/i><\/span><span class=\"fusion-toggle-heading\">Criteri 1, 2, 3<\/span><\/a><\/h4><\/div><div id=\"ec40909d1c57b3c75\" class=\"panel-collapse collapse \" aria-labelledby=\"toggle_ec40909d1c57b3c75\"><div class=\"panel-body toggle-content fusion-clearfix\">1\u00b0 posto = 15 punti, 2\u00b0 posto = 12 punti, 3\u00b0 posto = 9 punti, 4\u00b0 posto = 6 punti, 5\u00b0 posto = 3 punti, 6\u00b0 e 7\u00b0 posto = 0 punti<\/div><\/div><\/div><div class=\"fusion-panel panel-default panel-5779abcfa312afed9 fusion-toggle-has-divider\"><div class=\"panel-heading\"><h4 class=\"panel-title toggle\" id=\"toggle_5779abcfa312afed9\"><a aria-expanded=\"false\" aria-controls=\"5779abcfa312afed9\" role=\"button\" data-toggle=\"collapse\" data-parent=\"#accordion-1636-1\" data-target=\"#5779abcfa312afed9\" href=\"#5779abcfa312afed9\"><span class=\"fusion-toggle-icon-wrapper\" aria-hidden=\"true\"><i class=\"fa-fusion-box active-icon awb-icon-minus\" aria-hidden=\"true\"><\/i><i class=\"fa-fusion-box inactive-icon awb-icon-plus\" aria-hidden=\"true\"><\/i><\/span><span class=\"fusion-toggle-heading\">Criterio 4<\/span><\/a><\/h4><\/div><div id=\"5779abcfa312afed9\" class=\"panel-collapse collapse \" aria-labelledby=\"toggle_5779abcfa312afed9\"><div class=\"panel-body toggle-content fusion-clearfix\">1\u00b0 posto = 5 punti, 2\u00b0 posto = 4 punti, 3\u00b0 posto = 3 punti, 4\u00b0 posto = 2 punti, 5\u00b0 posto = 1 punti, 6\u00b0 e 7\u00b0 posto = 0 punti<\/div><\/div><\/div><\/div><\/div>\nOgni video ricever\u00e0 un punteggio in base alla classificazione in ogni categoria, la somma di tali punteggi creer\u00e0 la graduatoria finale.<br \/>\nLa graduatoria comprensiva di ogni punteggio per categoria verr\u00e0 pubblicata sul nostro sito.<\/p>\n<h2>Ricompensa per\u00a0i vincitori della sfida<\/h2>\n<p>I video che si classificheranno dal primo al quinto posto riceveranno un rimborso spese spendibile all&#8217;interno di Officinalia presso i nostri espositori.<\/p>\n<ol>\n<li>Al primo classificato un rimborso spese in buoni acquisto di 1000 euro.<\/li>\n<li>Al secondo\u00a0classificato un rimborso spese in buoni acquisto di 400 euro.<\/li>\n<li>Al terzo, quarto e quinto classificato un rimborso spese in buoni acquisto di 200 euro ciascuno.<\/li>\n<\/ol>\n<div class=\"fusion-clearfix\"><\/div><\/div><\/div><\/div><\/div>\n","protected":false},"excerpt":{"rendered":"<p>\u201cGAS si gira!!\u201d \u00e8 un\u2019iniziativa nata dalla passione e dalle affinit\u00e0 elettive che Officinalia ha in comune con la filosofia e le idee di sostenibilit\u00e0 e condivisione che caratterizzano le organizzazioni come i Gruppi d&#8217;Acquisto Solidale. Il fine \u00e8 quello di \u00a0sensibilizzare e incrementare nelle persone la conoscenza di queste realt\u00e0. Il tema di questa  [&#8230;]<\/p>\n","protected":false},"author":1,"featured_media":0,"parent":1683,"menu_order":0,"comment_status":"closed","ping_status":"open","template":"","meta":{"footnotes":""},"class_list":["post-1636","page","type-page","status-publish","hentry"],"yoast_head":"<!-- This site is optimized with the Yoast SEO plugin v26.8 - https:\/\/yoast.com\/product\/yoast-seo-wordpress\/ -->\n<title>Regolamento e modalit\u00e0 di partecipazione | Officinalia<\/title>\n<meta name=\"description\" content=\"Il regolamento della prima video sfida di Officinalia, scopri come partecipare a GAS si gira!!\" \/>\n<meta name=\"robots\" content=\"index, follow, max-snippet:-1, max-image-preview:large, max-video-preview:-1\" \/>\n<link rel=\"canonical\" href=\"https:\/\/www.belgioioso.it\/officinalia\/2015-archivio\/gas-si-gira\/regolamento-partecipazione\/\" \/>\n<meta name=\"twitter:card\" content=\"summary_large_image\" \/>\n<meta name=\"twitter:title\" content=\"Regolamento e modalit\u00e0 di partecipazione | Officinalia\" \/>\n<meta name=\"twitter:description\" content=\"Il regolamento della prima video sfida di Officinalia, scopri come partecipare a GAS si gira!!\" \/>\n<meta name=\"twitter:image\" content=\"http:\/\/www.belgioioso.it\/officinalia\/files\/2015\/01\/GAS1.jpg\" \/>\n<meta name=\"twitter:label1\" content=\"Tempo di lettura stimato\" \/>\n\t<meta name=\"twitter:data1\" content=\"3 minuti\" \/>\n<script type=\"application\/ld+json\" class=\"yoast-schema-graph\">{\"@context\":\"https:\/\/schema.org\",\"@graph\":[{\"@type\":\"WebPage\",\"@id\":\"https:\/\/www.belgioioso.it\/officinalia\/2015-archivio\/gas-si-gira\/regolamento-partecipazione\/\",\"url\":\"https:\/\/www.belgioioso.it\/officinalia\/2015-archivio\/gas-si-gira\/regolamento-partecipazione\/\",\"name\":\"Regolamento e modalit\u00e0 di partecipazione | Officinalia\",\"isPartOf\":{\"@id\":\"https:\/\/www.belgioioso.it\/officinalia\/#website\"},\"primaryImageOfPage\":{\"@id\":\"https:\/\/www.belgioioso.it\/officinalia\/2015-archivio\/gas-si-gira\/regolamento-partecipazione\/#primaryimage\"},\"image\":{\"@id\":\"https:\/\/www.belgioioso.it\/officinalia\/2015-archivio\/gas-si-gira\/regolamento-partecipazione\/#primaryimage\"},\"thumbnailUrl\":\"http:\/\/www.belgioioso.it\/officinalia\/files\/2015\/01\/GAS1.jpg\",\"datePublished\":\"2015-01-29T22:28:58+00:00\",\"dateModified\":\"2016-11-30T09:29:29+00:00\",\"description\":\"Il regolamento della prima video sfida di Officinalia, scopri come partecipare a GAS si gira!!\",\"breadcrumb\":{\"@id\":\"https:\/\/www.belgioioso.it\/officinalia\/2015-archivio\/gas-si-gira\/regolamento-partecipazione\/#breadcrumb\"},\"inLanguage\":\"it-IT\",\"potentialAction\":[{\"@type\":\"ReadAction\",\"target\":[\"https:\/\/www.belgioioso.it\/officinalia\/2015-archivio\/gas-si-gira\/regolamento-partecipazione\/\"]}]},{\"@type\":\"ImageObject\",\"inLanguage\":\"it-IT\",\"@id\":\"https:\/\/www.belgioioso.it\/officinalia\/2015-archivio\/gas-si-gira\/regolamento-partecipazione\/#primaryimage\",\"url\":\"http:\/\/www.belgioioso.it\/officinalia\/files\/2015\/01\/GAS1.jpg\",\"contentUrl\":\"http:\/\/www.belgioioso.it\/officinalia\/files\/2015\/01\/GAS1.jpg\"},{\"@type\":\"BreadcrumbList\",\"@id\":\"https:\/\/www.belgioioso.it\/officinalia\/2015-archivio\/gas-si-gira\/regolamento-partecipazione\/#breadcrumb\",\"itemListElement\":[{\"@type\":\"ListItem\",\"position\":1,\"name\":\"Home\",\"item\":\"https:\/\/www.belgioioso.it\/officinalia\/\"},{\"@type\":\"ListItem\",\"position\":2,\"name\":\"2015 Archivio attivit\u00e0\",\"item\":\"https:\/\/www.belgioioso.it\/officinalia\/2015-archivio\/\"},{\"@type\":\"ListItem\",\"position\":3,\"name\":\"G.A.S. si gira!!\",\"item\":\"https:\/\/www.belgioioso.it\/officinalia\/2015-archivio\/gas-si-gira\/\"},{\"@type\":\"ListItem\",\"position\":4,\"name\":\"Regolamento e modalit\u00e0 di partecipazione\"}]},{\"@type\":\"WebSite\",\"@id\":\"https:\/\/www.belgioioso.it\/officinalia\/#website\",\"url\":\"https:\/\/www.belgioioso.it\/officinalia\/\",\"name\":\"Officinalia\",\"description\":\"Mostra dell&#039;alimentazione biologica e dell&#039;ecologia domestica\",\"potentialAction\":[{\"@type\":\"SearchAction\",\"target\":{\"@type\":\"EntryPoint\",\"urlTemplate\":\"https:\/\/www.belgioioso.it\/officinalia\/?s={search_term_string}\"},\"query-input\":{\"@type\":\"PropertyValueSpecification\",\"valueRequired\":true,\"valueName\":\"search_term_string\"}}],\"inLanguage\":\"it-IT\"}]}<\/script>\n<!-- \/ Yoast SEO plugin. -->","yoast_head_json":{"title":"Regolamento e modalit\u00e0 di partecipazione | Officinalia","description":"Il regolamento della prima video sfida di Officinalia, scopri come partecipare a GAS si gira!!","robots":{"index":"index","follow":"follow","max-snippet":"max-snippet:-1","max-image-preview":"max-image-preview:large","max-video-preview":"max-video-preview:-1"},"canonical":"https:\/\/www.belgioioso.it\/officinalia\/2015-archivio\/gas-si-gira\/regolamento-partecipazione\/","twitter_card":"summary_large_image","twitter_title":"Regolamento e modalit\u00e0 di partecipazione | Officinalia","twitter_description":"Il regolamento della prima video sfida di Officinalia, scopri come partecipare a GAS si gira!!","twitter_image":"http:\/\/www.belgioioso.it\/officinalia\/files\/2015\/01\/GAS1.jpg","twitter_misc":{"Tempo di lettura stimato":"3 minuti"},"schema":{"@context":"https:\/\/schema.org","@graph":[{"@type":"WebPage","@id":"https:\/\/www.belgioioso.it\/officinalia\/2015-archivio\/gas-si-gira\/regolamento-partecipazione\/","url":"https:\/\/www.belgioioso.it\/officinalia\/2015-archivio\/gas-si-gira\/regolamento-partecipazione\/","name":"Regolamento e modalit\u00e0 di partecipazione | Officinalia","isPartOf":{"@id":"https:\/\/www.belgioioso.it\/officinalia\/#website"},"primaryImageOfPage":{"@id":"https:\/\/www.belgioioso.it\/officinalia\/2015-archivio\/gas-si-gira\/regolamento-partecipazione\/#primaryimage"},"image":{"@id":"https:\/\/www.belgioioso.it\/officinalia\/2015-archivio\/gas-si-gira\/regolamento-partecipazione\/#primaryimage"},"thumbnailUrl":"http:\/\/www.belgioioso.it\/officinalia\/files\/2015\/01\/GAS1.jpg","datePublished":"2015-01-29T22:28:58+00:00","dateModified":"2016-11-30T09:29:29+00:00","description":"Il regolamento della prima video sfida di Officinalia, scopri come partecipare a GAS si gira!!","breadcrumb":{"@id":"https:\/\/www.belgioioso.it\/officinalia\/2015-archivio\/gas-si-gira\/regolamento-partecipazione\/#breadcrumb"},"inLanguage":"it-IT","potentialAction":[{"@type":"ReadAction","target":["https:\/\/www.belgioioso.it\/officinalia\/2015-archivio\/gas-si-gira\/regolamento-partecipazione\/"]}]},{"@type":"ImageObject","inLanguage":"it-IT","@id":"https:\/\/www.belgioioso.it\/officinalia\/2015-archivio\/gas-si-gira\/regolamento-partecipazione\/#primaryimage","url":"http:\/\/www.belgioioso.it\/officinalia\/files\/2015\/01\/GAS1.jpg","contentUrl":"http:\/\/www.belgioioso.it\/officinalia\/files\/2015\/01\/GAS1.jpg"},{"@type":"BreadcrumbList","@id":"https:\/\/www.belgioioso.it\/officinalia\/2015-archivio\/gas-si-gira\/regolamento-partecipazione\/#breadcrumb","itemListElement":[{"@type":"ListItem","position":1,"name":"Home","item":"https:\/\/www.belgioioso.it\/officinalia\/"},{"@type":"ListItem","position":2,"name":"2015 Archivio attivit\u00e0","item":"https:\/\/www.belgioioso.it\/officinalia\/2015-archivio\/"},{"@type":"ListItem","position":3,"name":"G.A.S. si gira!!","item":"https:\/\/www.belgioioso.it\/officinalia\/2015-archivio\/gas-si-gira\/"},{"@type":"ListItem","position":4,"name":"Regolamento e modalit\u00e0 di partecipazione"}]},{"@type":"WebSite","@id":"https:\/\/www.belgioioso.it\/officinalia\/#website","url":"https:\/\/www.belgioioso.it\/officinalia\/","name":"Officinalia","description":"Mostra dell&#039;alimentazione biologica e dell&#039;ecologia domestica","potentialAction":[{"@type":"SearchAction","target":{"@type":"EntryPoint","urlTemplate":"https:\/\/www.belgioioso.it\/officinalia\/?s={search_term_string}"},"query-input":{"@type":"PropertyValueSpecification","valueRequired":true,"valueName":"search_term_string"}}],"inLanguage":"it-IT"}]}},"_links":{"self":[{"href":"https:\/\/www.belgioioso.it\/officinalia\/wp-json\/wp\/v2\/pages\/1636","targetHints":{"allow":["GET"]}}],"collection":[{"href":"https:\/\/www.belgioioso.it\/officinalia\/wp-json\/wp\/v2\/pages"}],"about":[{"href":"https:\/\/www.belgioioso.it\/officinalia\/wp-json\/wp\/v2\/types\/page"}],"author":[{"embeddable":true,"href":"https:\/\/www.belgioioso.it\/officinalia\/wp-json\/wp\/v2\/users\/1"}],"replies":[{"embeddable":true,"href":"https:\/\/www.belgioioso.it\/officinalia\/wp-json\/wp\/v2\/comments?post=1636"}],"version-history":[{"count":26,"href":"https:\/\/www.belgioioso.it\/officinalia\/wp-json\/wp\/v2\/pages\/1636\/revisions"}],"predecessor-version":[{"id":2434,"href":"https:\/\/www.belgioioso.it\/officinalia\/wp-json\/wp\/v2\/pages\/1636\/revisions\/2434"}],"up":[{"embeddable":true,"href":"https:\/\/www.belgioioso.it\/officinalia\/wp-json\/wp\/v2\/pages\/1683"}],"wp:attachment":[{"href":"https:\/\/www.belgioioso.it\/officinalia\/wp-json\/wp\/v2\/media?parent=1636"}],"curies":[{"name":"wp","href":"https:\/\/api.w.org\/{rel}","templated":true}]}}