{"id":202,"date":"2012-05-21T09:53:45","date_gmt":"2012-05-21T08:53:45","guid":{"rendered":"http:\/\/www.belgioioso.it\/armonia\/?page_id=202"},"modified":"2025-09-04T09:46:33","modified_gmt":"2025-09-04T08:46:33","slug":"incontrodisciplineinterne","status":"publish","type":"page","link":"https:\/\/www.belgioioso.it\/armonia\/incontrodisciplineinterne\/","title":{"rendered":"Incontro delle discipline interne"},"content":{"rendered":"<div class=\"fusion-fullwidth fullwidth-box fusion-builder-row-1 hundred-percent-fullwidth non-hundred-percent-height-scrolling\" style=\"--awb-border-radius-top-left:0px;--awb-border-radius-top-right:0px;--awb-border-radius-bottom-right:0px;--awb-border-radius-bottom-left:0px;--awb-overflow:visible;--awb-flex-wrap:wrap;\" ><div class=\"fusion-builder-row fusion-row\"><div class=\"fusion-layout-column fusion_builder_column fusion-builder-column-0 fusion_builder_column_1_1 1_1 fusion-one-full fusion-column-first fusion-column-last fusion-column-no-min-height\" style=\"--awb-bg-blend:overlay;--awb-bg-size:cover;--awb-margin-bottom:0px;\"><div class=\"fusion-column-wrapper fusion-flex-column-wrapper-legacy\"><div class=\"fusion-title title fusion-title-1 fusion-sep-none fusion-title-text fusion-title-size-two\" style=\"--awb-sep-color:#ffffff;\"><h2 class=\"fusion-title-heading title-heading-left\" style=\"margin:0;\">9\u00b0 ITCCA CAMP<\/h2><\/div><div class=\"fusion-image-element fusion-image-align-center in-legacy-container\" style=\"text-align:center;--awb-caption-title-font-family:var(--h2_typography-font-family);--awb-caption-title-font-weight:var(--h2_typography-font-weight);--awb-caption-title-font-style:var(--h2_typography-font-style);--awb-caption-title-size:var(--h2_typography-font-size);--awb-caption-title-transform:var(--h2_typography-text-transform);--awb-caption-title-line-height:var(--h2_typography-line-height);--awb-caption-title-letter-spacing:var(--h2_typography-letter-spacing);\"><div class=\"imageframe-align-center\"><span class=\" fusion-imageframe imageframe-none imageframe-1 hover-type-none\"><img decoding=\"async\" width=\"684\" height=\"455\" alt=\"incontro-discipline-interne\" title=\"Armonia_Belgioioso_2013_08\" src=\"https:\/\/www.belgioioso.it\/armonia\/files\/2014\/11\/Armonia_Belgioioso_2013_08.jpg\" class=\"img-responsive wp-image-1265\" srcset=\"https:\/\/www.belgioioso.it\/armonia\/files\/2014\/11\/Armonia_Belgioioso_2013_08-300x199.jpg 300w, https:\/\/www.belgioioso.it\/armonia\/files\/2014\/11\/Armonia_Belgioioso_2013_08.jpg 684w\" sizes=\"(max-width: 684px) 100vw, 684px\" \/><\/span><\/div><\/div><div class=\"fusion-sep-clear\"><\/div><div class=\"fusion-separator fusion-full-width-sep\" style=\"margin-left: auto;margin-right: auto;margin-top:10px;margin-bottom:10px;width:100%;\"><\/div><div class=\"fusion-sep-clear\"><\/div><div class=\"fusion-text fusion-text-1\"><p>La stagione del Tai Chi ricomincia con il 9\u00b0 Camp Itcca, il 13-14 Settembre al Castello di Belgioioso a Pavia.<\/p>\n<p>L&#8217;incantevole parco accoglier\u00e0 i primi movimenti energetici dell&#8217;anno scolastico 2025-2026.<\/p>\n<p>La pratica del Tai chi e del Qi Gong e della Meditazione ci permetter\u00e0 di accedere ad un mondo di energia, al di l\u00e0 del consueto tran tran, colmo delle mille preoccupazioni con cui questa societ\u00e0 ci irretisce, e ci ricorda che l\u00ec fuori o ancora meglio, dentro di noi, esiste qualcos&#8217;altro.<\/p>\n<\/div><div class=\"fusion-sep-clear\"><\/div><div class=\"fusion-separator fusion-full-width-sep\" style=\"margin-left: auto;margin-right: auto;margin-top:10px;margin-bottom:10px;width:100%;\"><\/div><div class=\"fusion-sep-clear\"><\/div><div class=\"fusion-tabs fusion-tabs-1 classic nav-is-justified horizontal-tabs icon-position-left mobile-mode-accordion\" style=\"--awb-title-border-radius-top-left:0px;--awb-title-border-radius-top-right:0px;--awb-title-border-radius-bottom-right:0px;--awb-title-border-radius-bottom-left:0px;--awb-alignment:start;--awb-inactive-color:#ebeaea;--awb-background-color:#ffffff;--awb-border-color:#ebeaea;--awb-active-border-color:#00553e;\"><div class=\"nav\"><ul class=\"nav-tabs nav-justified\" role=\"tablist\"><li class=\"active\" role=\"presentation\"><a class=\"tab-link\" data-toggle=\"tab\" role=\"tab\" aria-controls=\"tab-f533f06c50bc76ed19a\" aria-selected=\"true\" id=\"fusion-tab-sabato13settembre\" href=\"#tab-f533f06c50bc76ed19a\"><h4 class=\"fusion-tab-heading\">Sabato 13 Settembre<\/h4><\/a><\/li><li role=\"presentation\"><a class=\"tab-link\" data-toggle=\"tab\" role=\"tab\" aria-controls=\"tab-caa6898a356598405fa\" aria-selected=\"false\" tabindex=\"-1\" id=\"fusion-tab-domenica14settembre\" href=\"#tab-caa6898a356598405fa\"><h4 class=\"fusion-tab-heading\">Domenica 14 Settembre<\/h4><\/a><\/li><\/ul><\/div><div class=\"tab-content\"><div class=\"nav fusion-mobile-tab-nav\"><ul class=\"nav-tabs nav-justified\" role=\"tablist\"><li class=\"active\" role=\"presentation\"><a class=\"tab-link\" data-toggle=\"tab\" role=\"tab\" aria-controls=\"tab-f533f06c50bc76ed19a\" aria-selected=\"true\" id=\"mobile-fusion-tab-sabato13settembre\" href=\"#tab-f533f06c50bc76ed19a\"><h4 class=\"fusion-tab-heading\">Sabato 13 Settembre<\/h4><\/a><\/li><\/ul><\/div><div class=\"tab-pane fade fusion-clearfix in active\" role=\"tabpanel\" tabindex=\"0\" aria-labelledby=\"fusion-tab-sabato13settembre\" id=\"tab-f533f06c50bc76ed19a\">\n<div dir=\"auto\"><span class=\"x3nfvp2 x1j61x8r x1fcty0u xdj266r xhhsvwb xat24cr xgzva0m xxymvpz xlup9mm x1kky2od\"><img decoding=\"async\" src=\"https:\/\/static.xx.fbcdn.net\/images\/emoji.php\/v9\/t1f\/2\/16\/27a1.png\" alt=\"&#x27a1;&#xfe0f;\" width=\"16\" height=\"16\" \/><\/span> <strong>10.00<\/strong> Forma della Famiglia Yang<\/div>\n<div dir=\"auto\"><span class=\"x3nfvp2 x1j61x8r x1fcty0u xdj266r xhhsvwb xat24cr xgzva0m xxymvpz xlup9mm x1kky2od\"><img decoding=\"async\" src=\"https:\/\/static.xx.fbcdn.net\/images\/emoji.php\/v9\/t1f\/2\/16\/27a1.png\" alt=\"&#x27a1;&#xfe0f;\" width=\"16\" height=\"16\" \/><\/span> <strong>10.45<\/strong> Meditazione<\/div>\n<div dir=\"auto\"><span class=\"x3nfvp2 x1j61x8r x1fcty0u xdj266r xhhsvwb xat24cr xgzva0m xxymvpz xlup9mm x1kky2od\"><img decoding=\"async\" src=\"https:\/\/static.xx.fbcdn.net\/images\/emoji.php\/v9\/t1f\/2\/16\/27a1.png\" alt=\"&#x27a1;&#xfe0f;\" width=\"16\" height=\"16\" \/><\/span> <strong>11.45<\/strong>\u00a0Stage di avvicinamento ed approfondimento<br \/>\n<span class=\"x3nfvp2 x1j61x8r x1fcty0u xdj266r xhhsvwb xat24cr xgzva0m xxymvpz xlup9mm x1kky2od\"><img decoding=\"async\" src=\"https:\/\/static.xx.fbcdn.net\/images\/emoji.php\/v9\/t1f\/2\/16\/27a1.png\" alt=\"&#x27a1;&#xfe0f;\" width=\"16\" height=\"16\" \/><\/span> <strong>12.30<\/strong> Dimostrazioni con musica<br \/>\n<span class=\"x3nfvp2 x1j61x8r x1fcty0u xdj266r xhhsvwb xat24cr xgzva0m xxymvpz xlup9mm x1kky2od\"><img decoding=\"async\" src=\"https:\/\/static.xx.fbcdn.net\/images\/emoji.php\/v9\/t1f\/2\/16\/27a1.png\" alt=\"&#x27a1;&#xfe0f;\" width=\"16\" height=\"16\" \/><\/span> <strong>13.00<\/strong> Pausa<\/div>\n<div dir=\"auto\"><span class=\"x3nfvp2 x1j61x8r x1fcty0u xdj266r xhhsvwb xat24cr xgzva0m xxymvpz xlup9mm x1kky2od\"><img decoding=\"async\" src=\"https:\/\/static.xx.fbcdn.net\/images\/emoji.php\/v9\/t1f\/2\/16\/27a1.png\" alt=\"&#x27a1;&#xfe0f;\" width=\"16\" height=\"16\" \/><\/span> <strong>15.00<\/strong> Yi Gong-Qi Gong:\u00a0pratichiamo assieme<\/div>\n<div dir=\"auto\"><span class=\"x3nfvp2 x1j61x8r x1fcty0u xdj266r xhhsvwb xat24cr xgzva0m xxymvpz xlup9mm x1kky2od\"><img decoding=\"async\" src=\"https:\/\/static.xx.fbcdn.net\/images\/emoji.php\/v9\/t1f\/2\/16\/27a1.png\" alt=\"&#x27a1;&#xfe0f;\" width=\"16\" height=\"16\" \/><\/span> <strong>15.45<\/strong> Stage di Tui Shou \u2013\u00a0<strong>Mantenere la Pace nell\u2019apparente conflitto<\/strong><br \/>\n<span class=\"x3nfvp2 x1j61x8r x1fcty0u xdj266r xhhsvwb xat24cr xgzva0m xxymvpz xlup9mm x1kky2od\"><img decoding=\"async\" src=\"https:\/\/static.xx.fbcdn.net\/images\/emoji.php\/v9\/t1f\/2\/16\/27a1.png\" alt=\"&#x27a1;&#xfe0f;\" width=\"16\" height=\"16\" \/><\/span> <strong>17.00<\/strong> Dimostrazioni con musica e Forma conclusiva<\/div>\n<div dir=\"auto\"><span class=\"x3nfvp2 x1j61x8r x1fcty0u xdj266r xhhsvwb xat24cr xgzva0m xxymvpz xlup9mm x1kky2od\"><img decoding=\"async\" src=\"https:\/\/static.xx.fbcdn.net\/images\/emoji.php\/v9\/t1f\/2\/16\/27a1.png\" alt=\"&#x27a1;&#xfe0f;\" width=\"16\" height=\"16\" \/><\/span> <strong>17.00<\/strong>\u00a0Tai Chi Panda per bambini (4\/7 anni)<\/div>\n<\/div><div class=\"nav fusion-mobile-tab-nav\"><ul class=\"nav-tabs nav-justified\" role=\"tablist\"><li role=\"presentation\"><a class=\"tab-link\" data-toggle=\"tab\" role=\"tab\" aria-controls=\"tab-caa6898a356598405fa\" aria-selected=\"false\" tabindex=\"-1\" id=\"mobile-fusion-tab-domenica14settembre\" href=\"#tab-caa6898a356598405fa\"><h4 class=\"fusion-tab-heading\">Domenica 14 Settembre<\/h4><\/a><\/li><\/ul><\/div><div class=\"tab-pane fade fusion-clearfix\" role=\"tabpanel\" tabindex=\"0\" aria-labelledby=\"fusion-tab-domenica14settembre\" id=\"tab-caa6898a356598405fa\">\n<div dir=\"auto\">\n<div dir=\"auto\"><span class=\"x3nfvp2 x1j61x8r x1fcty0u xdj266r xhhsvwb xat24cr xgzva0m xxymvpz xlup9mm x1kky2od\"><img decoding=\"async\" src=\"https:\/\/static.xx.fbcdn.net\/images\/emoji.php\/v9\/t1f\/2\/16\/27a1.png\" alt=\"&#x27a1;&#xfe0f;\" width=\"16\" height=\"16\" \/><\/span> <strong>10.00<\/strong> Forma della Famiglia Yang<\/div>\n<div dir=\"auto\"><span class=\"x3nfvp2 x1j61x8r x1fcty0u xdj266r xhhsvwb xat24cr xgzva0m xxymvpz xlup9mm x1kky2od\"><img decoding=\"async\" src=\"https:\/\/static.xx.fbcdn.net\/images\/emoji.php\/v9\/t1f\/2\/16\/27a1.png\" alt=\"&#x27a1;&#xfe0f;\" width=\"16\" height=\"16\" \/><\/span> <strong>10.45<\/strong> Meditazione o Automassaggi Taoisti*<\/div>\n<div dir=\"auto\"><span class=\"x3nfvp2 x1j61x8r x1fcty0u xdj266r xhhsvwb xat24cr xgzva0m xxymvpz xlup9mm x1kky2od\"><img decoding=\"async\" src=\"https:\/\/static.xx.fbcdn.net\/images\/emoji.php\/v9\/t1f\/2\/16\/27a1.png\" alt=\"&#x27a1;&#xfe0f;\" width=\"16\" height=\"16\" \/><\/span> <strong>11.45<\/strong>\u00a0Stage di avvicinamento ed approfondimento<br \/>\n<span class=\"x3nfvp2 x1j61x8r x1fcty0u xdj266r xhhsvwb xat24cr xgzva0m xxymvpz xlup9mm x1kky2od\"><img decoding=\"async\" src=\"https:\/\/static.xx.fbcdn.net\/images\/emoji.php\/v9\/t1f\/2\/16\/27a1.png\" alt=\"&#x27a1;&#xfe0f;\" width=\"16\" height=\"16\" \/><\/span> <strong>12.30<\/strong> Dimostrazioni con musica<br \/>\n<span class=\"x3nfvp2 x1j61x8r x1fcty0u xdj266r xhhsvwb xat24cr xgzva0m xxymvpz xlup9mm x1kky2od\"><img decoding=\"async\" src=\"https:\/\/static.xx.fbcdn.net\/images\/emoji.php\/v9\/t1f\/2\/16\/27a1.png\" alt=\"&#x27a1;&#xfe0f;\" width=\"16\" height=\"16\" \/><\/span> <strong>13.00<\/strong> Pausa<\/div>\n<div dir=\"auto\"><span class=\"x3nfvp2 x1j61x8r x1fcty0u xdj266r xhhsvwb xat24cr xgzva0m xxymvpz xlup9mm x1kky2od\"><img decoding=\"async\" src=\"https:\/\/static.xx.fbcdn.net\/images\/emoji.php\/v9\/t1f\/2\/16\/27a1.png\" alt=\"&#x27a1;&#xfe0f;\" width=\"16\" height=\"16\" \/><\/span> <strong>15.00<\/strong> Yi Gong-Qi Gong:\u00a0pratichiamo assieme<\/div>\n<div dir=\"auto\"><span class=\"x3nfvp2 x1j61x8r x1fcty0u xdj266r xhhsvwb xat24cr xgzva0m xxymvpz xlup9mm x1kky2od\"><img decoding=\"async\" src=\"https:\/\/static.xx.fbcdn.net\/images\/emoji.php\/v9\/t1f\/2\/16\/27a1.png\" alt=\"&#x27a1;&#xfe0f;\" width=\"16\" height=\"16\" \/><\/span> <strong>15.45<\/strong> Stage di Tui Shou \u2013\u00a0<strong>Mantenere la Pace nell\u2019apparente conflitto<\/strong><br \/>\n<span class=\"x3nfvp2 x1j61x8r x1fcty0u xdj266r xhhsvwb xat24cr xgzva0m xxymvpz xlup9mm x1kky2od\"><img decoding=\"async\" src=\"https:\/\/static.xx.fbcdn.net\/images\/emoji.php\/v9\/t1f\/2\/16\/27a1.png\" alt=\"&#x27a1;&#xfe0f;\" width=\"16\" height=\"16\" \/><\/span> <strong>17.00<\/strong> Dimostrazioni con musica e Forma conclusiva<\/div>\n<div dir=\"auto\"><span class=\"x3nfvp2 x1j61x8r x1fcty0u xdj266r xhhsvwb xat24cr xgzva0m xxymvpz xlup9mm x1kky2od\"><img decoding=\"async\" src=\"https:\/\/static.xx.fbcdn.net\/images\/emoji.php\/v9\/t1f\/2\/16\/27a1.png\" alt=\"&#x27a1;&#xfe0f;\" width=\"16\" height=\"16\" \/><\/span> <strong>17.00<\/strong>\u00a0Tai Chi Panda per bambini (4\/7 anni)<\/div>\n<\/div>\n<div dir=\"auto\">* Si consiglia di portare una stuoia o un piccolo sgabello, etc per la meditazione<\/div>\n<\/div><\/div><\/div><div class=\"fusion-clearfix\"><\/div><\/div><\/div><div class=\"fusion-layout-column fusion_builder_column fusion-builder-column-1 fusion_builder_column_1_1 1_1 fusion-one-full fusion-column-first fusion-column-last fusion-column-no-min-height\" style=\"--awb-bg-blend:overlay;--awb-bg-size:cover;--awb-margin-bottom:0px;\"><div class=\"fusion-column-wrapper fusion-flex-column-wrapper-legacy\"><div class=\"fusion-title title fusion-title-2 fusion-sep-none fusion-title-text fusion-title-size-three\" style=\"--awb-sep-color:#ffffff;\"><h3 class=\"fusion-title-heading title-heading-left\" style=\"margin:0;\">Tai Chi Panda<\/h3><\/div><div class=\"fusion-text fusion-text-2\"><p>Incontro propedeutico al Tai Chi, adattato all\u2019et\u00e0 dei bambini e al loro ritmo.<\/p>\n<p>La pratica \u00e8 divertente e originale! Sviluppa flessibilit\u00e0, lateralit\u00e0, respirazione, tonicit\u00e0, equilibrio, concentrazione, autostima, la relazione giocosa con l\u2019altro.<\/p>\n<h4>Partecipazione gratuita &#8211; Prenotazione obbligatoria<\/h4>\n<p>Chiamare il 349 1880 149 per la <strong>prenotazione obbligatoria.<\/strong><\/p>\n<\/div><div class=\"awb-gallery-wrapper awb-gallery-wrapper-1 button-span-no\" style=\"--more-btn-alignment:center;\"><div style=\"margin:-2px;--awb-bordersize:1px;--awb-bordercolor:var(--awb-color7);\" class=\"fusion-gallery fusion-gallery-container fusion-grid-2 fusion-columns-total-4 fusion-gallery-layout-grid fusion-gallery-1\"><div style=\"padding:2.5px;\" class=\"fusion-grid-column fusion-gallery-column fusion-gallery-column-2 hover-type-none\"><div class=\"fusion-gallery-image\"><a href=\"https:\/\/www.belgioioso.it\/armonia\/files\/2025\/09\/1.png\" rel=\"noreferrer\" data-rel=\"iLightbox[gallery_image_1]\" class=\"fusion-lightbox\" target=\"_self\"><img decoding=\"async\" src=\"https:\/\/www.belgioioso.it\/armonia\/files\/2025\/09\/1.png\" width=\"940\" height=\"788\" alt=\"\" title=\"1\" aria-label=\"1\" class=\"img-responsive wp-image-2713\" srcset=\"https:\/\/www.belgioioso.it\/armonia\/files\/2025\/09\/1-200x168.png 200w, https:\/\/www.belgioioso.it\/armonia\/files\/2025\/09\/1-400x335.png 400w, https:\/\/www.belgioioso.it\/armonia\/files\/2025\/09\/1-600x503.png 600w, https:\/\/www.belgioioso.it\/armonia\/files\/2025\/09\/1-800x671.png 800w, https:\/\/www.belgioioso.it\/armonia\/files\/2025\/09\/1.png 940w\" sizes=\"(min-width: 2200px) 100vw, (min-width: 732px) 549px, (min-width: 640px) 732px, \" \/><\/a><\/div><\/div><div style=\"padding:2.5px;\" class=\"fusion-grid-column fusion-gallery-column fusion-gallery-column-2 hover-type-none\"><div class=\"fusion-gallery-image\"><a href=\"https:\/\/www.belgioioso.it\/armonia\/files\/2025\/09\/2.png\" rel=\"noreferrer\" data-rel=\"iLightbox[gallery_image_1]\" class=\"fusion-lightbox\" target=\"_self\"><img decoding=\"async\" src=\"https:\/\/www.belgioioso.it\/armonia\/files\/2025\/09\/2.png\" width=\"940\" height=\"788\" alt=\"\" title=\"2\" aria-label=\"2\" class=\"img-responsive wp-image-2714\" srcset=\"https:\/\/www.belgioioso.it\/armonia\/files\/2025\/09\/2-200x168.png 200w, https:\/\/www.belgioioso.it\/armonia\/files\/2025\/09\/2-400x335.png 400w, https:\/\/www.belgioioso.it\/armonia\/files\/2025\/09\/2-600x503.png 600w, https:\/\/www.belgioioso.it\/armonia\/files\/2025\/09\/2-800x671.png 800w, https:\/\/www.belgioioso.it\/armonia\/files\/2025\/09\/2.png 940w\" sizes=\"(min-width: 2200px) 100vw, (min-width: 732px) 549px, (min-width: 640px) 732px, \" \/><\/a><\/div><\/div><div class=\"clearfix\"><\/div><div style=\"padding:2.5px;\" class=\"fusion-grid-column fusion-gallery-column fusion-gallery-column-2 hover-type-none\"><div class=\"fusion-gallery-image\"><a href=\"https:\/\/www.belgioioso.it\/armonia\/files\/2025\/09\/3.png\" rel=\"noreferrer\" data-rel=\"iLightbox[gallery_image_1]\" class=\"fusion-lightbox\" target=\"_self\"><img decoding=\"async\" src=\"https:\/\/www.belgioioso.it\/armonia\/files\/2025\/09\/3.png\" width=\"940\" height=\"788\" alt=\"\" title=\"3\" aria-label=\"3\" class=\"img-responsive wp-image-2715\" srcset=\"https:\/\/www.belgioioso.it\/armonia\/files\/2025\/09\/3-200x168.png 200w, https:\/\/www.belgioioso.it\/armonia\/files\/2025\/09\/3-400x335.png 400w, https:\/\/www.belgioioso.it\/armonia\/files\/2025\/09\/3-600x503.png 600w, https:\/\/www.belgioioso.it\/armonia\/files\/2025\/09\/3-800x671.png 800w, https:\/\/www.belgioioso.it\/armonia\/files\/2025\/09\/3.png 940w\" sizes=\"(min-width: 2200px) 100vw, (min-width: 732px) 549px, (min-width: 640px) 732px, \" \/><\/a><\/div><\/div><div style=\"padding:2.5px;\" class=\"fusion-grid-column fusion-gallery-column fusion-gallery-column-2 hover-type-none\"><div class=\"fusion-gallery-image\"><a href=\"https:\/\/www.belgioioso.it\/armonia\/files\/2025\/09\/4.png\" rel=\"noreferrer\" data-rel=\"iLightbox[gallery_image_1]\" class=\"fusion-lightbox\" target=\"_self\"><img decoding=\"async\" src=\"https:\/\/www.belgioioso.it\/armonia\/files\/2025\/09\/4.png\" width=\"940\" height=\"788\" alt=\"\" title=\"4\" aria-label=\"4\" class=\"img-responsive wp-image-2716\" srcset=\"https:\/\/www.belgioioso.it\/armonia\/files\/2025\/09\/4-200x168.png 200w, https:\/\/www.belgioioso.it\/armonia\/files\/2025\/09\/4-400x335.png 400w, https:\/\/www.belgioioso.it\/armonia\/files\/2025\/09\/4-600x503.png 600w, https:\/\/www.belgioioso.it\/armonia\/files\/2025\/09\/4-800x671.png 800w, https:\/\/www.belgioioso.it\/armonia\/files\/2025\/09\/4.png 940w\" sizes=\"(min-width: 2200px) 100vw, (min-width: 732px) 549px, (min-width: 640px) 732px, \" \/><\/a><\/div><\/div><div class=\"clearfix\"><\/div><\/div><\/div><div class=\"fusion-clearfix\"><\/div><\/div><\/div><\/div><\/div>\n","protected":false},"excerpt":{"rendered":"","protected":false},"author":1,"featured_media":0,"parent":0,"menu_order":0,"comment_status":"closed","ping_status":"closed","template":"","meta":{"footnotes":""},"class_list":["post-202","page","type-page","status-publish","hentry"],"yoast_head":"<!-- This site is optimized with the Yoast SEO plugin v26.8 - https:\/\/yoast.com\/product\/yoast-seo-wordpress\/ -->\n<title>Incontro delle discipline interne &#8226; Armonia<\/title>\n<meta name=\"robots\" content=\"index, follow, max-snippet:-1, max-image-preview:large, max-video-preview:-1\" \/>\n<link rel=\"canonical\" href=\"https:\/\/www.belgioioso.it\/armonia\/incontrodisciplineinterne\/\" \/>\n<meta property=\"og:locale\" content=\"it_IT\" \/>\n<meta property=\"og:type\" content=\"article\" \/>\n<meta property=\"og:title\" content=\"Incontro delle discipline interne &#8226; Armonia\" \/>\n<meta property=\"og:url\" content=\"https:\/\/www.belgioioso.it\/armonia\/incontrodisciplineinterne\/\" \/>\n<meta property=\"og:site_name\" content=\"Armonia\" \/>\n<meta property=\"article:modified_time\" content=\"2025-09-04T08:46:33+00:00\" \/>\n<meta property=\"og:image\" content=\"https:\/\/www.belgioioso.it\/armonia\/files\/2014\/11\/Armonia_Belgioioso_2013_08.jpg\" \/>\n\t<meta property=\"og:image:width\" content=\"684\" \/>\n\t<meta property=\"og:image:height\" content=\"455\" \/>\n\t<meta property=\"og:image:type\" content=\"image\/jpeg\" \/>\n<meta name=\"twitter:label1\" content=\"Tempo di lettura stimato\" \/>\n\t<meta name=\"twitter:data1\" content=\"6 minuti\" \/>\n<script type=\"application\/ld+json\" class=\"yoast-schema-graph\">{\"@context\":\"https:\/\/schema.org\",\"@graph\":[{\"@type\":\"WebPage\",\"@id\":\"https:\/\/www.belgioioso.it\/armonia\/incontrodisciplineinterne\/\",\"url\":\"https:\/\/www.belgioioso.it\/armonia\/incontrodisciplineinterne\/\",\"name\":\"Incontro delle discipline interne &#8226; Armonia\",\"isPartOf\":{\"@id\":\"https:\/\/www.belgioioso.it\/armonia\/#website\"},\"primaryImageOfPage\":{\"@id\":\"https:\/\/www.belgioioso.it\/armonia\/incontrodisciplineinterne\/#primaryimage\"},\"image\":{\"@id\":\"https:\/\/www.belgioioso.it\/armonia\/incontrodisciplineinterne\/#primaryimage\"},\"thumbnailUrl\":\"https:\/\/www.belgioioso.it\/armonia\/files\/2014\/11\/Armonia_Belgioioso_2013_08.jpg\",\"datePublished\":\"2012-05-21T08:53:45+00:00\",\"dateModified\":\"2025-09-04T08:46:33+00:00\",\"breadcrumb\":{\"@id\":\"https:\/\/www.belgioioso.it\/armonia\/incontrodisciplineinterne\/#breadcrumb\"},\"inLanguage\":\"it-IT\",\"potentialAction\":[{\"@type\":\"ReadAction\",\"target\":[\"https:\/\/www.belgioioso.it\/armonia\/incontrodisciplineinterne\/\"]}]},{\"@type\":\"ImageObject\",\"inLanguage\":\"it-IT\",\"@id\":\"https:\/\/www.belgioioso.it\/armonia\/incontrodisciplineinterne\/#primaryimage\",\"url\":\"https:\/\/www.belgioioso.it\/armonia\/files\/2014\/11\/Armonia_Belgioioso_2013_08.jpg\",\"contentUrl\":\"https:\/\/www.belgioioso.it\/armonia\/files\/2014\/11\/Armonia_Belgioioso_2013_08.jpg\",\"width\":684,\"height\":455},{\"@type\":\"BreadcrumbList\",\"@id\":\"https:\/\/www.belgioioso.it\/armonia\/incontrodisciplineinterne\/#breadcrumb\",\"itemListElement\":[{\"@type\":\"ListItem\",\"position\":1,\"name\":\"Home\",\"item\":\"https:\/\/www.belgioioso.it\/armonia\/\"},{\"@type\":\"ListItem\",\"position\":2,\"name\":\"Incontro delle discipline interne\"}]},{\"@type\":\"WebSite\",\"@id\":\"https:\/\/www.belgioioso.it\/armonia\/#website\",\"url\":\"https:\/\/www.belgioioso.it\/armonia\/\",\"name\":\"Armonia\",\"description\":\"Festival di proposte per il benessere\",\"potentialAction\":[{\"@type\":\"SearchAction\",\"target\":{\"@type\":\"EntryPoint\",\"urlTemplate\":\"https:\/\/www.belgioioso.it\/armonia\/?s={search_term_string}\"},\"query-input\":{\"@type\":\"PropertyValueSpecification\",\"valueRequired\":true,\"valueName\":\"search_term_string\"}}],\"inLanguage\":\"it-IT\"}]}<\/script>\n<!-- \/ Yoast SEO plugin. -->","yoast_head_json":{"title":"Incontro delle discipline interne &#8226; Armonia","robots":{"index":"index","follow":"follow","max-snippet":"max-snippet:-1","max-image-preview":"max-image-preview:large","max-video-preview":"max-video-preview:-1"},"canonical":"https:\/\/www.belgioioso.it\/armonia\/incontrodisciplineinterne\/","og_locale":"it_IT","og_type":"article","og_title":"Incontro delle discipline interne &#8226; Armonia","og_url":"https:\/\/www.belgioioso.it\/armonia\/incontrodisciplineinterne\/","og_site_name":"Armonia","article_modified_time":"2025-09-04T08:46:33+00:00","og_image":[{"width":684,"height":455,"url":"https:\/\/www.belgioioso.it\/armonia\/files\/2014\/11\/Armonia_Belgioioso_2013_08.jpg","type":"image\/jpeg"}],"twitter_misc":{"Tempo di lettura stimato":"6 minuti"},"schema":{"@context":"https:\/\/schema.org","@graph":[{"@type":"WebPage","@id":"https:\/\/www.belgioioso.it\/armonia\/incontrodisciplineinterne\/","url":"https:\/\/www.belgioioso.it\/armonia\/incontrodisciplineinterne\/","name":"Incontro delle discipline interne &#8226; Armonia","isPartOf":{"@id":"https:\/\/www.belgioioso.it\/armonia\/#website"},"primaryImageOfPage":{"@id":"https:\/\/www.belgioioso.it\/armonia\/incontrodisciplineinterne\/#primaryimage"},"image":{"@id":"https:\/\/www.belgioioso.it\/armonia\/incontrodisciplineinterne\/#primaryimage"},"thumbnailUrl":"https:\/\/www.belgioioso.it\/armonia\/files\/2014\/11\/Armonia_Belgioioso_2013_08.jpg","datePublished":"2012-05-21T08:53:45+00:00","dateModified":"2025-09-04T08:46:33+00:00","breadcrumb":{"@id":"https:\/\/www.belgioioso.it\/armonia\/incontrodisciplineinterne\/#breadcrumb"},"inLanguage":"it-IT","potentialAction":[{"@type":"ReadAction","target":["https:\/\/www.belgioioso.it\/armonia\/incontrodisciplineinterne\/"]}]},{"@type":"ImageObject","inLanguage":"it-IT","@id":"https:\/\/www.belgioioso.it\/armonia\/incontrodisciplineinterne\/#primaryimage","url":"https:\/\/www.belgioioso.it\/armonia\/files\/2014\/11\/Armonia_Belgioioso_2013_08.jpg","contentUrl":"https:\/\/www.belgioioso.it\/armonia\/files\/2014\/11\/Armonia_Belgioioso_2013_08.jpg","width":684,"height":455},{"@type":"BreadcrumbList","@id":"https:\/\/www.belgioioso.it\/armonia\/incontrodisciplineinterne\/#breadcrumb","itemListElement":[{"@type":"ListItem","position":1,"name":"Home","item":"https:\/\/www.belgioioso.it\/armonia\/"},{"@type":"ListItem","position":2,"name":"Incontro delle discipline interne"}]},{"@type":"WebSite","@id":"https:\/\/www.belgioioso.it\/armonia\/#website","url":"https:\/\/www.belgioioso.it\/armonia\/","name":"Armonia","description":"Festival di proposte per il benessere","potentialAction":[{"@type":"SearchAction","target":{"@type":"EntryPoint","urlTemplate":"https:\/\/www.belgioioso.it\/armonia\/?s={search_term_string}"},"query-input":{"@type":"PropertyValueSpecification","valueRequired":true,"valueName":"search_term_string"}}],"inLanguage":"it-IT"}]}},"_links":{"self":[{"href":"https:\/\/www.belgioioso.it\/armonia\/wp-json\/wp\/v2\/pages\/202","targetHints":{"allow":["GET"]}}],"collection":[{"href":"https:\/\/www.belgioioso.it\/armonia\/wp-json\/wp\/v2\/pages"}],"about":[{"href":"https:\/\/www.belgioioso.it\/armonia\/wp-json\/wp\/v2\/types\/page"}],"author":[{"embeddable":true,"href":"https:\/\/www.belgioioso.it\/armonia\/wp-json\/wp\/v2\/users\/1"}],"replies":[{"embeddable":true,"href":"https:\/\/www.belgioioso.it\/armonia\/wp-json\/wp\/v2\/comments?post=202"}],"version-history":[{"count":59,"href":"https:\/\/www.belgioioso.it\/armonia\/wp-json\/wp\/v2\/pages\/202\/revisions"}],"predecessor-version":[{"id":2717,"href":"https:\/\/www.belgioioso.it\/armonia\/wp-json\/wp\/v2\/pages\/202\/revisions\/2717"}],"wp:attachment":[{"href":"https:\/\/www.belgioioso.it\/armonia\/wp-json\/wp\/v2\/media?parent=202"}],"curies":[{"name":"wp","href":"https:\/\/api.w.org\/{rel}","templated":true}]}}