{"id":1174,"date":"2014-11-20T21:27:35","date_gmt":"2014-11-20T20:27:35","guid":{"rendered":"http:\/\/www.belgioioso.it\/armonia\/?page_id=1174"},"modified":"2016-11-30T10:30:37","modified_gmt":"2016-11-30T09:30:37","slug":"fotogallery","status":"publish","type":"page","link":"https:\/\/www.belgioioso.it\/armonia\/fotogallery\/","title":{"rendered":"Fotogallery"},"content":{"rendered":"<p>C\u2019\u00e8 aria di pace e di serenit\u00e0 durante Armonia, nelle sale silenziose, rotte dal sordo movimento delle mani sul corpo; i dolci movimenti del Tai Chi nel parco coinvolgono ed accolgono applausi di sincera emozione, l\u2019incontro prezioso con l\u2019acqua e il Watsu dona uno straordinario piacere allo sguardo.<br \/>\nSi percepisce qualcosa di diverso e di speciale: energia, amore e passione.<\/p>\n<p>Armonia \u00e8 una scoperta che si deve fare a piccoli passi, \u00e8 un piacere che si assapora piano piano, \u00e8 un\u2019occasione per conoscere persone eccezionali che sanno dare molto e ancora di pi\u00f9.<\/p>\n<p>Cliccate sulle foto dell&#8217;anno che desiderate vedere per trovare le fantastiche foto di Armonia, scattate da Andrea Lavaria.<\/p>\n<p><a href=\"http:\/\/www.belgioioso.it\/armonia\/fotogallery\/armonia2014\/\"><img decoding=\"async\" class=\"aligncenter size-full wp-image-1185\" src=\"http:\/\/www.belgioioso.it\/armonia\/files\/2014\/11\/fotogallery_armonia_2014.jpg\" alt=\"fotogallery_armonia_2014\" width=\"455\" height=\"303\" srcset=\"https:\/\/www.belgioioso.it\/armonia\/files\/2014\/11\/fotogallery_armonia_2014-300x199.jpg 300w, https:\/\/www.belgioioso.it\/armonia\/files\/2014\/11\/fotogallery_armonia_2014.jpg 455w\" sizes=\"(max-width: 455px) 100vw, 455px\" \/><\/a><\/p>\n<p><a href=\"http:\/\/www.belgioioso.it\/armonia\/fotogallery\/armonia2013\/\"><img decoding=\"async\" class=\"aligncenter size-full wp-image-1184\" src=\"http:\/\/www.belgioioso.it\/armonia\/files\/2014\/11\/fotogallery_armonia_2013.jpg\" alt=\"fotogallery_armonia_2013\" width=\"455\" height=\"303\" srcset=\"https:\/\/www.belgioioso.it\/armonia\/files\/2014\/11\/fotogallery_armonia_2013-300x199.jpg 300w, https:\/\/www.belgioioso.it\/armonia\/files\/2014\/11\/fotogallery_armonia_2013.jpg 455w\" sizes=\"(max-width: 455px) 100vw, 455px\" \/><\/a><\/p>\n<p><a href=\"http:\/\/www.belgioioso.it\/armonia\/fotogallery\/armonia2012\/\"><img decoding=\"async\" class=\"aligncenter size-full wp-image-1183\" src=\"http:\/\/www.belgioioso.it\/armonia\/files\/2014\/11\/fotogallery_armonia_2012.jpg\" alt=\"fotogallery_armonia_2012\" width=\"455\" height=\"303\" srcset=\"https:\/\/www.belgioioso.it\/armonia\/files\/2014\/11\/fotogallery_armonia_2012-300x199.jpg 300w, https:\/\/www.belgioioso.it\/armonia\/files\/2014\/11\/fotogallery_armonia_2012.jpg 455w\" sizes=\"(max-width: 455px) 100vw, 455px\" \/><\/a><\/p>\n","protected":false},"excerpt":{"rendered":"<p>C\u2019\u00e8 aria di pace e di serenit\u00e0 durante Armonia, nelle sale silenziose, rotte dal sordo movimento delle mani sul corpo; i dolci movimenti del Tai Chi nel parco coinvolgono ed accolgono applausi di sincera emozione, l\u2019incontro prezioso con l\u2019acqua e il Watsu dona uno straordinario piacere allo sguardo. Si percepisce qualcosa di diverso e di  [&#8230;]<\/p>\n","protected":false},"author":1,"featured_media":0,"parent":0,"menu_order":0,"comment_status":"closed","ping_status":"open","template":"","meta":{"footnotes":""},"class_list":["post-1174","page","type-page","status-publish","hentry"],"yoast_head":"<!-- This site is optimized with the Yoast SEO plugin v26.8 - https:\/\/yoast.com\/product\/yoast-seo-wordpress\/ -->\n<title>Fotogallery &#8226; Armonia<\/title>\n<meta name=\"robots\" content=\"index, follow, max-snippet:-1, max-image-preview:large, max-video-preview:-1\" \/>\n<link rel=\"canonical\" href=\"https:\/\/www.belgioioso.it\/armonia\/fotogallery\/\" \/>\n<meta property=\"og:locale\" content=\"it_IT\" \/>\n<meta property=\"og:type\" content=\"article\" \/>\n<meta property=\"og:title\" content=\"Fotogallery &#8226; Armonia\" \/>\n<meta property=\"og:description\" content=\"C\u2019\u00e8 aria di pace e di serenit\u00e0 durante Armonia, nelle sale silenziose, rotte dal sordo movimento delle mani sul corpo; i dolci movimenti del Tai Chi nel parco coinvolgono ed accolgono applausi di sincera emozione, l\u2019incontro prezioso con l\u2019acqua e il Watsu dona uno straordinario piacere allo sguardo. Si percepisce qualcosa di diverso e di [...]\" \/>\n<meta property=\"og:url\" content=\"https:\/\/www.belgioioso.it\/armonia\/fotogallery\/\" \/>\n<meta property=\"og:site_name\" content=\"Armonia\" \/>\n<meta property=\"article:modified_time\" content=\"2016-11-30T09:30:37+00:00\" \/>\n<meta property=\"og:image\" content=\"http:\/\/www.belgioioso.it\/armonia\/files\/2014\/11\/fotogallery_armonia_2014.jpg\" \/>\n<meta name=\"twitter:label1\" content=\"Tempo di lettura stimato\" \/>\n\t<meta name=\"twitter:data1\" content=\"1 minuto\" \/>\n<script type=\"application\/ld+json\" class=\"yoast-schema-graph\">{\"@context\":\"https:\/\/schema.org\",\"@graph\":[{\"@type\":\"WebPage\",\"@id\":\"https:\/\/www.belgioioso.it\/armonia\/fotogallery\/\",\"url\":\"https:\/\/www.belgioioso.it\/armonia\/fotogallery\/\",\"name\":\"Fotogallery &#8226; Armonia\",\"isPartOf\":{\"@id\":\"https:\/\/www.belgioioso.it\/armonia\/#website\"},\"primaryImageOfPage\":{\"@id\":\"https:\/\/www.belgioioso.it\/armonia\/fotogallery\/#primaryimage\"},\"image\":{\"@id\":\"https:\/\/www.belgioioso.it\/armonia\/fotogallery\/#primaryimage\"},\"thumbnailUrl\":\"http:\/\/www.belgioioso.it\/armonia\/files\/2014\/11\/fotogallery_armonia_2014.jpg\",\"datePublished\":\"2014-11-20T20:27:35+00:00\",\"dateModified\":\"2016-11-30T09:30:37+00:00\",\"breadcrumb\":{\"@id\":\"https:\/\/www.belgioioso.it\/armonia\/fotogallery\/#breadcrumb\"},\"inLanguage\":\"it-IT\",\"potentialAction\":[{\"@type\":\"ReadAction\",\"target\":[\"https:\/\/www.belgioioso.it\/armonia\/fotogallery\/\"]}]},{\"@type\":\"ImageObject\",\"inLanguage\":\"it-IT\",\"@id\":\"https:\/\/www.belgioioso.it\/armonia\/fotogallery\/#primaryimage\",\"url\":\"http:\/\/www.belgioioso.it\/armonia\/files\/2014\/11\/fotogallery_armonia_2014.jpg\",\"contentUrl\":\"http:\/\/www.belgioioso.it\/armonia\/files\/2014\/11\/fotogallery_armonia_2014.jpg\"},{\"@type\":\"BreadcrumbList\",\"@id\":\"https:\/\/www.belgioioso.it\/armonia\/fotogallery\/#breadcrumb\",\"itemListElement\":[{\"@type\":\"ListItem\",\"position\":1,\"name\":\"Home\",\"item\":\"https:\/\/www.belgioioso.it\/armonia\/\"},{\"@type\":\"ListItem\",\"position\":2,\"name\":\"Fotogallery\"}]},{\"@type\":\"WebSite\",\"@id\":\"https:\/\/www.belgioioso.it\/armonia\/#website\",\"url\":\"https:\/\/www.belgioioso.it\/armonia\/\",\"name\":\"Armonia\",\"description\":\"Festival di proposte per il benessere\",\"potentialAction\":[{\"@type\":\"SearchAction\",\"target\":{\"@type\":\"EntryPoint\",\"urlTemplate\":\"https:\/\/www.belgioioso.it\/armonia\/?s={search_term_string}\"},\"query-input\":{\"@type\":\"PropertyValueSpecification\",\"valueRequired\":true,\"valueName\":\"search_term_string\"}}],\"inLanguage\":\"it-IT\"}]}<\/script>\n<!-- \/ Yoast SEO plugin. -->","yoast_head_json":{"title":"Fotogallery &#8226; Armonia","robots":{"index":"index","follow":"follow","max-snippet":"max-snippet:-1","max-image-preview":"max-image-preview:large","max-video-preview":"max-video-preview:-1"},"canonical":"https:\/\/www.belgioioso.it\/armonia\/fotogallery\/","og_locale":"it_IT","og_type":"article","og_title":"Fotogallery &#8226; Armonia","og_description":"C\u2019\u00e8 aria di pace e di serenit\u00e0 durante Armonia, nelle sale silenziose, rotte dal sordo movimento delle mani sul corpo; i dolci movimenti del Tai Chi nel parco coinvolgono ed accolgono applausi di sincera emozione, l\u2019incontro prezioso con l\u2019acqua e il Watsu dona uno straordinario piacere allo sguardo. Si percepisce qualcosa di diverso e di [...]","og_url":"https:\/\/www.belgioioso.it\/armonia\/fotogallery\/","og_site_name":"Armonia","article_modified_time":"2016-11-30T09:30:37+00:00","og_image":[{"url":"http:\/\/www.belgioioso.it\/armonia\/files\/2014\/11\/fotogallery_armonia_2014.jpg","type":"","width":"","height":""}],"twitter_misc":{"Tempo di lettura stimato":"1 minuto"},"schema":{"@context":"https:\/\/schema.org","@graph":[{"@type":"WebPage","@id":"https:\/\/www.belgioioso.it\/armonia\/fotogallery\/","url":"https:\/\/www.belgioioso.it\/armonia\/fotogallery\/","name":"Fotogallery &#8226; Armonia","isPartOf":{"@id":"https:\/\/www.belgioioso.it\/armonia\/#website"},"primaryImageOfPage":{"@id":"https:\/\/www.belgioioso.it\/armonia\/fotogallery\/#primaryimage"},"image":{"@id":"https:\/\/www.belgioioso.it\/armonia\/fotogallery\/#primaryimage"},"thumbnailUrl":"http:\/\/www.belgioioso.it\/armonia\/files\/2014\/11\/fotogallery_armonia_2014.jpg","datePublished":"2014-11-20T20:27:35+00:00","dateModified":"2016-11-30T09:30:37+00:00","breadcrumb":{"@id":"https:\/\/www.belgioioso.it\/armonia\/fotogallery\/#breadcrumb"},"inLanguage":"it-IT","potentialAction":[{"@type":"ReadAction","target":["https:\/\/www.belgioioso.it\/armonia\/fotogallery\/"]}]},{"@type":"ImageObject","inLanguage":"it-IT","@id":"https:\/\/www.belgioioso.it\/armonia\/fotogallery\/#primaryimage","url":"http:\/\/www.belgioioso.it\/armonia\/files\/2014\/11\/fotogallery_armonia_2014.jpg","contentUrl":"http:\/\/www.belgioioso.it\/armonia\/files\/2014\/11\/fotogallery_armonia_2014.jpg"},{"@type":"BreadcrumbList","@id":"https:\/\/www.belgioioso.it\/armonia\/fotogallery\/#breadcrumb","itemListElement":[{"@type":"ListItem","position":1,"name":"Home","item":"https:\/\/www.belgioioso.it\/armonia\/"},{"@type":"ListItem","position":2,"name":"Fotogallery"}]},{"@type":"WebSite","@id":"https:\/\/www.belgioioso.it\/armonia\/#website","url":"https:\/\/www.belgioioso.it\/armonia\/","name":"Armonia","description":"Festival di proposte per il benessere","potentialAction":[{"@type":"SearchAction","target":{"@type":"EntryPoint","urlTemplate":"https:\/\/www.belgioioso.it\/armonia\/?s={search_term_string}"},"query-input":{"@type":"PropertyValueSpecification","valueRequired":true,"valueName":"search_term_string"}}],"inLanguage":"it-IT"}]}},"_links":{"self":[{"href":"https:\/\/www.belgioioso.it\/armonia\/wp-json\/wp\/v2\/pages\/1174","targetHints":{"allow":["GET"]}}],"collection":[{"href":"https:\/\/www.belgioioso.it\/armonia\/wp-json\/wp\/v2\/pages"}],"about":[{"href":"https:\/\/www.belgioioso.it\/armonia\/wp-json\/wp\/v2\/types\/page"}],"author":[{"embeddable":true,"href":"https:\/\/www.belgioioso.it\/armonia\/wp-json\/wp\/v2\/users\/1"}],"replies":[{"embeddable":true,"href":"https:\/\/www.belgioioso.it\/armonia\/wp-json\/wp\/v2\/comments?post=1174"}],"version-history":[{"count":6,"href":"https:\/\/www.belgioioso.it\/armonia\/wp-json\/wp\/v2\/pages\/1174\/revisions"}],"predecessor-version":[{"id":1318,"href":"https:\/\/www.belgioioso.it\/armonia\/wp-json\/wp\/v2\/pages\/1174\/revisions\/1318"}],"wp:attachment":[{"href":"https:\/\/www.belgioioso.it\/armonia\/wp-json\/wp\/v2\/media?parent=1174"}],"curies":[{"name":"wp","href":"https:\/\/api.w.org\/{rel}","templated":true}]}}